{"id":995,"date":"2023-09-18T10:54:22","date_gmt":"2023-09-18T10:54:22","guid":{"rendered":"https:\/\/valvery.fi\/?post_type=product&#038;p=995"},"modified":"2024-11-14T21:13:13","modified_gmt":"2024-11-14T21:13:13","slug":"seksuaalikasvattajan-luento-120min","status":"publish","type":"product","link":"https:\/\/valvery.fi\/index.php\/tuote\/seksuaalikasvattajan-luento-120min\/","title":{"rendered":"Seksuaalikasvatuksen koulutus 120min"},"content":{"rendered":"<p>120 minuutin seksuaalikasvatuksen koulutus valitsemastasi aiheesta.<\/p>\n<p>Jos haluat tilata koulutuksen joltakin tietylt\u00e4 kouluttajalta, mainitse t\u00e4m\u00e4 tilauksen yhteydess\u00e4!<\/p>\n<p>&nbsp;<\/p>\n","protected":false},"excerpt":{"rendered":"<p>120 minuutin seksuaalikasvatuksen koulutus valitsemastasi aiheesta. Jos haluat tilata koulutuksen joltakin tietylt\u00e4 kouluttajalta, mainitse t\u00e4m\u00e4 tilauksen yhteydess\u00e4! &nbsp;<\/p>\n","protected":false},"featured_media":0,"comment_status":"open","ping_status":"closed","template":"","meta":[],"product_brand":[],"product_cat":[24],"product_tag":[],"class_list":{"0":"post-995","1":"product","2":"type-product","3":"status-publish","5":"product_cat-yleinen","7":"first","8":"instock","9":"shipping-taxable","10":"purchasable","11":"product-type-simple"},"jetpack_sharing_enabled":true,"_links":{"self":[{"href":"https:\/\/valvery.fi\/index.php\/wp-json\/wp\/v2\/product\/995","targetHints":{"allow":["GET"]}}],"collection":[{"href":"https:\/\/valvery.fi\/index.php\/wp-json\/wp\/v2\/product"}],"about":[{"href":"https:\/\/valvery.fi\/index.php\/wp-json\/wp\/v2\/types\/product"}],"replies":[{"embeddable":true,"href":"https:\/\/valvery.fi\/index.php\/wp-json\/wp\/v2\/comments?post=995"}],"wp:attachment":[{"href":"https:\/\/valvery.fi\/index.php\/wp-json\/wp\/v2\/media?parent=995"}],"wp:term":[{"taxonomy":"product_brand","embeddable":true,"href":"https:\/\/valvery.fi\/index.php\/wp-json\/wp\/v2\/product_brand?post=995"},{"taxonomy":"product_cat","embeddable":true,"href":"https:\/\/valvery.fi\/index.php\/wp-json\/wp\/v2\/product_cat?post=995"},{"taxonomy":"product_tag","embeddable":true,"href":"https:\/\/valvery.fi\/index.php\/wp-json\/wp\/v2\/product_tag?post=995"}],"curies":[{"name":"wp","href":"https:\/\/api.w.org\/{rel}","templated":true}]}}