{"id":75,"date":"2022-10-12T18:45:53","date_gmt":"2022-10-12T18:45:53","guid":{"rendered":"https:\/\/valvery.fi\/?page_id=75"},"modified":"2026-02-13T14:32:01","modified_gmt":"2026-02-13T14:32:01","slug":"yhteystiedot","status":"publish","type":"page","link":"https:\/\/valvery.fi\/index.php\/yhteystiedot\/","title":{"rendered":"Ota yhteytt\u00e4"},"content":{"rendered":"\n<p><\/p>\n\n\n\n<div class=\"wp-block-columns is-layout-flex wp-container-core-columns-is-layout-28f84493 wp-block-columns-is-layout-flex\">\n<div class=\"wp-block-column is-layout-flow wp-block-column-is-layout-flow\" style=\"flex-basis:65%\">\n<p class=\"has-text-align-left\">Voit olla meihin yhteydess\u00e4 alla olevan yhteydenottolomakkeen kautta tai s\u00e4hk\u00f6postitse:<\/p>\n\n\n\n<p class=\"has-text-align-left\"><strong>Yleinen j\u00e4rjest\u00f6toiminnan k\u00e4yt\u00e4nn\u00f6n koordinointi ja kyselyt, j\u00e4senmaksuasiat: <\/strong><a href=\"mailto:riikka.pontinen@valvery.fi\">riikka.pontinen@valvery.fi<\/a><\/p>\n\n\n\n<p><strong>Talous- ja laskutusasiat:<\/strong> <a href=\"mailto:jannika.lahti@valvery.fi\">jannika.lahti@valvery.fi<\/a><\/p>\n\n\n\n<p><strong>Sponsorointi ja kaupalliset yhteisty\u00f6t, j\u00e4senedut: <\/strong><a href=\"mailto:miia.koponen@valvery.fi\">miia.koponen@valvery.fi<\/a><\/p>\n\n\n\n<p><strong>Koulutuskyselyt: <\/strong><a href=\"mailto:anniina.alakarppa@valvery.fi\">anniina.alakarppa@valvery.fi<\/a><\/p>\n\n\n\n<p class=\"has-text-align-left\"><strong>Viestinn\u00e4lliset asiat:<\/strong> <a href=\"mailto:viestinta@valvery.fi\">viestinta@valvery.fi<\/a><\/p>\n\n\n\n<p class=\"has-text-align-left\"><strong>H\u00e4irint\u00e4yhdyshenkil\u00f6in\u00e4 <\/strong>toimivat Henriika Salonen ja Piia Hynynen. Tavoitat heid\u00e4t <a href=\"https:\/\/valvery.fi\/index.php\/hairintayhteydenotto\/\">h\u00e4irint\u00e4yhteydenottolomakkeen<\/a> kautta ja my\u00f6s ottamalla henkil\u00f6kohtaisesti yhteytt\u00e4. S\u00e4hk\u00f6postit ovat muodossa <a href=\"mailto:etunimi.sukunimi@valvery.fi\">etunimi.sukunimi@valvery.fi<\/a>.<\/p>\n\n\n\n<p class=\"has-text-align-left\">Hallituksen j\u00e4senten s\u00e4hk\u00f6postiosoitteet ja esittelyt l\u00f6yd\u00e4t <a href=\"https:\/\/valvery.fi\/index.php\/yhteystiedot\/hallitus2026\/\" data-type=\"link\" data-id=\"https:\/\/valvery.fi\/index.php\/yhteystiedot\/hallitus2026\/\">t\u00e4\u00e4lt\u00e4<\/a> ja muiden toimihenkil\u00f6iden esittelyt <a href=\"https:\/\/valvery.fi\/index.php\/muut-yhteystiedot\/\" data-type=\"page\" data-id=\"2955\">t\u00e4\u00e4lt\u00e4<\/a>. <\/p>\n<\/div>\n\n\n\n<div class=\"wp-block-column is-layout-flow wp-block-column-is-layout-flow\" style=\"flex-basis:20px\"><\/div>\n\n\n\n<div class=\"wp-block-column has-background is-layout-flow wp-block-column-is-layout-flow\" style=\"background:linear-gradient(146deg,rgb(244,243,243) 0%,rgb(231,225,223) 100%)\">\n<div style=\"height:25px\" aria-hidden=\"true\" class=\"wp-block-spacer\"><\/div>\n\n\n\n<p class=\"has-text-align-center has-text-color has-link-color has-medium-font-size wp-elements-1f1b036c81063a6014d903c5e33186bb\" style=\"color:#950334\"><strong>Seuraa meit\u00e4 somessa<\/strong><\/p>\n\n\n\n<ul class=\"wp-block-social-links has-visible-labels is-vertical is-content-justification-center is-layout-flex wp-container-core-social-links-is-layout-734eb2c2 wp-block-social-links-is-layout-flex\"><li class=\"wp-social-link wp-social-link-instagram  wp-block-social-link\"><a rel=\"noopener nofollow\" target=\"_blank\" href=\"https:\/\/www.instagram.com\/valve.ry\/\" class=\"wp-block-social-link-anchor\"><svg width=\"24\" height=\"24\" viewBox=\"0 0 24 24\" version=\"1.1\" xmlns=\"http:\/\/www.w3.org\/2000\/svg\" aria-hidden=\"true\" focusable=\"false\"><path d=\"M12,4.622c2.403,0,2.688,0.009,3.637,0.052c0.877,0.04,1.354,0.187,1.671,0.31c0.42,0.163,0.72,0.358,1.035,0.673 c0.315,0.315,0.51,0.615,0.673,1.035c0.123,0.317,0.27,0.794,0.31,1.671c0.043,0.949,0.052,1.234,0.052,3.637 s-0.009,2.688-0.052,3.637c-0.04,0.877-0.187,1.354-0.31,1.671c-0.163,0.42-0.358,0.72-0.673,1.035 c-0.315,0.315-0.615,0.51-1.035,0.673c-0.317,0.123-0.794,0.27-1.671,0.31c-0.949,0.043-1.233,0.052-3.637,0.052 s-2.688-0.009-3.637-0.052c-0.877-0.04-1.354-0.187-1.671-0.31c-0.42-0.163-0.72-0.358-1.035-0.673 c-0.315-0.315-0.51-0.615-0.673-1.035c-0.123-0.317-0.27-0.794-0.31-1.671C4.631,14.688,4.622,14.403,4.622,12 s0.009-2.688,0.052-3.637c0.04-0.877,0.187-1.354,0.31-1.671c0.163-0.42,0.358-0.72,0.673-1.035 c0.315-0.315,0.615-0.51,1.035-0.673c0.317-0.123,0.794-0.27,1.671-0.31C9.312,4.631,9.597,4.622,12,4.622 M12,3 C9.556,3,9.249,3.01,8.289,3.054C7.331,3.098,6.677,3.25,6.105,3.472C5.513,3.702,5.011,4.01,4.511,4.511 c-0.5,0.5-0.808,1.002-1.038,1.594C3.25,6.677,3.098,7.331,3.054,8.289C3.01,9.249,3,9.556,3,12c0,2.444,0.01,2.751,0.054,3.711 c0.044,0.958,0.196,1.612,0.418,2.185c0.23,0.592,0.538,1.094,1.038,1.594c0.5,0.5,1.002,0.808,1.594,1.038 c0.572,0.222,1.227,0.375,2.185,0.418C9.249,20.99,9.556,21,12,21s2.751-0.01,3.711-0.054c0.958-0.044,1.612-0.196,2.185-0.418 c0.592-0.23,1.094-0.538,1.594-1.038c0.5-0.5,0.808-1.002,1.038-1.594c0.222-0.572,0.375-1.227,0.418-2.185 C20.99,14.751,21,14.444,21,12s-0.01-2.751-0.054-3.711c-0.044-0.958-0.196-1.612-0.418-2.185c-0.23-0.592-0.538-1.094-1.038-1.594 c-0.5-0.5-1.002-0.808-1.594-1.038c-0.572-0.222-1.227-0.375-2.185-0.418C14.751,3.01,14.444,3,12,3L12,3z M12,7.378 c-2.552,0-4.622,2.069-4.622,4.622S9.448,16.622,12,16.622s4.622-2.069,4.622-4.622S14.552,7.378,12,7.378z M12,15 c-1.657,0-3-1.343-3-3s1.343-3,3-3s3,1.343,3,3S13.657,15,12,15z M16.804,6.116c-0.596,0-1.08,0.484-1.08,1.08 s0.484,1.08,1.08,1.08c0.596,0,1.08-0.484,1.08-1.08S17.401,6.116,16.804,6.116z\"><\/path><\/svg><span class=\"wp-block-social-link-label\">Instagram<\/span><\/a><\/li>\n\n<li class=\"wp-social-link wp-social-link-facebook  wp-block-social-link\"><a rel=\"noopener nofollow\" target=\"_blank\" href=\"https:\/\/www.facebook.com\/profile.php?id=100080100319076\" class=\"wp-block-social-link-anchor\"><svg width=\"24\" height=\"24\" viewBox=\"0 0 24 24\" version=\"1.1\" xmlns=\"http:\/\/www.w3.org\/2000\/svg\" aria-hidden=\"true\" focusable=\"false\"><path d=\"M12 2C6.5 2 2 6.5 2 12c0 5 3.7 9.1 8.4 9.9v-7H7.9V12h2.5V9.8c0-2.5 1.5-3.9 3.8-3.9 1.1 0 2.2.2 2.2.2v2.5h-1.3c-1.2 0-1.6.8-1.6 1.6V12h2.8l-.4 2.9h-2.3v7C18.3 21.1 22 17 22 12c0-5.5-4.5-10-10-10z\"><\/path><\/svg><span class=\"wp-block-social-link-label\">Facebook<\/span><\/a><\/li>\n\n<li class=\"wp-social-link wp-social-link-linkedin  wp-block-social-link\"><a rel=\"noopener nofollow\" target=\"_blank\" href=\"https:\/\/linkedin.com\/company\/valve-ry\" class=\"wp-block-social-link-anchor\"><svg width=\"24\" height=\"24\" viewBox=\"0 0 24 24\" version=\"1.1\" xmlns=\"http:\/\/www.w3.org\/2000\/svg\" aria-hidden=\"true\" focusable=\"false\"><path d=\"M19.7,3H4.3C3.582,3,3,3.582,3,4.3v15.4C3,20.418,3.582,21,4.3,21h15.4c0.718,0,1.3-0.582,1.3-1.3V4.3 C21,3.582,20.418,3,19.7,3z M8.339,18.338H5.667v-8.59h2.672V18.338z M7.004,8.574c-0.857,0-1.549-0.694-1.549-1.548 c0-0.855,0.691-1.548,1.549-1.548c0.854,0,1.547,0.694,1.547,1.548C8.551,7.881,7.858,8.574,7.004,8.574z M18.339,18.338h-2.669 v-4.177c0-0.996-0.017-2.278-1.387-2.278c-1.389,0-1.601,1.086-1.601,2.206v4.249h-2.667v-8.59h2.559v1.174h0.037 c0.356-0.675,1.227-1.387,2.526-1.387c2.703,0,3.203,1.779,3.203,4.092V18.338z\"><\/path><\/svg><span class=\"wp-block-social-link-label\">LinkedIn<\/span><\/a><\/li><\/ul>\n<\/div>\n<\/div>\n\n\n\n<div class=\"wp-block-group\"><div class=\"wp-block-group__inner-container is-layout-constrained wp-block-group-is-layout-constrained\">\n<div style=\"height:50px\" aria-hidden=\"true\" class=\"wp-block-spacer\"><\/div>\n<\/div><\/div>\n\n\n\n<div class=\"wp-block-columns is-layout-flex wp-container-core-columns-is-layout-28f84493 wp-block-columns-is-layout-flex\">\n<div class=\"wp-block-column is-layout-flow wp-block-column-is-layout-flow\">\n<div style=\"height:50px\" aria-hidden=\"true\" class=\"wp-block-spacer\"><\/div>\n<\/div>\n<\/div>\n\n\n\n<div class=\"wp-block-group\"><div class=\"wp-block-group__inner-container is-layout-constrained wp-block-group-is-layout-constrained\">\n<p class=\"has-text-align-left has-text-color has-large-font-size\" style=\"color:#950334\"><strong>Yhteydenottolomake<\/strong><\/p>\n<\/div><\/div>\n\n\n\n<div class=\"wp-block-columns is-layout-flex wp-container-core-columns-is-layout-28f84493 wp-block-columns-is-layout-flex\">\n<div class=\"wp-block-column is-layout-flow wp-block-column-is-layout-flow\"><\/div>\n<\/div>\n\n\n\n<p class=\"has-text-align-left\">Onko sinulla kysytt\u00e4v\u00e4\u00e4 tai haluatko antaa meille palautetta? <\/p>\n\n\n\n<div class=\"wp-block-group\"><div class=\"wp-block-group__inner-container is-layout-constrained wp-block-group-is-layout-constrained\">\n<div class=\"wp-block-columns is-layout-flex wp-container-core-columns-is-layout-28f84493 wp-block-columns-is-layout-flex\">\n<div class=\"wp-block-column is-layout-flow wp-block-column-is-layout-flow\"><div class=\"wpforms-container wpforms-container-full wpforms-block wpforms-block-45785dd0-c5ec-4bdb-b8a8-b67ad12fda8f\" id=\"wpforms-519\"><form id=\"wpforms-form-519\" class=\"wpforms-validate wpforms-form wpforms-ajax-form\" data-formid=\"519\" method=\"post\" enctype=\"multipart\/form-data\" action=\"\/index.php\/wp-json\/wp\/v2\/pages\/75\" data-token=\"4642f2109e846b81e6a2eeafb83e90ee\" data-token-time=\"1775254423\"><noscript class=\"wpforms-error-noscript\">Please enable JavaScript in your browser to complete this form.<\/noscript><div class=\"wpforms-field-container\"><div id=\"wpforms-519-field_6-container\" class=\"wpforms-field wpforms-field-text\" data-field-id=\"6\"><label class=\"wpforms-field-label\" for=\"wpforms-519-field_6\">Nimi <span class=\"wpforms-required-label\">*<\/span><\/label><input type=\"text\" id=\"wpforms-519-field_6\" class=\"wpforms-field-medium wpforms-field-required\" name=\"wpforms[fields][6]\" required><\/div><div id=\"wpforms-519-field_1-container\" class=\"wpforms-field wpforms-field-email\" data-field-id=\"1\"><label class=\"wpforms-field-label\" for=\"wpforms-519-field_1\">S\u00e4hk\u00f6posti <span class=\"wpforms-required-label\">*<\/span><\/label><input type=\"email\" id=\"wpforms-519-field_1\" class=\"wpforms-field-medium wpforms-field-required\" name=\"wpforms[fields][1]\" spellcheck=\"false\" required><\/div><div id=\"wpforms-519-field_7-container\" class=\"wpforms-field wpforms-field-text\" data-field-id=\"7\"><label class=\"wpforms-field-label\" for=\"wpforms-519-field_7\">Aihe <span class=\"wpforms-required-label\">*<\/span><\/label><input type=\"text\" id=\"wpforms-519-field_7\" class=\"wpforms-field-medium wpforms-field-required\" name=\"wpforms[fields][7]\" required><\/div><div id=\"wpforms-519-field_8-container\" class=\"wpforms-field wpforms-field-radio\" data-field-id=\"8\"><ul id=\"wpforms-519-field_8\"><li class=\"choice-1 depth-1\"><input type=\"radio\" id=\"wpforms-519-field_8_1\" name=\"wpforms[fields][8]\" value=\"H\u00e4irint\u00e4yhteydenotto\"  ><label class=\"wpforms-field-label-inline\" for=\"wpforms-519-field_8_1\">H\u00e4irint\u00e4yhteydenotto<\/label><\/li><\/ul><\/div><div id=\"wpforms-519-field_2-container\" class=\"wpforms-field wpforms-field-textarea\" data-field-id=\"2\"><label class=\"wpforms-field-label\" for=\"wpforms-519-field_2\">Viestisi <span class=\"wpforms-required-label\">*<\/span><\/label><textarea id=\"wpforms-519-field_2\" class=\"wpforms-field-medium wpforms-field-required\" name=\"wpforms[fields][2]\" required><\/textarea><\/div><div id=\"wpforms-519-field_5-container\" class=\"wpforms-field wpforms-field-select wpforms-field-select-style-classic\" data-field-id=\"5\"><label class=\"wpforms-field-label wpforms-label-hide\" for=\"wpforms-519-field_5\">Vastaus <span class=\"wpforms-required-label\">*<\/span><\/label><select id=\"wpforms-519-field_5\" class=\"wpforms-field-medium wpforms-field-required\" name=\"wpforms[fields][5]\" required=\"required\"><option value=\"Haluan vastauksen viestiini!\"  class=\"choice-1 depth-1\"  >Haluan vastauksen viestiini!<\/option><option value=\"En tarvitse vastausta.\"  class=\"choice-2 depth-1\"  >En tarvitse vastausta.<\/option><\/select><\/div><\/div><!-- .wpforms-field-container --><div class=\"wpforms-submit-container\" ><input type=\"hidden\" name=\"wpforms[id]\" value=\"519\"><input type=\"hidden\" name=\"page_title\" value=\"\"><input type=\"hidden\" name=\"page_url\" value=\"https:\/\/valvery.fi\/index.php\/wp-json\/wp\/v2\/pages\/75\"><input type=\"hidden\" name=\"url_referer\" value=\"\"><button type=\"submit\" name=\"wpforms[submit]\" id=\"wpforms-submit-519\" class=\"wpforms-submit\" data-alt-text=\"Sending...\" data-submit-text=\"L\u00e4het\u00e4\" aria-live=\"assertive\" value=\"wpforms-submit\">L\u00e4het\u00e4<\/button><img loading=\"lazy\" decoding=\"async\" src=\"https:\/\/valvery.fi\/wp-content\/plugins\/wpforms-lite\/assets\/images\/submit-spin.svg\" class=\"wpforms-submit-spinner\" style=\"display: none;\" width=\"26\" height=\"26\" alt=\"Loading\"><\/div><\/form><\/div>  <!-- .wpforms-container --><\/div>\n<\/div>\n<\/div><\/div>\n","protected":false},"excerpt":{"rendered":"<p>Voit olla meihin yhteydess\u00e4 alla olevan yhteydenottolomakkeen kautta tai s\u00e4hk\u00f6postitse: Yleinen j\u00e4rjest\u00f6toiminnan k\u00e4yt\u00e4nn\u00f6n koordinointi ja kyselyt, j\u00e4senmaksuasiat: riikka.pontinen@valvery.fi Talous- ja laskutusasiat: jannika.lahti@valvery.fi Sponsorointi ja kaupalliset yhteisty\u00f6t, j\u00e4senedut: miia.koponen@valvery.fi Koulutuskyselyt: anniina.alakarppa@valvery.fi Viestinn\u00e4lliset asiat: viestinta@valvery.fi H\u00e4irint\u00e4yhdyshenkil\u00f6in\u00e4 toimivat Henriika Salonen ja Piia Hynynen. Tavoitat heid\u00e4t h\u00e4irint\u00e4yhteydenottolomakkeen kautta ja my\u00f6s ottamalla henkil\u00f6kohtaisesti yhteytt\u00e4. S\u00e4hk\u00f6postit ovat muodossa etunimi.sukunimi@valvery.fi. Hallituksen j\u00e4senten s\u00e4hk\u00f6postiosoitteet ja esittelyt l\u00f6yd\u00e4t t\u00e4\u00e4lt\u00e4 ja muiden toimihenkil\u00f6iden esittelyt t\u00e4\u00e4lt\u00e4. Seuraa meit\u00e4 somessa Yhteydenottolomake Onko sinulla kysytt\u00e4v\u00e4\u00e4 tai haluatko antaa meille palautetta?<\/p>\n","protected":false},"author":1,"featured_media":0,"parent":0,"menu_order":0,"comment_status":"closed","ping_status":"closed","template":"","meta":{"footnotes":""},"class_list":["post-75","page","type-page","status-publish","hentry"],"jetpack_sharing_enabled":true,"_links":{"self":[{"href":"https:\/\/valvery.fi\/index.php\/wp-json\/wp\/v2\/pages\/75","targetHints":{"allow":["GET"]}}],"collection":[{"href":"https:\/\/valvery.fi\/index.php\/wp-json\/wp\/v2\/pages"}],"about":[{"href":"https:\/\/valvery.fi\/index.php\/wp-json\/wp\/v2\/types\/page"}],"author":[{"embeddable":true,"href":"https:\/\/valvery.fi\/index.php\/wp-json\/wp\/v2\/users\/1"}],"replies":[{"embeddable":true,"href":"https:\/\/valvery.fi\/index.php\/wp-json\/wp\/v2\/comments?post=75"}],"version-history":[{"count":192,"href":"https:\/\/valvery.fi\/index.php\/wp-json\/wp\/v2\/pages\/75\/revisions"}],"predecessor-version":[{"id":3115,"href":"https:\/\/valvery.fi\/index.php\/wp-json\/wp\/v2\/pages\/75\/revisions\/3115"}],"wp:attachment":[{"href":"https:\/\/valvery.fi\/index.php\/wp-json\/wp\/v2\/media?parent=75"}],"curies":[{"name":"wp","href":"https:\/\/api.w.org\/{rel}","templated":true}]}}