{"id":35,"date":"2022-10-12T00:41:22","date_gmt":"2022-10-12T00:41:22","guid":{"rendered":"https:\/\/valvery.fi\/?page_id=35"},"modified":"2026-02-11T22:38:21","modified_gmt":"2026-02-11T22:38:21","slug":"tietoa-meista","status":"publish","type":"page","link":"https:\/\/valvery.fi\/index.php\/tietoa-meista\/","title":{"rendered":"Tietoa meist\u00e4"},"content":{"rendered":"\n<p class=\"has-text-align-center\"><\/p>\n\n\n\n<div class=\"wp-block-buttons is-vertical is-content-justification-center is-layout-flex wp-container-core-buttons-is-layout-734eb2c2 wp-block-buttons-is-layout-flex\">\n<div class=\"wp-block-button has-custom-width wp-block-button__width-50\"><a class=\"wp-block-button__link has-white-color has-text-color has-background has-link-color has-text-align-center wp-element-button\" href=\"https:\/\/valvery.fi\/index.php\/yhdistyksen-toiminta-ja-arvot\/\" style=\"background-color:#950334\">Yhdistyksen toiminta ja arvot<\/a><\/div>\n\n\n\n<div class=\"wp-block-button has-custom-width wp-block-button__width-50\"><a class=\"wp-block-button__link has-white-color has-text-color has-background has-link-color has-text-align-center wp-element-button\" href=\"https:\/\/valvery.fi\/index.php\/tietoa-meista\/yhdistyksen-saannot\/\" style=\"background-color:#950334\">Yhdistyksen s\u00e4\u00e4nn\u00f6t<\/a><\/div>\n\n\n\n<div class=\"wp-block-button has-custom-width wp-block-button__width-50\"><a class=\"wp-block-button__link has-white-color has-text-color has-background has-link-color has-text-align-center wp-element-button\" href=\"https:\/\/valvery.fi\/index.php\/valve-ry-strategia-2024-2026\/\" style=\"background-color:#950334\">Yhdistyksen strategia<\/a><\/div>\n\n\n\n<div class=\"wp-block-button has-custom-width wp-block-button__width-50\"><a class=\"wp-block-button__link has-white-color has-text-color has-background has-link-color has-text-align-center wp-element-button\" href=\"https:\/\/valvery.fi\/index.php\/turvallisemman-tilan-periaatteet\/\" style=\"background-color:#950334\">Turvallisemman tilan periaatteet<\/a><\/div>\n<\/div>\n\n\n\n<p><\/p>\n","protected":false},"excerpt":{"rendered":"","protected":false},"author":1,"featured_media":0,"parent":0,"menu_order":0,"comment_status":"closed","ping_status":"closed","template":"","meta":{"footnotes":""},"class_list":["post-35","page","type-page","status-publish","hentry"],"jetpack_sharing_enabled":true,"_links":{"self":[{"href":"https:\/\/valvery.fi\/index.php\/wp-json\/wp\/v2\/pages\/35","targetHints":{"allow":["GET"]}}],"collection":[{"href":"https:\/\/valvery.fi\/index.php\/wp-json\/wp\/v2\/pages"}],"about":[{"href":"https:\/\/valvery.fi\/index.php\/wp-json\/wp\/v2\/types\/page"}],"author":[{"embeddable":true,"href":"https:\/\/valvery.fi\/index.php\/wp-json\/wp\/v2\/users\/1"}],"replies":[{"embeddable":true,"href":"https:\/\/valvery.fi\/index.php\/wp-json\/wp\/v2\/comments?post=35"}],"version-history":[{"count":120,"href":"https:\/\/valvery.fi\/index.php\/wp-json\/wp\/v2\/pages\/35\/revisions"}],"predecessor-version":[{"id":3084,"href":"https:\/\/valvery.fi\/index.php\/wp-json\/wp\/v2\/pages\/35\/revisions\/3084"}],"wp:attachment":[{"href":"https:\/\/valvery.fi\/index.php\/wp-json\/wp\/v2\/media?parent=35"}],"curies":[{"name":"wp","href":"https:\/\/api.w.org\/{rel}","templated":true}]}}