{"id":3117,"date":"2026-02-13T21:57:24","date_gmt":"2026-02-13T21:57:24","guid":{"rendered":"https:\/\/valvery.fi\/?page_id=3117"},"modified":"2026-02-13T22:04:09","modified_gmt":"2026-02-13T22:04:09","slug":"ajankohtaista","status":"publish","type":"page","link":"https:\/\/valvery.fi\/index.php\/ajankohtaista\/","title":{"rendered":"Ajankohtaista"},"content":{"rendered":"\n<div class=\"wp-block-columns is-layout-flex wp-container-core-columns-is-layout-28f84493 wp-block-columns-is-layout-flex\">\n<div class=\"wp-block-column is-layout-flow wp-block-column-is-layout-flow\"><\/div>\n<\/div>\n\n\n\n<div class=\"wp-block-media-text is-stacked-on-mobile\" style=\"grid-template-columns:44% auto\"><figure class=\"wp-block-media-text__media\"><a href=\"https:\/\/valvery.fi\/index.php\/2026\/02\/13\/seksuaalikasvatuksen-paivat-2026-ja-yhteistyoverkostokuulumisia\/\"><img loading=\"lazy\" decoding=\"async\" width=\"1024\" height=\"768\" src=\"https:\/\/valvery.fi\/wp-content\/uploads\/2026\/02\/IMG_20260122_120146_HDR-1-1-1024x768.jpg\" alt=\"\" class=\"wp-image-3103 size-full\" srcset=\"https:\/\/valvery.fi\/wp-content\/uploads\/2026\/02\/IMG_20260122_120146_HDR-1-1-1024x768.jpg 1024w, https:\/\/valvery.fi\/wp-content\/uploads\/2026\/02\/IMG_20260122_120146_HDR-1-1-300x225.jpg 300w, https:\/\/valvery.fi\/wp-content\/uploads\/2026\/02\/IMG_20260122_120146_HDR-1-1-768x576.jpg 768w, https:\/\/valvery.fi\/wp-content\/uploads\/2026\/02\/IMG_20260122_120146_HDR-1-1-1536x1152.jpg 1536w, https:\/\/valvery.fi\/wp-content\/uploads\/2026\/02\/IMG_20260122_120146_HDR-1-1-2048x1536.jpg 2048w, https:\/\/valvery.fi\/wp-content\/uploads\/2026\/02\/IMG_20260122_120146_HDR-1-1-1140x855.jpg 1140w, https:\/\/valvery.fi\/wp-content\/uploads\/2026\/02\/IMG_20260122_120146_HDR-1-1-600x450.jpg 600w\" sizes=\"auto, (max-width: 1024px) 100vw, 1024px\" \/><\/a><\/figure><div class=\"wp-block-media-text__content\">\n<p class=\"has-text-color has-link-color wp-elements-e9b6b766fd70eff60efec8572601b229\" style=\"color:#950334;font-size:24px\"><a href=\"https:\/\/valvery.fi\/index.php\/2026\/02\/13\/seksuaalikasvatuksen-paivat-2026-ja-yhteistyoverkostokuulumisia\/\" data-type=\"post\" data-id=\"3101\"><strong>Seksuaalikasvatuksen p\u00e4iv\u00e4t 2026 ja yhteisty\u00f6verkostokuulumisia<\/strong><\/a><\/p>\n\n\n\n<p><em>12.2.2026<\/em><\/p>\n\n\n\n<p style=\"font-size:17px\">VALVE ry:n hallitus p\u00e4\u00e4tti vuoden 2026 Seksuaalikasvatuksen p\u00e4ivien p\u00e4iv\u00e4m\u00e4\u00e4r\u00e4n, tsekkaa p\u00e4iv\u00e4 linkin takaa! Lue samalla my\u00f6s VALVE ry:n yhteisty\u00f6verkostokuulumiset sek\u00e4 mm. kuvaus j\u00e4rjest\u00f6koordinaattori RIikka P\u00f6ntinen tammikuun vierailusta Opetushallituksessa opetus- ja kasvatusalan tasa-arvo- ja yhdenvertaisuustoimijoita yhteen kokoavan YHTEYS-verkoston kanssa.<\/p>\n<\/div><\/div>\n","protected":false},"excerpt":{"rendered":"<p>Seksuaalikasvatuksen p\u00e4iv\u00e4t 2026 ja yhteisty\u00f6verkostokuulumisia 12.2.2026 VALVE ry:n hallitus p\u00e4\u00e4tti vuoden 2026 Seksuaalikasvatuksen p\u00e4ivien p\u00e4iv\u00e4m\u00e4\u00e4r\u00e4n, tsekkaa p\u00e4iv\u00e4 linkin takaa! Lue samalla my\u00f6s VALVE ry:n yhteisty\u00f6verkostokuulumiset sek\u00e4 mm. kuvaus j\u00e4rjest\u00f6koordinaattori RIikka P\u00f6ntinen tammikuun vierailusta Opetushallituksessa opetus- ja kasvatusalan tasa-arvo- ja yhdenvertaisuustoimijoita yhteen kokoavan YHTEYS-verkoston kanssa.<\/p>\n","protected":false},"author":1,"featured_media":0,"parent":0,"menu_order":0,"comment_status":"closed","ping_status":"closed","template":"","meta":{"footnotes":""},"class_list":["post-3117","page","type-page","status-publish","hentry"],"jetpack_sharing_enabled":true,"_links":{"self":[{"href":"https:\/\/valvery.fi\/index.php\/wp-json\/wp\/v2\/pages\/3117","targetHints":{"allow":["GET"]}}],"collection":[{"href":"https:\/\/valvery.fi\/index.php\/wp-json\/wp\/v2\/pages"}],"about":[{"href":"https:\/\/valvery.fi\/index.php\/wp-json\/wp\/v2\/types\/page"}],"author":[{"embeddable":true,"href":"https:\/\/valvery.fi\/index.php\/wp-json\/wp\/v2\/users\/1"}],"replies":[{"embeddable":true,"href":"https:\/\/valvery.fi\/index.php\/wp-json\/wp\/v2\/comments?post=3117"}],"version-history":[{"count":5,"href":"https:\/\/valvery.fi\/index.php\/wp-json\/wp\/v2\/pages\/3117\/revisions"}],"predecessor-version":[{"id":3123,"href":"https:\/\/valvery.fi\/index.php\/wp-json\/wp\/v2\/pages\/3117\/revisions\/3123"}],"wp:attachment":[{"href":"https:\/\/valvery.fi\/index.php\/wp-json\/wp\/v2\/media?parent=3117"}],"curies":[{"name":"wp","href":"https:\/\/api.w.org\/{rel}","templated":true}]}}