{"id":2955,"date":"2026-02-02T22:12:31","date_gmt":"2026-02-02T22:12:31","guid":{"rendered":"https:\/\/valvery.fi\/?page_id=2955"},"modified":"2026-02-13T14:12:35","modified_gmt":"2026-02-13T14:12:35","slug":"muut-yhteystiedot","status":"publish","type":"page","link":"https:\/\/valvery.fi\/index.php\/muut-yhteystiedot\/","title":{"rendered":"Muut yhteystiedot"},"content":{"rendered":"\n<div class=\"wp-block-columns is-layout-flex wp-container-core-columns-is-layout-28f84493 wp-block-columns-is-layout-flex\">\n<div class=\"wp-block-column is-layout-flow wp-block-column-is-layout-flow\"><\/div>\n<\/div>\n\n\n\n<div class=\"wp-block-columns is-layout-flex wp-container-core-columns-is-layout-28f84493 wp-block-columns-is-layout-flex\">\n<div class=\"wp-block-column is-layout-flow wp-block-column-is-layout-flow\"><\/div>\n<\/div>\n\n\n<div class=\"wp-block-image\">\n<figure class=\"alignleft size-large is-resized\"><img loading=\"lazy\" decoding=\"async\" width=\"682\" height=\"1024\" src=\"https:\/\/valvery.fi\/wp-content\/uploads\/2025\/10\/Riikka_1993-kopio-682x1024.jpg\" alt=\"\" class=\"wp-image-2799\" style=\"aspect-ratio:0.6660105253609294;width:259px;height:auto\" srcset=\"https:\/\/valvery.fi\/wp-content\/uploads\/2025\/10\/Riikka_1993-kopio-682x1024.jpg 682w, https:\/\/valvery.fi\/wp-content\/uploads\/2025\/10\/Riikka_1993-kopio-200x300.jpg 200w, https:\/\/valvery.fi\/wp-content\/uploads\/2025\/10\/Riikka_1993-kopio-768x1152.jpg 768w, https:\/\/valvery.fi\/wp-content\/uploads\/2025\/10\/Riikka_1993-kopio-1024x1536.jpg 1024w, https:\/\/valvery.fi\/wp-content\/uploads\/2025\/10\/Riikka_1993-kopio-1140x1710.jpg 1140w, https:\/\/valvery.fi\/wp-content\/uploads\/2025\/10\/Riikka_1993-kopio-600x900.jpg 600w, https:\/\/valvery.fi\/wp-content\/uploads\/2025\/10\/Riikka_1993-kopio.jpg 1181w\" sizes=\"auto, (max-width: 682px) 100vw, 682px\" \/><\/figure>\n<\/div>\n\n\n<p class=\"has-text-color has-link-color has-medium-font-size wp-elements-7bc9001ee63fe913b93e702cf440887c\" style=\"color:#950334\"><strong>RIIKKA P\u00d6NTINEN<br>j\u00e4rjest\u00f6koordinaattori, j\u00e4rjest\u00f6n yleinen k\u00e4yt\u00e4nn\u00f6n ty\u00f6n koordinointi<\/strong><br>KM &amp; YTM, Seksuaalineuvoja ja -kasvattaja<br><a href=\"mailto:riikka.pontinen@valvery.fi\">riikka.pontinen@valvery.fi<\/a><br><\/p>\n\n\n\n<p class=\"has-black-color has-text-color has-link-color wp-elements-10622b818d1438efb78bc7baa13a9d35\"><br>Olen VALVE ry:n perustajaj\u00e4sen ja toimin yhdistyksen puheenjohtajana ensimm\u00e4iset nelj\u00e4 vuotta vuosina 2021-2025. T\u00e4ll\u00e4 hetkell\u00e4 koordinoin VALVEn k\u00e4yt\u00e4nn\u00f6n toimintaa ja toimin hallituksen tukena VALVE ry:n hallinnollisissa teht\u00e4viss\u00e4. T\u00e4m\u00e4n hetken ty\u00f6teht\u00e4viini kuuluu mm. VALVE ry:n j\u00e4senrekisterin hallinta, j\u00e4senlaskutukset, uutiskirjeen hallinnointi ja muu yhdistyksen arkip\u00e4iv\u00e4inen hallinnollinen viestint\u00e4.  Vastaan my\u00f6s Pirkanmaan alueen seksuaalikasvatusty\u00f6n kehitt\u00e4misen sidosryhm\u00e4yhteisty\u00f6st\u00e4 sek\u00e4 toimin osana VALVE ry:n <a href=\"https:\/\/valvery.fi\/index.php\/tilaa-koulutusta\/\" data-type=\"page\" data-id=\"2092\">koulutustiimi\u00e4<\/a>. Minuun voit olla yhteydess\u00e4 asiassa kuin asiassa, v\u00e4lit\u00e4n viestisi tarvittaessa otollisemmalle henkil\u00f6lle.<\/p>\n\n\n\n<p>Olen pohjakoulutukseltani kasvatustieteiden maisteri (KM) ja yhteiskuntatieteiden maisteri (YtM) sek\u00e4 t\u00e4ydennyskoulutukseltani my\u00f6s kouluttautunut seksuaalikasvattaja ja auktorisoitu seksuaalineuvoja.   Toimin t\u00e4ll\u00e4 hetkell\u00e4 my\u00f6s Tampereen kaupungin varavaltuutettuna, kasvatus- ja opetuslautakunnan varaj\u00e4senen\u00e4 sek\u00e4 Pirkanmaan hyvinvointialueen asiakkuus- ja laatujaoston varaj\u00e4senen\u00e4. Minulla on kattava ja monipuolinen asiantuntemus ja osaaminen tasa-arvo- ja yhdenvertaisuuskent\u00e4n teemoista, joista olen ker\u00e4nnyt ty\u00f6kokemusta mm. erilaisista j\u00e4rjest\u00f6ist\u00e4 sek\u00e4 etenkin nuoriso- ja kasvatusalojen toimintakent\u00e4lt\u00e4. Yleinen intohimoni on kaikenkarvainen yhteiskunnallinen vaikuttamisty\u00f6 ja erityisasiantuntemukseni kohteena ovat seksuaalisuuden ohella sukupuoleen kytkeytyv\u00e4t teemat etenkin valtasuhteiden n\u00e4k\u00f6kulmasta. Vapaa-ajallani nautin yst\u00e4vieni ja l\u00e4heisieni seurasta, syv\u00e4llisist\u00e4 keskusteluista, musiikin kuuntelemisesta, lukemisesta sek\u00e4 rentoilusta ripauksella spontaania seikkailuhenke\u00e4.<\/p>\n\n\n\n<div class=\"wp-block-columns is-layout-flex wp-container-core-columns-is-layout-28f84493 wp-block-columns-is-layout-flex\">\n<div class=\"wp-block-column is-layout-flow wp-block-column-is-layout-flow\"><\/div>\n<\/div>\n\n\n\n<div class=\"wp-block-columns is-layout-flex wp-container-core-columns-is-layout-28f84493 wp-block-columns-is-layout-flex\">\n<div class=\"wp-block-column is-layout-flow wp-block-column-is-layout-flow\"><\/div>\n\n\n\n<div class=\"wp-block-column is-layout-flow wp-block-column-is-layout-flow\"><\/div>\n<\/div>\n\n\n\n<p class=\"has-text-align-left has-text-color has-link-color has-large-font-size wp-elements-dab567ecec5f07e30e64e8e54f199c44\" style=\"color:#950334\"><strong>VALVE ry:n h\u00e4irint\u00e4yhdyshenkil\u00f6t<\/strong><\/p>\n\n\n\n<div class=\"wp-block-columns is-layout-flex wp-container-core-columns-is-layout-28f84493 wp-block-columns-is-layout-flex\">\n<div class=\"wp-block-column is-layout-flow wp-block-column-is-layout-flow\"><\/div>\n<\/div>\n\n\n\n<p>H\u00e4irint\u00e4yhdyshenkil\u00f6t ovat tukenasi, jos olet kohdannut tai todistanut h\u00e4irint\u00e4\u00e4, ahdistelua tai muuta ep\u00e4asiallista toimintaa VALVE ry:n tapahtumissa, koulutuksissa tai muussa j\u00e4rjest\u00f6toiminnassa. Kannustamme ottamaan yhteytt\u00e4 my\u00f6s silloin, jos olet huolissasi omasta toiminnastasi tai asiasi koskee VALVE ry:n hallinnon j\u00e4seni\u00e4, ty\u00f6ntekij\u00f6it\u00e4 tai vapaaehtoisia. Halutessasi voit olla h\u00e4irint\u00e4yhdyshenkil\u00f6ihin yhteydess\u00e4 my\u00f6s anonyymisti <a href=\"https:\/\/valvery.fi\/index.php\/hairintayhteydenotto\/\" data-type=\"page\" data-id=\"1156\">h\u00e4irint\u00e4yhteyslomakkeen<\/a> kautta. Toivomme ettet j\u00e4\u00e4 yksin pohtimaan, pienikin mietitytt\u00e4m\u00e4\u00e4n j\u00e4\u00e4nyt asia on tarpeeksi iso syy ottaa yhteytt\u00e4. Otamme kaikki yhteydenotot vakavasti ja kunnioitamme toiveitasi asian k\u00e4sittelyn edist\u00e4misess\u00e4.<\/p>\n\n\n\n<div class=\"wp-block-columns is-layout-flex wp-container-core-columns-is-layout-28f84493 wp-block-columns-is-layout-flex\">\n<div class=\"wp-block-column is-layout-flow wp-block-column-is-layout-flow\"><\/div>\n<\/div>\n\n\n<div class=\"wp-block-image\">\n<figure class=\"alignleft size-large is-resized\"><img loading=\"lazy\" decoding=\"async\" width=\"1024\" height=\"1024\" src=\"https:\/\/valvery.fi\/wp-content\/uploads\/2026\/01\/Piia_Hynynen-1024x1024.png\" alt=\"\" class=\"wp-image-2941\" style=\"width:234px;height:auto\" srcset=\"https:\/\/valvery.fi\/wp-content\/uploads\/2026\/01\/Piia_Hynynen-1024x1024.png 1024w, https:\/\/valvery.fi\/wp-content\/uploads\/2026\/01\/Piia_Hynynen-300x300.png 300w, https:\/\/valvery.fi\/wp-content\/uploads\/2026\/01\/Piia_Hynynen-150x150.png 150w, https:\/\/valvery.fi\/wp-content\/uploads\/2026\/01\/Piia_Hynynen-768x768.png 768w, https:\/\/valvery.fi\/wp-content\/uploads\/2026\/01\/Piia_Hynynen-75x75.png 75w, https:\/\/valvery.fi\/wp-content\/uploads\/2026\/01\/Piia_Hynynen-600x600.png 600w, https:\/\/valvery.fi\/wp-content\/uploads\/2026\/01\/Piia_Hynynen-100x100.png 100w, https:\/\/valvery.fi\/wp-content\/uploads\/2026\/01\/Piia_Hynynen.png 1080w\" sizes=\"auto, (max-width: 1024px) 100vw, 1024px\" \/><figcaption class=\"wp-element-caption\">PIIA HYNYNEN<br><a href=\"mailto:piia.hynynen@valvery.fi\">piia.hynynen@valvery.fi<\/a><\/figcaption><\/figure>\n<\/div>\n\n<div class=\"wp-block-image\">\n<figure class=\"alignleft size-large is-resized\"><img loading=\"lazy\" decoding=\"async\" width=\"821\" height=\"821\" src=\"https:\/\/valvery.fi\/wp-content\/uploads\/2025\/01\/Henriika_Salonen.jpg\" alt=\"\" class=\"wp-image-2073\" style=\"width:238px;height:auto\" srcset=\"https:\/\/valvery.fi\/wp-content\/uploads\/2025\/01\/Henriika_Salonen.jpg 821w, https:\/\/valvery.fi\/wp-content\/uploads\/2025\/01\/Henriika_Salonen-300x300.jpg 300w, https:\/\/valvery.fi\/wp-content\/uploads\/2025\/01\/Henriika_Salonen-150x150.jpg 150w, https:\/\/valvery.fi\/wp-content\/uploads\/2025\/01\/Henriika_Salonen-768x768.jpg 768w, https:\/\/valvery.fi\/wp-content\/uploads\/2025\/01\/Henriika_Salonen-75x75.jpg 75w, https:\/\/valvery.fi\/wp-content\/uploads\/2025\/01\/Henriika_Salonen-600x600.jpg 600w, https:\/\/valvery.fi\/wp-content\/uploads\/2025\/01\/Henriika_Salonen-100x100.jpg 100w\" sizes=\"auto, (max-width: 821px) 100vw, 821px\" \/><figcaption class=\"wp-element-caption\">HENRIIKA SALONEN<br><a href=\"mailto:henriika.salonen@valvery.fi\">henriika.salonen@valvery.fi<\/a><\/figcaption><\/figure>\n<\/div>\n\n\n<p><\/p>\n","protected":false},"excerpt":{"rendered":"<p>RIIKKA P\u00d6NTINENj\u00e4rjest\u00f6koordinaattori, j\u00e4rjest\u00f6n yleinen k\u00e4yt\u00e4nn\u00f6n ty\u00f6n koordinointiKM &amp; YTM, Seksuaalineuvoja ja -kasvattajariikka.pontinen@valvery.fi Olen VALVE ry:n perustajaj\u00e4sen ja toimin yhdistyksen puheenjohtajana ensimm\u00e4iset nelj\u00e4 vuotta vuosina 2021-2025. T\u00e4ll\u00e4 hetkell\u00e4 koordinoin VALVEn k\u00e4yt\u00e4nn\u00f6n toimintaa ja toimin hallituksen tukena VALVE ry:n hallinnollisissa teht\u00e4viss\u00e4. T\u00e4m\u00e4n hetken ty\u00f6teht\u00e4viini kuuluu mm. VALVE ry:n j\u00e4senrekisterin hallinta, j\u00e4senlaskutukset, uutiskirjeen hallinnointi ja muu yhdistyksen arkip\u00e4iv\u00e4inen hallinnollinen viestint\u00e4. Vastaan my\u00f6s Pirkanmaan alueen seksuaalikasvatusty\u00f6n kehitt\u00e4misen sidosryhm\u00e4yhteisty\u00f6st\u00e4 sek\u00e4 toimin osana VALVE ry:n koulutustiimi\u00e4. Minuun voit olla yhteydess\u00e4 asiassa kuin asiassa, v\u00e4lit\u00e4n viestisi tarvittaessa otollisemmalle henkil\u00f6lle. Olen pohjakoulutukseltani kasvatustieteiden maisteri (KM) ja yhteiskuntatieteiden maisteri (YtM) sek\u00e4 t\u00e4ydennyskoulutukseltani my\u00f6s kouluttautunut seksuaalikasvattaja ja auktorisoitu seksuaalineuvoja. Toimin t\u00e4ll\u00e4 hetkell\u00e4 my\u00f6s Tampereen kaupungin varavaltuutettuna, kasvatus- ja opetuslautakunnan varaj\u00e4senen\u00e4 sek\u00e4 Pirkanmaan hyvinvointialueen asiakkuus- ja laatujaoston varaj\u00e4senen\u00e4. Minulla on kattava ja monipuolinen asiantuntemus ja osaaminen tasa-arvo- ja yhdenvertaisuuskent\u00e4n teemoista, joista olen ker\u00e4nnyt ty\u00f6kokemusta mm. erilaisista j\u00e4rjest\u00f6ist\u00e4 sek\u00e4 etenkin nuoriso- ja kasvatusalojen toimintakent\u00e4lt\u00e4. Yleinen intohimoni on kaikenkarvainen yhteiskunnallinen vaikuttamisty\u00f6 ja erityisasiantuntemukseni kohteena ovat seksuaalisuuden ohella sukupuoleen kytkeytyv\u00e4t teemat etenkin valtasuhteiden n\u00e4k\u00f6kulmasta. Vapaa-ajallani nautin yst\u00e4vieni ja l\u00e4heisieni seurasta, syv\u00e4llisist\u00e4 keskusteluista, musiikin kuuntelemisesta, lukemisesta sek\u00e4 rentoilusta ripauksella spontaania seikkailuhenke\u00e4. VALVE ry:n h\u00e4irint\u00e4yhdyshenkil\u00f6t H\u00e4irint\u00e4yhdyshenkil\u00f6t ovat tukenasi, jos olet kohdannut tai todistanut h\u00e4irint\u00e4\u00e4, ahdistelua tai muuta ep\u00e4asiallista toimintaa VALVE ry:n tapahtumissa, koulutuksissa tai muussa j\u00e4rjest\u00f6toiminnassa. Kannustamme ottamaan yhteytt\u00e4 my\u00f6s silloin, jos olet huolissasi omasta toiminnastasi tai asiasi koskee VALVE ry:n hallinnon j\u00e4seni\u00e4, ty\u00f6ntekij\u00f6it\u00e4 tai vapaaehtoisia. Halutessasi voit olla h\u00e4irint\u00e4yhdyshenkil\u00f6ihin yhteydess\u00e4 my\u00f6s anonyymisti h\u00e4irint\u00e4yhteyslomakkeen kautta. Toivomme ettet j\u00e4\u00e4 yksin pohtimaan, pienikin mietitytt\u00e4m\u00e4\u00e4n j\u00e4\u00e4nyt asia on tarpeeksi iso syy ottaa yhteytt\u00e4. Otamme kaikki yhteydenotot vakavasti ja kunnioitamme toiveitasi asian k\u00e4sittelyn edist\u00e4misess\u00e4.<\/p>\n","protected":false},"author":1,"featured_media":0,"parent":0,"menu_order":0,"comment_status":"closed","ping_status":"closed","template":"","meta":{"footnotes":""},"class_list":["post-2955","page","type-page","status-publish","hentry"],"jetpack_sharing_enabled":true,"_links":{"self":[{"href":"https:\/\/valvery.fi\/index.php\/wp-json\/wp\/v2\/pages\/2955","targetHints":{"allow":["GET"]}}],"collection":[{"href":"https:\/\/valvery.fi\/index.php\/wp-json\/wp\/v2\/pages"}],"about":[{"href":"https:\/\/valvery.fi\/index.php\/wp-json\/wp\/v2\/types\/page"}],"author":[{"embeddable":true,"href":"https:\/\/valvery.fi\/index.php\/wp-json\/wp\/v2\/users\/1"}],"replies":[{"embeddable":true,"href":"https:\/\/valvery.fi\/index.php\/wp-json\/wp\/v2\/comments?post=2955"}],"version-history":[{"count":28,"href":"https:\/\/valvery.fi\/index.php\/wp-json\/wp\/v2\/pages\/2955\/revisions"}],"predecessor-version":[{"id":3108,"href":"https:\/\/valvery.fi\/index.php\/wp-json\/wp\/v2\/pages\/2955\/revisions\/3108"}],"wp:attachment":[{"href":"https:\/\/valvery.fi\/index.php\/wp-json\/wp\/v2\/media?parent=2955"}],"curies":[{"name":"wp","href":"https:\/\/api.w.org\/{rel}","templated":true}]}}