{"id":2726,"date":"2025-09-24T05:33:17","date_gmt":"2025-09-24T05:33:17","guid":{"rendered":"https:\/\/valvery.fi\/?page_id=2726"},"modified":"2025-09-24T05:33:17","modified_gmt":"2025-09-24T05:33:17","slug":"kulku-tapahtumapaikalle-ja-esteettomyystiedot","status":"publish","type":"page","link":"https:\/\/valvery.fi\/index.php\/kulku-tapahtumapaikalle-ja-esteettomyystiedot\/","title":{"rendered":"Kulku tapahtumapaikalle ja esteett\u00f6myystiedot"},"content":{"rendered":"\n<p>Seksuaalikasvatuksen p\u00e4ivien tapahtumapaikkana toimii UNITY Tampere Trikootehdas, Trikoosalonki-niminen tila (3. krs). Osoite on Pyynikintie 25\u201329, 33230 Tampere.<\/p>\n\n\n\n<h3 class=\"wp-block-heading has-text-align-left has-text-color has-link-color wp-elements-e3c1978666edc44152aea0b0ea64e3e8\" style=\"color:#950334\">Miten paikan p\u00e4\u00e4lle?<\/h3>\n\n\n\n<p class=\"has-text-align-left\"><strong>Julkisella liikenteell\u00e4: <\/strong>Trikootehtaan l\u00e4heisyyteen p\u00e4\u00e4set<strong> <\/strong>Rautatieaseman l\u00e4heisyydest\u00e4 ja Keskustorilta Nyssen paikallisliikenteen bussilinjalla 10.<\/p>\n\n\n\n<p class=\"has-text-align-left\"><a href=\"https:\/\/reittiopas.tampere.fi\" target=\"_blank\" rel=\"noreferrer noopener\">Nysse.fi reittioppaasta<\/a> l\u00f6yd\u00e4t tarkemmat aikataulut ja kartat.<\/p>\n\n\n\n<p class=\"has-text-align-left\"><strong>K\u00e4vellen, skootilla tai py\u00f6r\u00e4illen: <\/strong>Tampereen Keskustorilta noin 2,3 km, Rautatieasemalta 2,9 km ja linja-autoasemalta 2,7 km.<\/p>\n\n\n\n<p class=\"has-text-align-left\"><strong>Parkkipaikka: <\/strong>Pihasta l\u00f6ytyy inva-parkki ja katutason vastaanotosta saa tarvittaessa inva-kortin. Sis\u00e4pihalla on rajatusti maksullisia parkkipaikkoja.<\/p>\n\n\n\n<p class=\"has-text-align-left\"><strong>Tapahtumatilan<\/strong> sis\u00e4\u00e4nk\u00e4ynti on katutasossa. Sis\u00e4\u00e4nk\u00e4ynnin ulko-ovet saa auki niiden l\u00e4heisyydess\u00e4 olevasta painikkeesta.<\/p>\n\n\n\n<figure class=\"wp-block-gallery has-nested-images columns-default is-cropped wp-block-gallery-1 is-layout-flex wp-block-gallery-is-layout-flex\">\n<figure class=\"wp-block-image size-large\"><img loading=\"lazy\" decoding=\"async\" width=\"771\" height=\"1024\" data-id=\"2737\" src=\"https:\/\/valvery.fi\/wp-content\/uploads\/2025\/09\/IMG_20250819_160752_HDR-2-771x1024.jpg\" alt=\"Katu, suojatie ja kerrostalo\" class=\"wp-image-2737\" srcset=\"https:\/\/valvery.fi\/wp-content\/uploads\/2025\/09\/IMG_20250819_160752_HDR-2-771x1024.jpg 771w, https:\/\/valvery.fi\/wp-content\/uploads\/2025\/09\/IMG_20250819_160752_HDR-2-226x300.jpg 226w, https:\/\/valvery.fi\/wp-content\/uploads\/2025\/09\/IMG_20250819_160752_HDR-2-768x1020.jpg 768w, https:\/\/valvery.fi\/wp-content\/uploads\/2025\/09\/IMG_20250819_160752_HDR-2-1157x1536.jpg 1157w, https:\/\/valvery.fi\/wp-content\/uploads\/2025\/09\/IMG_20250819_160752_HDR-2-1542x2048.jpg 1542w, https:\/\/valvery.fi\/wp-content\/uploads\/2025\/09\/IMG_20250819_160752_HDR-2-1140x1514.jpg 1140w, https:\/\/valvery.fi\/wp-content\/uploads\/2025\/09\/IMG_20250819_160752_HDR-2-600x797.jpg 600w, https:\/\/valvery.fi\/wp-content\/uploads\/2025\/09\/IMG_20250819_160752_HDR-2-scaled.jpg 1928w\" sizes=\"auto, (max-width: 771px) 100vw, 771px\" \/><figcaption class=\"wp-element-caption\">UNITY Tampereen edusta kadun puolelta<\/figcaption><\/figure>\n\n\n\n<figure class=\"wp-block-image size-large\"><img loading=\"lazy\" decoding=\"async\" width=\"771\" height=\"1024\" data-id=\"2735\" src=\"https:\/\/valvery.fi\/wp-content\/uploads\/2025\/09\/IMG_20250819_160744_HDR-1-771x1024.jpg\" alt=\"Tiilirakennuksen edusta. Sein\u00e4ss\u00e4 lukee &quot;UNITY&quot;.\" class=\"wp-image-2735\" srcset=\"https:\/\/valvery.fi\/wp-content\/uploads\/2025\/09\/IMG_20250819_160744_HDR-1-771x1024.jpg 771w, https:\/\/valvery.fi\/wp-content\/uploads\/2025\/09\/IMG_20250819_160744_HDR-1-226x300.jpg 226w, https:\/\/valvery.fi\/wp-content\/uploads\/2025\/09\/IMG_20250819_160744_HDR-1-768x1020.jpg 768w, https:\/\/valvery.fi\/wp-content\/uploads\/2025\/09\/IMG_20250819_160744_HDR-1-1157x1536.jpg 1157w, https:\/\/valvery.fi\/wp-content\/uploads\/2025\/09\/IMG_20250819_160744_HDR-1-1542x2048.jpg 1542w, https:\/\/valvery.fi\/wp-content\/uploads\/2025\/09\/IMG_20250819_160744_HDR-1-1140x1514.jpg 1140w, https:\/\/valvery.fi\/wp-content\/uploads\/2025\/09\/IMG_20250819_160744_HDR-1-600x797.jpg 600w, https:\/\/valvery.fi\/wp-content\/uploads\/2025\/09\/IMG_20250819_160744_HDR-1-scaled.jpg 1928w\" sizes=\"auto, (max-width: 771px) 100vw, 771px\" \/><figcaption class=\"wp-element-caption\">UNITY Tampereen edusta kadun puolelta<\/figcaption><\/figure>\n\n\n\n<figure class=\"wp-block-image size-large\"><img loading=\"lazy\" decoding=\"async\" width=\"1024\" height=\"771\" data-id=\"2738\" src=\"https:\/\/valvery.fi\/wp-content\/uploads\/2025\/09\/IMG_20250819_160658_HDR-2-1024x771.jpg\" alt=\"Tiilirakennusten v\u00e4liss\u00e4 oleva luiska kohti sis\u00e4\u00e4nk\u00e4ynti\u00e4\" class=\"wp-image-2738\" srcset=\"https:\/\/valvery.fi\/wp-content\/uploads\/2025\/09\/IMG_20250819_160658_HDR-2-1024x771.jpg 1024w, https:\/\/valvery.fi\/wp-content\/uploads\/2025\/09\/IMG_20250819_160658_HDR-2-300x226.jpg 300w, https:\/\/valvery.fi\/wp-content\/uploads\/2025\/09\/IMG_20250819_160658_HDR-2-768x578.jpg 768w, https:\/\/valvery.fi\/wp-content\/uploads\/2025\/09\/IMG_20250819_160658_HDR-2-1536x1157.jpg 1536w, https:\/\/valvery.fi\/wp-content\/uploads\/2025\/09\/IMG_20250819_160658_HDR-2-2048x1542.jpg 2048w, https:\/\/valvery.fi\/wp-content\/uploads\/2025\/09\/IMG_20250819_160658_HDR-2-1140x858.jpg 1140w, https:\/\/valvery.fi\/wp-content\/uploads\/2025\/09\/IMG_20250819_160658_HDR-2-600x452.jpg 600w\" sizes=\"auto, (max-width: 1024px) 100vw, 1024px\" \/><figcaption class=\"wp-element-caption\">Kulku kohti tapahtumatilan sis\u00e4pihaa ja sis\u00e4\u00e4nk\u00e4ynti\u00e4<\/figcaption><\/figure>\n\n\n\n<figure class=\"wp-block-image size-large\"><img loading=\"lazy\" decoding=\"async\" width=\"1024\" height=\"771\" data-id=\"2741\" src=\"https:\/\/valvery.fi\/wp-content\/uploads\/2025\/09\/IMG_20250819_160645_HDR-1024x771.jpg\" alt=\"Tiilirakennuksen sis\u00e4piha\" class=\"wp-image-2741\" srcset=\"https:\/\/valvery.fi\/wp-content\/uploads\/2025\/09\/IMG_20250819_160645_HDR-1024x771.jpg 1024w, https:\/\/valvery.fi\/wp-content\/uploads\/2025\/09\/IMG_20250819_160645_HDR-300x226.jpg 300w, https:\/\/valvery.fi\/wp-content\/uploads\/2025\/09\/IMG_20250819_160645_HDR-768x578.jpg 768w, https:\/\/valvery.fi\/wp-content\/uploads\/2025\/09\/IMG_20250819_160645_HDR-1536x1157.jpg 1536w, https:\/\/valvery.fi\/wp-content\/uploads\/2025\/09\/IMG_20250819_160645_HDR-2048x1542.jpg 2048w, https:\/\/valvery.fi\/wp-content\/uploads\/2025\/09\/IMG_20250819_160645_HDR-1140x858.jpg 1140w, https:\/\/valvery.fi\/wp-content\/uploads\/2025\/09\/IMG_20250819_160645_HDR-600x452.jpg 600w\" sizes=\"auto, (max-width: 1024px) 100vw, 1024px\" \/><figcaption class=\"wp-element-caption\">UNITY Tampereen sis\u00e4piha<\/figcaption><\/figure>\n\n\n\n<figure class=\"wp-block-image size-large\"><img loading=\"lazy\" decoding=\"async\" width=\"1024\" height=\"771\" data-id=\"2740\" src=\"https:\/\/valvery.fi\/wp-content\/uploads\/2025\/09\/IMG_20250819_160639_HDR-3-1024x771.jpg\" alt=\"Tiilirakennuksen sis\u00e4\u00e4nk\u00e4ynti. Edustalla kaksi isoa ruukkukasvia.\" class=\"wp-image-2740\" srcset=\"https:\/\/valvery.fi\/wp-content\/uploads\/2025\/09\/IMG_20250819_160639_HDR-3-1024x771.jpg 1024w, https:\/\/valvery.fi\/wp-content\/uploads\/2025\/09\/IMG_20250819_160639_HDR-3-300x226.jpg 300w, https:\/\/valvery.fi\/wp-content\/uploads\/2025\/09\/IMG_20250819_160639_HDR-3-768x578.jpg 768w, https:\/\/valvery.fi\/wp-content\/uploads\/2025\/09\/IMG_20250819_160639_HDR-3-1536x1157.jpg 1536w, https:\/\/valvery.fi\/wp-content\/uploads\/2025\/09\/IMG_20250819_160639_HDR-3-2048x1542.jpg 2048w, https:\/\/valvery.fi\/wp-content\/uploads\/2025\/09\/IMG_20250819_160639_HDR-3-1140x858.jpg 1140w, https:\/\/valvery.fi\/wp-content\/uploads\/2025\/09\/IMG_20250819_160639_HDR-3-600x452.jpg 600w\" sizes=\"auto, (max-width: 1024px) 100vw, 1024px\" \/><figcaption class=\"wp-element-caption\">Katutason ja sis\u00e4pihan sis\u00e4\u00e4nk\u00e4ynti<\/figcaption><\/figure>\n<\/figure>\n\n\n\n<div style=\"height:30px\" aria-hidden=\"true\" class=\"wp-block-spacer\"><\/div>\n\n\n\n<h3 class=\"wp-block-heading has-text-color has-link-color wp-elements-9d6871232cd145d57e55c5e5f3d2397d\" style=\"color:#950334\">Tapahtumatila ja sis\u00e4\u00e4nkulku<\/h3>\n\n\n\n<p class=\"has-text-align-left\">Sis\u00e4\u00e4n menness\u00e4 ovella on loiva ramppi, josta kuljetaan hissille, joka vie tapahtumatilaan (3. krs). Hissin korkeus on n. 210 cm, leveys n. 90 cm ja syvyys n. 140 cm.<strong><\/strong><\/p>\n\n\n\n<p class=\"has-text-align-left\">Tapahtumatilan k\u00e4yt\u00e4v\u00e4 on leve\u00e4 ja helppokulkuinen. Oviaukoissa on noin 5 cm korkuiset metallilistat, ja irtaimisto tiloissa on siirrett\u00e4viss\u00e4. Tilaa l\u00f6ytyy v\u00e4lj\u00e4sti kaikille osallistujille, ja tilan maksimim\u00e4\u00e4r\u00e4 on n. 80 henkil\u00f6\u00e4. Kaikissa tiloissa on luonnonvaloa suurista ikkunoista ja l\u00e4mmin kattovalaistus. Kiinte\u00e4t pinnat ovat vaaleita ja irtaimisto tummaa.<\/p>\n\n\n\n<p class=\"has-text-align-left\">Ennen tapahtuman alkua sis\u00e4ll\u00e4 ala-aulassa on vastassa VALVE ry:n henkil\u00f6kuntaa. Siell\u00e4 on my\u00f6s opasteet, joissa kerrotaan, miten p\u00e4\u00e4set tapahtumatilaan 3. kerrokseen.<\/p>\n\n\n\n<figure class=\"wp-block-gallery has-nested-images columns-default is-cropped wp-block-gallery-2 is-layout-flex wp-block-gallery-is-layout-flex\">\n<figure class=\"wp-block-image size-large\"><img loading=\"lazy\" decoding=\"async\" width=\"771\" height=\"1024\" data-id=\"2742\" src=\"https:\/\/valvery.fi\/wp-content\/uploads\/2025\/09\/IMG_20250819_160433_HDR-771x1024.jpg\" alt=\"Sis\u00e4tilassa ilmoitustaulu, jossa lukee &quot;Wolcome to Unity&quot;\" class=\"wp-image-2742\" srcset=\"https:\/\/valvery.fi\/wp-content\/uploads\/2025\/09\/IMG_20250819_160433_HDR-771x1024.jpg 771w, https:\/\/valvery.fi\/wp-content\/uploads\/2025\/09\/IMG_20250819_160433_HDR-226x300.jpg 226w, https:\/\/valvery.fi\/wp-content\/uploads\/2025\/09\/IMG_20250819_160433_HDR-768x1020.jpg 768w, https:\/\/valvery.fi\/wp-content\/uploads\/2025\/09\/IMG_20250819_160433_HDR-1157x1536.jpg 1157w, https:\/\/valvery.fi\/wp-content\/uploads\/2025\/09\/IMG_20250819_160433_HDR-1542x2048.jpg 1542w, https:\/\/valvery.fi\/wp-content\/uploads\/2025\/09\/IMG_20250819_160433_HDR-1140x1514.jpg 1140w, https:\/\/valvery.fi\/wp-content\/uploads\/2025\/09\/IMG_20250819_160433_HDR-600x797.jpg 600w, https:\/\/valvery.fi\/wp-content\/uploads\/2025\/09\/IMG_20250819_160433_HDR-scaled.jpg 1928w\" sizes=\"auto, (max-width: 771px) 100vw, 771px\" \/><figcaption class=\"wp-element-caption\">Kulku tapahtumatilaan<\/figcaption><\/figure>\n\n\n\n<figure class=\"wp-block-image size-large\"><img loading=\"lazy\" decoding=\"async\" width=\"771\" height=\"1024\" data-id=\"2744\" src=\"https:\/\/valvery.fi\/wp-content\/uploads\/2025\/09\/IMG_20250819_155335_HDR-771x1024.jpg\" alt=\"Avara sis\u00e4tila, jossa pallon muotoisia lamppuja sek\u00e4 valkoisia tuoleja ja p\u00f6yti\u00e4\" class=\"wp-image-2744\" srcset=\"https:\/\/valvery.fi\/wp-content\/uploads\/2025\/09\/IMG_20250819_155335_HDR-771x1024.jpg 771w, https:\/\/valvery.fi\/wp-content\/uploads\/2025\/09\/IMG_20250819_155335_HDR-226x300.jpg 226w, https:\/\/valvery.fi\/wp-content\/uploads\/2025\/09\/IMG_20250819_155335_HDR-768x1020.jpg 768w, https:\/\/valvery.fi\/wp-content\/uploads\/2025\/09\/IMG_20250819_155335_HDR-1157x1536.jpg 1157w, https:\/\/valvery.fi\/wp-content\/uploads\/2025\/09\/IMG_20250819_155335_HDR-1542x2048.jpg 1542w, https:\/\/valvery.fi\/wp-content\/uploads\/2025\/09\/IMG_20250819_155335_HDR-1140x1514.jpg 1140w, https:\/\/valvery.fi\/wp-content\/uploads\/2025\/09\/IMG_20250819_155335_HDR-600x797.jpg 600w, https:\/\/valvery.fi\/wp-content\/uploads\/2025\/09\/IMG_20250819_155335_HDR-scaled.jpg 1928w\" sizes=\"auto, (max-width: 771px) 100vw, 771px\" \/><figcaption class=\"wp-element-caption\">Tapahtumatila<\/figcaption><\/figure>\n\n\n\n<figure class=\"wp-block-image size-large\"><img loading=\"lazy\" decoding=\"async\" width=\"1024\" height=\"771\" data-id=\"2743\" src=\"https:\/\/valvery.fi\/wp-content\/uploads\/2025\/09\/IMG_20250819_155617_HDR-1024x771.jpg\" alt=\"Avara tila, jossa mustia tuoleja ja p\u00f6yti\u00e4\" class=\"wp-image-2743\" srcset=\"https:\/\/valvery.fi\/wp-content\/uploads\/2025\/09\/IMG_20250819_155617_HDR-1024x771.jpg 1024w, https:\/\/valvery.fi\/wp-content\/uploads\/2025\/09\/IMG_20250819_155617_HDR-300x226.jpg 300w, https:\/\/valvery.fi\/wp-content\/uploads\/2025\/09\/IMG_20250819_155617_HDR-768x578.jpg 768w, https:\/\/valvery.fi\/wp-content\/uploads\/2025\/09\/IMG_20250819_155617_HDR-1536x1157.jpg 1536w, https:\/\/valvery.fi\/wp-content\/uploads\/2025\/09\/IMG_20250819_155617_HDR-2048x1542.jpg 2048w, https:\/\/valvery.fi\/wp-content\/uploads\/2025\/09\/IMG_20250819_155617_HDR-1140x858.jpg 1140w, https:\/\/valvery.fi\/wp-content\/uploads\/2025\/09\/IMG_20250819_155617_HDR-600x452.jpg 600w\" sizes=\"auto, (max-width: 1024px) 100vw, 1024px\" \/><figcaption class=\"wp-element-caption\">Tapahtumatila<\/figcaption><\/figure>\n<\/figure>\n\n\n\n<div style=\"height:20px\" aria-hidden=\"true\" class=\"wp-block-spacer\"><\/div>\n\n\n\n<p class=\"has-text-align-left\">Tapahtumatilassa on my\u00f6s esteet\u00f6n ulkoterassi, jota voi k\u00e4ytt\u00e4\u00e4 s\u00e4\u00e4n salliessa.<\/p>\n\n\n\n<h3 class=\"wp-block-heading has-text-color has-link-color wp-elements-37d7d7a9f3b8eea9245ef6398cfa1a6a\" style=\"color:#950334\">WC-tilat<\/h3>\n\n\n\n<p class=\"has-text-align-left\">Kaikki vessat ovat sukupuolineutraaleja tapahtuman ajan.<\/p>\n\n\n\n<p class=\"has-text-align-left\">Tapahtumakerroksesta l\u00f6ytyy oma k\u00e4yt\u00e4v\u00e4 wc-tiloille. Siell\u00e4 on kaksi yleist\u00e4 ja yksi esteet\u00f6n wc-tila. Esteett\u00f6m\u00e4n wc:n kynnyksen korkeus on n. 5 cm ja oviaukon leveys 100 cm. Ovessa on sis\u00e4puolella leve\u00e4 tukikahva.<\/p>\n\n\n\n<figure class=\"wp-block-gallery has-nested-images columns-default is-cropped wp-block-gallery-3 is-layout-flex wp-block-gallery-is-layout-flex\">\n<figure class=\"wp-block-image size-large\"><img loading=\"lazy\" decoding=\"async\" width=\"1024\" height=\"771\" data-id=\"2745\" src=\"https:\/\/valvery.fi\/wp-content\/uploads\/2025\/09\/IMG_20250819_160326_HDR-1024x771.jpg\" alt=\"K\u00e4yt\u00e4v\u00e4, jossa WC-tilojen ovet\" class=\"wp-image-2745\" srcset=\"https:\/\/valvery.fi\/wp-content\/uploads\/2025\/09\/IMG_20250819_160326_HDR-1024x771.jpg 1024w, https:\/\/valvery.fi\/wp-content\/uploads\/2025\/09\/IMG_20250819_160326_HDR-300x226.jpg 300w, https:\/\/valvery.fi\/wp-content\/uploads\/2025\/09\/IMG_20250819_160326_HDR-768x578.jpg 768w, https:\/\/valvery.fi\/wp-content\/uploads\/2025\/09\/IMG_20250819_160326_HDR-1536x1157.jpg 1536w, https:\/\/valvery.fi\/wp-content\/uploads\/2025\/09\/IMG_20250819_160326_HDR-2048x1542.jpg 2048w, https:\/\/valvery.fi\/wp-content\/uploads\/2025\/09\/IMG_20250819_160326_HDR-1140x858.jpg 1140w, https:\/\/valvery.fi\/wp-content\/uploads\/2025\/09\/IMG_20250819_160326_HDR-600x452.jpg 600w\" sizes=\"auto, (max-width: 1024px) 100vw, 1024px\" \/><figcaption class=\"wp-element-caption\">WC-tiloihin johtava k\u00e4yt\u00e4v\u00e4<\/figcaption><\/figure>\n\n\n\n<figure class=\"wp-block-image size-large\"><img loading=\"lazy\" decoding=\"async\" width=\"771\" height=\"1024\" data-id=\"2746\" src=\"https:\/\/valvery.fi\/wp-content\/uploads\/2025\/09\/IMG_20250819_155230_HDR-771x1024.jpg\" alt=\"Inva- ja lastenhoito-WC\" class=\"wp-image-2746\" srcset=\"https:\/\/valvery.fi\/wp-content\/uploads\/2025\/09\/IMG_20250819_155230_HDR-771x1024.jpg 771w, https:\/\/valvery.fi\/wp-content\/uploads\/2025\/09\/IMG_20250819_155230_HDR-226x300.jpg 226w, https:\/\/valvery.fi\/wp-content\/uploads\/2025\/09\/IMG_20250819_155230_HDR-768x1020.jpg 768w, https:\/\/valvery.fi\/wp-content\/uploads\/2025\/09\/IMG_20250819_155230_HDR-1157x1536.jpg 1157w, https:\/\/valvery.fi\/wp-content\/uploads\/2025\/09\/IMG_20250819_155230_HDR-1542x2048.jpg 1542w, https:\/\/valvery.fi\/wp-content\/uploads\/2025\/09\/IMG_20250819_155230_HDR-1140x1514.jpg 1140w, https:\/\/valvery.fi\/wp-content\/uploads\/2025\/09\/IMG_20250819_155230_HDR-600x797.jpg 600w, https:\/\/valvery.fi\/wp-content\/uploads\/2025\/09\/IMG_20250819_155230_HDR-scaled.jpg 1928w\" sizes=\"auto, (max-width: 771px) 100vw, 771px\" \/><figcaption class=\"wp-element-caption\">Esteet\u00f6n WC-tila<\/figcaption><\/figure>\n<\/figure>\n\n\n\n<div style=\"height:30px\" aria-hidden=\"true\" class=\"wp-block-spacer\"><\/div>\n\n\n\n<h3 class=\"wp-block-heading has-text-color has-link-color wp-elements-6171eb277475aaf617fdd0a7096672d0\" style=\"color:#950334\">Muuta infoa<\/h3>\n\n\n\n<p class=\"has-text-align-left\">Tiloissa ei ole induktiosilmukkaa. Tulkkausta ei ole j\u00e4rjest\u00e4jien puolesta valitettavasti j\u00e4rjestett\u00e4viss\u00e4.<\/p>\n\n\n\n<p class=\"has-text-align-left\"><strong>Jos sinulla tai ryhm\u00e4ll\u00e4si on tarvetta etuk\u00e4teisj\u00e4rjestelyille tai muulle, olethan yhteydess\u00e4:<\/strong> <a href=\"mailto:info@valvery.fi\">info@valvery.fi<\/a> tai <a href=\"mailto:merja.koljonen@valvery.fi\">merja.koljonen@valvery.fi<\/a>.<\/p>\n\n\n\n<p><strong>Lis\u00e4tietoja tilojen esteett\u00f6myydest\u00e4 voit kysy\u00e4:<\/strong> <a href=\"mailto:info.tampere@unity-living.com\" target=\"_blank\" rel=\"noreferrer noopener\">info.tampere@unity-living.com<\/a><\/p>\n","protected":false},"excerpt":{"rendered":"<p>Seksuaalikasvatuksen p\u00e4ivien tapahtumapaikkana toimii UNITY Tampere Trikootehdas, Trikoosalonki-niminen tila (3. krs). Osoite on Pyynikintie 25\u201329, 33230 Tampere. Miten paikan p\u00e4\u00e4lle? Julkisella liikenteell\u00e4: Trikootehtaan l\u00e4heisyyteen p\u00e4\u00e4set Rautatieaseman l\u00e4heisyydest\u00e4 ja Keskustorilta Nyssen paikallisliikenteen bussilinjalla 10. Nysse.fi reittioppaasta l\u00f6yd\u00e4t tarkemmat aikataulut ja kartat. K\u00e4vellen, skootilla tai py\u00f6r\u00e4illen: Tampereen Keskustorilta noin 2,3 km, Rautatieasemalta 2,9 km ja linja-autoasemalta 2,7 km. Parkkipaikka: Pihasta l\u00f6ytyy inva-parkki ja katutason vastaanotosta saa tarvittaessa inva-kortin. Sis\u00e4pihalla on rajatusti maksullisia parkkipaikkoja. Tapahtumatilan sis\u00e4\u00e4nk\u00e4ynti on katutasossa. Sis\u00e4\u00e4nk\u00e4ynnin ulko-ovet saa auki niiden l\u00e4heisyydess\u00e4 olevasta painikkeesta. Tapahtumatila ja sis\u00e4\u00e4nkulku Sis\u00e4\u00e4n menness\u00e4 ovella on loiva ramppi, josta kuljetaan hissille, joka vie tapahtumatilaan (3. krs). Hissin korkeus on n. 210 cm, leveys n. 90 cm ja syvyys n. 140 cm. Tapahtumatilan k\u00e4yt\u00e4v\u00e4 on leve\u00e4 ja helppokulkuinen. Oviaukoissa on noin 5 cm korkuiset metallilistat, ja irtaimisto tiloissa on siirrett\u00e4viss\u00e4. Tilaa l\u00f6ytyy v\u00e4lj\u00e4sti kaikille osallistujille, ja tilan maksimim\u00e4\u00e4r\u00e4 on n. 80 henkil\u00f6\u00e4. Kaikissa tiloissa on luonnonvaloa suurista ikkunoista ja l\u00e4mmin kattovalaistus. Kiinte\u00e4t pinnat ovat vaaleita ja irtaimisto tummaa. Ennen tapahtuman alkua sis\u00e4ll\u00e4 ala-aulassa on vastassa VALVE ry:n henkil\u00f6kuntaa. Siell\u00e4 on my\u00f6s opasteet, joissa kerrotaan, miten p\u00e4\u00e4set tapahtumatilaan 3. kerrokseen. Tapahtumatilassa on my\u00f6s esteet\u00f6n ulkoterassi, jota voi k\u00e4ytt\u00e4\u00e4 s\u00e4\u00e4n salliessa. WC-tilat Kaikki vessat ovat sukupuolineutraaleja tapahtuman ajan. Tapahtumakerroksesta l\u00f6ytyy oma k\u00e4yt\u00e4v\u00e4 wc-tiloille. Siell\u00e4 on kaksi yleist\u00e4 ja yksi esteet\u00f6n wc-tila. Esteett\u00f6m\u00e4n wc:n kynnyksen korkeus on n. 5 cm ja oviaukon leveys 100 cm. Ovessa on sis\u00e4puolella leve\u00e4 tukikahva. Muuta infoa Tiloissa ei ole induktiosilmukkaa. Tulkkausta ei ole j\u00e4rjest\u00e4jien puolesta valitettavasti j\u00e4rjestett\u00e4viss\u00e4. Jos sinulla tai ryhm\u00e4ll\u00e4si on tarvetta etuk\u00e4teisj\u00e4rjestelyille tai muulle, olethan yhteydess\u00e4: info@valvery.fi tai merja.koljonen@valvery.fi. Lis\u00e4tietoja tilojen esteett\u00f6myydest\u00e4 voit kysy\u00e4: info.tampere@unity-living.com<\/p>\n","protected":false},"author":1,"featured_media":2470,"parent":0,"menu_order":0,"comment_status":"closed","ping_status":"closed","template":"","meta":{"footnotes":""},"class_list":["post-2726","page","type-page","status-publish","has-post-thumbnail","hentry"],"jetpack_sharing_enabled":true,"_links":{"self":[{"href":"https:\/\/valvery.fi\/index.php\/wp-json\/wp\/v2\/pages\/2726","targetHints":{"allow":["GET"]}}],"collection":[{"href":"https:\/\/valvery.fi\/index.php\/wp-json\/wp\/v2\/pages"}],"about":[{"href":"https:\/\/valvery.fi\/index.php\/wp-json\/wp\/v2\/types\/page"}],"author":[{"embeddable":true,"href":"https:\/\/valvery.fi\/index.php\/wp-json\/wp\/v2\/users\/1"}],"replies":[{"embeddable":true,"href":"https:\/\/valvery.fi\/index.php\/wp-json\/wp\/v2\/comments?post=2726"}],"version-history":[{"count":3,"href":"https:\/\/valvery.fi\/index.php\/wp-json\/wp\/v2\/pages\/2726\/revisions"}],"predecessor-version":[{"id":2749,"href":"https:\/\/valvery.fi\/index.php\/wp-json\/wp\/v2\/pages\/2726\/revisions\/2749"}],"wp:featuredmedia":[{"embeddable":true,"href":"https:\/\/valvery.fi\/index.php\/wp-json\/wp\/v2\/media\/2470"}],"wp:attachment":[{"href":"https:\/\/valvery.fi\/index.php\/wp-json\/wp\/v2\/media?parent=2726"}],"curies":[{"name":"wp","href":"https:\/\/api.w.org\/{rel}","templated":true}]}}