{"id":240,"date":"2022-11-14T20:39:03","date_gmt":"2022-11-14T20:39:03","guid":{"rendered":"https:\/\/valvery.fi\/?page_id=240"},"modified":"2022-11-23T19:51:50","modified_gmt":"2022-11-23T19:51:50","slug":"jasenlomake","status":"publish","type":"page","link":"https:\/\/valvery.fi\/index.php\/hae-mukaan\/jasenlomake\/","title":{"rendered":"J\u00e4senlomake"},"content":{"rendered":"\n<div class=\"wp-block-columns is-layout-flex wp-container-core-columns-is-layout-28f84493 wp-block-columns-is-layout-flex\">\n<div class=\"wp-block-column is-layout-flow wp-block-column-is-layout-flow\">\n<div class=\"wp-block-columns is-layout-flex wp-container-core-columns-is-layout-28f84493 wp-block-columns-is-layout-flex\">\n<div class=\"wp-block-column is-layout-flow wp-block-column-is-layout-flow\"><\/div>\n<\/div>\n<\/div>\n<\/div>\n\n\n<div class=\"wpforms-container wpforms-container-full wpforms-block\" id=\"wpforms-496\"><form id=\"wpforms-form-496\" class=\"wpforms-validate wpforms-form wpforms-ajax-form\" data-formid=\"496\" method=\"post\" enctype=\"multipart\/form-data\" action=\"\/index.php\/wp-json\/wp\/v2\/pages\/240\" data-token=\"ba27f9b0599b4e78e23d5644d1e02e55\" data-token-time=\"1776363400\"><noscript class=\"wpforms-error-noscript\">Please enable JavaScript in your browser to complete this form.<\/noscript><div class=\"wpforms-field-container\"><div id=\"wpforms-496-field_2-container\" class=\"wpforms-field wpforms-field-name\" data-field-id=\"2\"><label class=\"wpforms-field-label\" for=\"wpforms-496-field_2\">Etunimi <span class=\"wpforms-required-label\">*<\/span><\/label><input type=\"text\" id=\"wpforms-496-field_2\" class=\"wpforms-field-medium wpforms-field-required\" name=\"wpforms[fields][2]\" required><\/div><div id=\"wpforms-496-field_3-container\" class=\"wpforms-field wpforms-field-name\" data-field-id=\"3\"><label class=\"wpforms-field-label\" for=\"wpforms-496-field_3\">Sukunimi <span class=\"wpforms-required-label\">*<\/span><\/label><input type=\"text\" id=\"wpforms-496-field_3\" class=\"wpforms-field-medium wpforms-field-required\" name=\"wpforms[fields][3]\" required><\/div><div id=\"wpforms-496-field_4-container\" class=\"wpforms-field wpforms-field-email\" data-field-id=\"4\"><label class=\"wpforms-field-label\" for=\"wpforms-496-field_4\">S\u00e4hk\u00f6posti <span class=\"wpforms-required-label\">*<\/span><\/label><input type=\"email\" id=\"wpforms-496-field_4\" class=\"wpforms-field-medium wpforms-field-required\" name=\"wpforms[fields][4]\" spellcheck=\"false\" required><\/div><div id=\"wpforms-496-field_5-container\" class=\"wpforms-field wpforms-field-text\" data-field-id=\"5\"><label class=\"wpforms-field-label\" for=\"wpforms-496-field_5\">Puhelinnumero<\/label><input type=\"text\" id=\"wpforms-496-field_5\" class=\"wpforms-field-medium\" name=\"wpforms[fields][5]\" ><\/div><div id=\"wpforms-496-field_6-container\" class=\"wpforms-field wpforms-field-text\" data-field-id=\"6\"><label class=\"wpforms-field-label\" for=\"wpforms-496-field_6\">L\u00e4hiosoite<\/label><input type=\"text\" id=\"wpforms-496-field_6\" class=\"wpforms-field-medium\" name=\"wpforms[fields][6]\" ><\/div><div id=\"wpforms-496-field_7-container\" class=\"wpforms-field wpforms-field-text\" data-field-id=\"7\"><label class=\"wpforms-field-label\" for=\"wpforms-496-field_7\">Postinumero<\/label><input type=\"text\" id=\"wpforms-496-field_7\" class=\"wpforms-field-medium\" name=\"wpforms[fields][7]\" ><\/div><div id=\"wpforms-496-field_8-container\" class=\"wpforms-field wpforms-field-text\" data-field-id=\"8\"><label class=\"wpforms-field-label\" for=\"wpforms-496-field_8\">Postitoimipaikka<\/label><input type=\"text\" id=\"wpforms-496-field_8\" class=\"wpforms-field-medium\" name=\"wpforms[fields][8]\" ><\/div><div id=\"wpforms-496-field_9-container\" class=\"wpforms-field wpforms-field-select wpforms-field-select-style-classic\" data-field-id=\"9\"><label class=\"wpforms-field-label\" for=\"wpforms-496-field_9\">J\u00e4senyytesi <span class=\"wpforms-required-label\">*<\/span><\/label><select id=\"wpforms-496-field_9\" class=\"wpforms-field-medium wpforms-field-required\" name=\"wpforms[fields][9]\" required=\"required\"><option value=\"J\u00e4senmaksu (20 \u20ac)\"  class=\"choice-1 depth-1\"  >J\u00e4senmaksu (20 \u20ac)<\/option><option value=\"Alennettu j\u00e4senyys (10 \u20ac, opiskelijat, ty\u00f6tt\u00f6m\u00e4t ja muut v\u00e4h\u00e4varaiset)\"  class=\"choice-2 depth-1\"  >Alennettu j\u00e4senyys (10 \u20ac, opiskelijat, ty\u00f6tt\u00f6m\u00e4t ja muut v\u00e4h\u00e4varaiset)<\/option><option value=\"Kolmen vuoden j\u00e4senyys (50 \u20ac)\"  class=\"choice-3 depth-1\"  >Kolmen vuoden j\u00e4senyys (50 \u20ac)<\/option><option value=\"Kannatusj\u00e4senyys (35 \u20ac)\"  class=\"choice-5 depth-1\"  >Kannatusj\u00e4senyys (35 \u20ac)<\/option><option value=\"Yhteis\u00f6j\u00e4senyys yrityksille ja muille yhdistyksille (60 \u20ac)\"  class=\"choice-6 depth-1\"  >Yhteis\u00f6j\u00e4senyys yrityksille ja muille yhdistyksille (60 \u20ac)<\/option><\/select><\/div><div id=\"wpforms-496-field_11-container\" class=\"wpforms-field wpforms-field-radio\" data-field-id=\"11\"><label class=\"wpforms-field-label wpforms-label-hide\">Uutiskirje <span class=\"wpforms-required-label\">*<\/span><\/label><ul id=\"wpforms-496-field_11\" class=\"wpforms-field-required\"><li class=\"choice-1 depth-1\"><input type=\"radio\" id=\"wpforms-496-field_11_1\" name=\"wpforms[fields][11]\" value=\"Tilaan uutiskirjeen.\" required ><label class=\"wpforms-field-label-inline\" for=\"wpforms-496-field_11_1\">Tilaan uutiskirjeen.<\/label><\/li><li class=\"choice-2 depth-1\"><input type=\"radio\" id=\"wpforms-496-field_11_2\" name=\"wpforms[fields][11]\" value=\"En tilaa uutiskirjett\u00e4.\" required ><label class=\"wpforms-field-label-inline\" for=\"wpforms-496-field_11_2\">En tilaa uutiskirjett\u00e4.<\/label><\/li><\/ul><div class=\"wpforms-field-description\">Tilaamalla uutiskirjeen saat yhdistyksen uutiset, tapahtumat ja j\u00e4senedut nopeimmin tietoosi.<\/div><\/div><div id=\"wpforms-496-field_12-container\" class=\"wpforms-field wpforms-field-checkbox\" data-field-id=\"12\"><label class=\"wpforms-field-label wpforms-label-hide\">Suostumukset <span class=\"wpforms-required-label\">*<\/span><\/label><ul id=\"wpforms-496-field_12\" class=\"wpforms-field-required\"><li class=\"choice-1 depth-1\"><input type=\"checkbox\" id=\"wpforms-496-field_12_1\" name=\"wpforms[fields][12][]\" value=\"Hyv\u00e4ksyn, ett\u00e4 antamani tiedot tallennetaan VALVE ry:n s\u00e4hk\u00f6iseen j\u00e4senrekisteriin. (GDPR-hyv\u00e4ksynt\u00e4)\" required ><label class=\"wpforms-field-label-inline\" for=\"wpforms-496-field_12_1\">Hyv\u00e4ksyn, ett\u00e4 antamani tiedot tallennetaan VALVE ry:n s\u00e4hk\u00f6iseen j\u00e4senrekisteriin. (GDPR-hyv\u00e4ksynt\u00e4)<\/label><\/li><li class=\"choice-2 depth-1\"><input type=\"checkbox\" id=\"wpforms-496-field_12_2\" name=\"wpforms[fields][12][]\" value=\"Olen tutustunut ja sitoudun turvallisemman tilan periaatteisiin sek\u00e4 hyv\u00e4ksyn yhdistyksen s\u00e4\u00e4nn\u00f6t ja arvoperustan.\" required ><label class=\"wpforms-field-label-inline\" for=\"wpforms-496-field_12_2\">Olen tutustunut ja sitoudun turvallisemman tilan periaatteisiin sek\u00e4 hyv\u00e4ksyn yhdistyksen s\u00e4\u00e4nn\u00f6t ja arvoperustan.<\/label><\/li><\/ul><\/div><\/div><!-- .wpforms-field-container --><div class=\"wpforms-submit-container\" ><input type=\"hidden\" name=\"wpforms[id]\" value=\"496\"><input type=\"hidden\" name=\"page_title\" value=\"\"><input type=\"hidden\" name=\"page_url\" value=\"https:\/\/valvery.fi\/index.php\/wp-json\/wp\/v2\/pages\/240\"><input type=\"hidden\" name=\"url_referer\" value=\"\"><button type=\"submit\" name=\"wpforms[submit]\" id=\"wpforms-submit-496\" class=\"wpforms-submit\" data-alt-text=\"L\u00e4hetet\u00e4\u00e4n...\" data-submit-text=\"L\u00e4het\u00e4\" aria-live=\"assertive\" value=\"wpforms-submit\">L\u00e4het\u00e4<\/button><img loading=\"lazy\" decoding=\"async\" src=\"https:\/\/valvery.fi\/wp-content\/plugins\/wpforms-lite\/assets\/images\/submit-spin.svg\" class=\"wpforms-submit-spinner\" style=\"display: none;\" width=\"26\" height=\"26\" alt=\"Loading\"><\/div><\/form><\/div>  <!-- .wpforms-container -->\n\n\n<div class=\"wp-block-columns is-layout-flex wp-container-core-columns-is-layout-28f84493 wp-block-columns-is-layout-flex\">\n<div class=\"wp-block-column is-layout-flow wp-block-column-is-layout-flow\"><\/div>\n<\/div>\n\n\n\n<p><\/p>\n\n\n\n<p class=\"has-small-font-size\">J\u00e4senedut saat k\u00e4ytt\u00f6\u00f6si heti j\u00e4senmaksun maksettuasi. Saat my\u00f6hemmin virallisen vahvistuksen j\u00e4senyydest\u00e4si s\u00e4hk\u00f6postiisi, kun olemme hyv\u00e4ksyneet j\u00e4senyytesi virallisesti. Hyv\u00e4ksymme kaikki j\u00e4senet yhdistyksen hallituksen kokouksessa (n. 1krt\/kk). Jos tarvitset nopeamman kuittauksen j\u00e4seneksi hyv\u00e4ksymisest\u00e4, laita viesti\u00e4 s\u00e4hk\u00f6postitse osoitteeseen <a href=\"mailto:info@valvery.fi\">info@valvery.fi<\/a>. L\u00e4ht\u00f6kohtaisesti hyv\u00e4ksymme kaikki j\u00e4seneksi hakeneet j\u00e4seniksi. Yritys\/yhteis\u00f6j\u00e4senyytt\u00e4 hakevilta toivomme saatteena lyhyen esittelyn j\u00e4senyytt\u00e4 hakevasta yrityksest\u00e4\/yhdistyksest\u00e4 ja sen arvoista, jotta voimme todeta yhteensopivuuden yhdistyksen arvojen kanssa. <\/p>\n\n\n\n<p class=\"has-small-font-size\">L\u00e4mmin kiitos, kun tuet VALVE ry:n toimintaa!<\/p>\n\n\n\n<p><\/p>\n","protected":false},"excerpt":{"rendered":"<p>J\u00e4senedut saat k\u00e4ytt\u00f6\u00f6si heti j\u00e4senmaksun maksettuasi. Saat my\u00f6hemmin virallisen vahvistuksen j\u00e4senyydest\u00e4si s\u00e4hk\u00f6postiisi, kun olemme hyv\u00e4ksyneet j\u00e4senyytesi virallisesti. Hyv\u00e4ksymme kaikki j\u00e4senet yhdistyksen hallituksen kokouksessa (n. 1krt\/kk). Jos tarvitset nopeamman kuittauksen j\u00e4seneksi hyv\u00e4ksymisest\u00e4, laita viesti\u00e4 s\u00e4hk\u00f6postitse osoitteeseen info@valvery.fi. L\u00e4ht\u00f6kohtaisesti hyv\u00e4ksymme kaikki j\u00e4seneksi hakeneet j\u00e4seniksi. Yritys\/yhteis\u00f6j\u00e4senyytt\u00e4 hakevilta toivomme saatteena lyhyen esittelyn j\u00e4senyytt\u00e4 hakevasta yrityksest\u00e4\/yhdistyksest\u00e4 ja sen arvoista, jotta voimme todeta yhteensopivuuden yhdistyksen arvojen kanssa. L\u00e4mmin kiitos, kun tuet VALVE ry:n toimintaa!<\/p>\n","protected":false},"author":1,"featured_media":0,"parent":56,"menu_order":1,"comment_status":"closed","ping_status":"closed","template":"","meta":{"footnotes":""},"class_list":["post-240","page","type-page","status-publish","hentry"],"jetpack_sharing_enabled":true,"_links":{"self":[{"href":"https:\/\/valvery.fi\/index.php\/wp-json\/wp\/v2\/pages\/240","targetHints":{"allow":["GET"]}}],"collection":[{"href":"https:\/\/valvery.fi\/index.php\/wp-json\/wp\/v2\/pages"}],"about":[{"href":"https:\/\/valvery.fi\/index.php\/wp-json\/wp\/v2\/types\/page"}],"author":[{"embeddable":true,"href":"https:\/\/valvery.fi\/index.php\/wp-json\/wp\/v2\/users\/1"}],"replies":[{"embeddable":true,"href":"https:\/\/valvery.fi\/index.php\/wp-json\/wp\/v2\/comments?post=240"}],"version-history":[{"count":15,"href":"https:\/\/valvery.fi\/index.php\/wp-json\/wp\/v2\/pages\/240\/revisions"}],"predecessor-version":[{"id":1032,"href":"https:\/\/valvery.fi\/index.php\/wp-json\/wp\/v2\/pages\/240\/revisions\/1032"}],"up":[{"embeddable":true,"href":"https:\/\/valvery.fi\/index.php\/wp-json\/wp\/v2\/pages\/56"}],"wp:attachment":[{"href":"https:\/\/valvery.fi\/index.php\/wp-json\/wp\/v2\/media?parent=240"}],"curies":[{"name":"wp","href":"https:\/\/api.w.org\/{rel}","templated":true}]}}