{"id":2118,"date":"2025-01-10T13:33:22","date_gmt":"2025-01-10T13:33:22","guid":{"rendered":"https:\/\/valvery.fi\/?page_id=2118"},"modified":"2026-02-03T18:54:06","modified_gmt":"2026-02-03T18:54:06","slug":"blogi","status":"publish","type":"page","link":"https:\/\/valvery.fi\/index.php\/blogi\/","title":{"rendered":"Blogi"},"content":{"rendered":"\n<div class=\"wp-block-media-text is-stacked-on-mobile has-background\" style=\"background-color:#f2f1f0;grid-template-columns:25% auto\"><figure class=\"wp-block-media-text__media\"><a href=\"https:\/\/valvery.fi\/index.php\/2025\/10\/09\/valve-ryn-tarinassa-alkaa-uusi-luku-haemme-uutta-puheenjohtajaa\/\"><img loading=\"lazy\" decoding=\"async\" width=\"1024\" height=\"1024\" src=\"https:\/\/valvery.fi\/wp-content\/uploads\/2025\/10\/Riikka_puheenjohtaja_bloginelio-1024x1024.png\" alt=\"Punatakkinen nainen istuu ulkona kivirappusilla ja hymyilee\" class=\"wp-image-2826 size-full\" srcset=\"https:\/\/valvery.fi\/wp-content\/uploads\/2025\/10\/Riikka_puheenjohtaja_bloginelio-1024x1024.png 1024w, https:\/\/valvery.fi\/wp-content\/uploads\/2025\/10\/Riikka_puheenjohtaja_bloginelio-300x300.png 300w, https:\/\/valvery.fi\/wp-content\/uploads\/2025\/10\/Riikka_puheenjohtaja_bloginelio-150x150.png 150w, https:\/\/valvery.fi\/wp-content\/uploads\/2025\/10\/Riikka_puheenjohtaja_bloginelio-768x768.png 768w, https:\/\/valvery.fi\/wp-content\/uploads\/2025\/10\/Riikka_puheenjohtaja_bloginelio-75x75.png 75w, https:\/\/valvery.fi\/wp-content\/uploads\/2025\/10\/Riikka_puheenjohtaja_bloginelio-600x600.png 600w, https:\/\/valvery.fi\/wp-content\/uploads\/2025\/10\/Riikka_puheenjohtaja_bloginelio-100x100.png 100w, https:\/\/valvery.fi\/wp-content\/uploads\/2025\/10\/Riikka_puheenjohtaja_bloginelio.png 1080w\" sizes=\"auto, (max-width: 1024px) 100vw, 1024px\" \/><\/a><\/figure><div class=\"wp-block-media-text__content\">\n<p><\/p>\n\n\n\n<p class=\"has-text-align-left has-text-color has-link-color wp-elements-445e8756f8ecdb1cb0935c5b1140d1a8\" style=\"color:#950334;font-size:24px\"><strong><a href=\"https:\/\/valvery.fi\/index.php\/2025\/10\/09\/valve-ryn-tarinassa-alkaa-uusi-luku-haemme-uutta-puheenjohtajaa\/\">VALVE ry:n tarinassa alkaa uusi luku \u2013 haemme uutta puheenjohtajaa<\/a><\/strong><\/p>\n\n\n\n<p class=\"has-text-align-left\"><em>9.10.2025<\/em><\/p>\n\n\n\n<p>Vuoden 2025 lopussa v\u00e4istyv\u00e4 VALVE ry:n puheenjohtaja ja perustaja Riikka P\u00f6ntinen esitt\u00e4\u00e4 tervehdyksens\u00e4 ja muistelee VALVE ry:n t\u00e4h\u00e4nastista matkaa. Nyt on tullut aika valita uusi puheenjohtaja jatkamaan j\u00e4rjest\u00f6n kasvutarinaa.<\/p>\n<\/div><\/div>\n\n\n\n<div class=\"wp-block-media-text is-stacked-on-mobile has-background\" style=\"background-color:#e8e3e100;grid-template-columns:25% auto\"><figure class=\"wp-block-media-text__media\"><a href=\"https:\/\/valvery.fi\/index.php\/2025\/09\/09\/vammainen-rakkautta-etsimassa\/\"><img loading=\"lazy\" decoding=\"async\" width=\"1024\" height=\"1024\" src=\"https:\/\/valvery.fi\/wp-content\/uploads\/2025\/09\/Vammaisuus_deittailu-1024x1024.png\" alt=\"Py\u00f6r\u00e4tuolissa oleva mies ja vammaton nainen pitelev\u00e4t toisistaan hell\u00e4sti kiinni hymyillen. He ovat rannalla ilta-auringon kajossa.\" class=\"wp-image-2714 size-full\" srcset=\"https:\/\/valvery.fi\/wp-content\/uploads\/2025\/09\/Vammaisuus_deittailu-1024x1024.png 1024w, https:\/\/valvery.fi\/wp-content\/uploads\/2025\/09\/Vammaisuus_deittailu-300x300.png 300w, https:\/\/valvery.fi\/wp-content\/uploads\/2025\/09\/Vammaisuus_deittailu-150x150.png 150w, https:\/\/valvery.fi\/wp-content\/uploads\/2025\/09\/Vammaisuus_deittailu-768x768.png 768w, https:\/\/valvery.fi\/wp-content\/uploads\/2025\/09\/Vammaisuus_deittailu-75x75.png 75w, https:\/\/valvery.fi\/wp-content\/uploads\/2025\/09\/Vammaisuus_deittailu-600x600.png 600w, https:\/\/valvery.fi\/wp-content\/uploads\/2025\/09\/Vammaisuus_deittailu-100x100.png 100w, https:\/\/valvery.fi\/wp-content\/uploads\/2025\/09\/Vammaisuus_deittailu.png 1080w\" sizes=\"auto, (max-width: 1024px) 100vw, 1024px\" \/><\/a><\/figure><div class=\"wp-block-media-text__content\">\n<p><\/p>\n\n\n\n<p class=\"has-text-align-left has-text-color has-link-color wp-elements-f68841e54b77289d4948de5cb4eab9bf\" style=\"color:#950334;font-size:24px\"><strong><a href=\"https:\/\/valvery.fi\/index.php\/2025\/09\/09\/vammainen-rakkautta-etsimassa\/\">Vammainen rakkautta etsim\u00e4ss\u00e4<\/a><\/strong><\/p>\n\n\n\n<p class=\"has-text-align-left\"><em>9.9.2025<\/em><\/p>\n\n\n\n<p>Vamma tai sairaus ei vie pois henkil\u00f6n kyky\u00e4 rakastaa ja huolehtia, kaivata kosketusta ja tulla rakastetuksi. Monelta ihmiselt\u00e4 kysyt\u00e4\u00e4n \u201cjokos sulla on kumppani?\u201d, mutta vammaiset saatetaan j\u00e4tt\u00e4\u00e4 t\u00e4st\u00e4 keskustelusta ulos.<\/p>\n<\/div><\/div>\n\n\n\n<div class=\"wp-block-media-text is-stacked-on-mobile has-background\" style=\"background-color:#f2f1f0;grid-template-columns:25% auto\"><figure class=\"wp-block-media-text__media\"><a href=\"https:\/\/valvery.fi\/index.php\/2025\/08\/25\/nain-kohtaat-vammaisen-seksuaalisuuden-osana-tyota\/\"><img loading=\"lazy\" decoding=\"async\" width=\"1080\" height=\"1080\" src=\"https:\/\/valvery.fi\/wp-content\/uploads\/2025\/08\/Blogi_nelio_vammaisuus_kohtaaminen.png\" alt=\"Kaksi naista, joista toisella on Downin syndrooma, keskustelevat. He istuvat sohvalla ja taustalla on kasveja.\" class=\"wp-image-2603 size-full\" srcset=\"https:\/\/valvery.fi\/wp-content\/uploads\/2025\/08\/Blogi_nelio_vammaisuus_kohtaaminen.png 1080w, https:\/\/valvery.fi\/wp-content\/uploads\/2025\/08\/Blogi_nelio_vammaisuus_kohtaaminen-300x300.png 300w\" sizes=\"auto, (max-width: 1080px) 100vw, 1080px\" \/><\/a><\/figure><div class=\"wp-block-media-text__content\">\n<p><\/p>\n\n\n\n<p class=\"has-text-align-left has-text-color has-link-color wp-elements-a6fd7e2fd045076b5c0354f8b3dd619a\" style=\"color:#950334;font-size:24px\"><strong><a href=\"https:\/\/valvery.fi\/index.php\/2025\/08\/25\/nain-kohtaat-vammaisen-seksuaalisuuden-osana-tyota\/\">N\u00e4in kohtaat vammaisen seksuaalisuuden osana ty\u00f6t\u00e4<\/a><\/strong><\/p>\n\n\n\n<p class=\"has-text-align-left\"><em>25.8.2025<\/em><\/p>\n\n\n\n<p>Seksuaalisuus on osa meit\u00e4 kehdosta hautaan riippumatta siit\u00e4, millainen taustamme tai toimintakykymme on. Mahdollisuudet sen ilmaisuun ja toteuttamiseen voivat kuitenkin vaihdella niin kulttuurisen ymp\u00e4rist\u00f6n, toimintakyvyn kuin kasvatuksenkin mukaan.<\/p>\n<\/div><\/div>\n\n\n\n<div class=\"wp-block-media-text is-stacked-on-mobile has-background\" style=\"background-color:#e8e3e100;grid-template-columns:25% auto\"><figure class=\"wp-block-media-text__media\"><a href=\"https:\/\/valvery.fi\/index.php\/2025\/05\/29\/puutarhatontusta-tiedostavaksi-kansalaiseksi\/\"><img loading=\"lazy\" decoding=\"async\" width=\"1024\" height=\"1024\" src=\"https:\/\/valvery.fi\/wp-content\/uploads\/2025\/05\/Blogi_vammaisuus_seksuaalikasvatus-1024x1024.png\" alt=\"Py\u00f6r\u00e4tuolissa oleva nainen pitelee k\u00e4tt\u00e4 miehen k\u00e4den p\u00e4\u00e4ll\u00e4\" class=\"wp-image-2548 size-full\" srcset=\"https:\/\/valvery.fi\/wp-content\/uploads\/2025\/05\/Blogi_vammaisuus_seksuaalikasvatus-1024x1024.png 1024w, https:\/\/valvery.fi\/wp-content\/uploads\/2025\/05\/Blogi_vammaisuus_seksuaalikasvatus-300x300.png 300w, https:\/\/valvery.fi\/wp-content\/uploads\/2025\/05\/Blogi_vammaisuus_seksuaalikasvatus-150x150.png 150w, https:\/\/valvery.fi\/wp-content\/uploads\/2025\/05\/Blogi_vammaisuus_seksuaalikasvatus-768x768.png 768w, https:\/\/valvery.fi\/wp-content\/uploads\/2025\/05\/Blogi_vammaisuus_seksuaalikasvatus-75x75.png 75w, https:\/\/valvery.fi\/wp-content\/uploads\/2025\/05\/Blogi_vammaisuus_seksuaalikasvatus-600x600.png 600w, https:\/\/valvery.fi\/wp-content\/uploads\/2025\/05\/Blogi_vammaisuus_seksuaalikasvatus-100x100.png 100w, https:\/\/valvery.fi\/wp-content\/uploads\/2025\/05\/Blogi_vammaisuus_seksuaalikasvatus.png 1080w\" sizes=\"auto, (max-width: 1024px) 100vw, 1024px\" \/><\/a><\/figure><div class=\"wp-block-media-text__content\">\n<p><\/p>\n\n\n\n<p class=\"has-text-align-left has-text-color has-link-color wp-elements-42c7742c86feffa93f2fa2417f8797c2\" style=\"color:#950334;font-size:24px\"><strong><a href=\"https:\/\/valvery.fi\/index.php\/2025\/05\/29\/puutarhatontusta-tiedostavaksi-kansalaiseksi\/\">Puutarhatontusta tiedostavaksi kansalaiseksi<\/a><\/strong><\/p>\n\n\n\n<p class=\"has-text-align-left\"><em>29.5.2025<\/em><\/p>\n\n\n\n<p>Vammaisten seksuaalikasvatus on viel\u00e4 lapsenkengiss\u00e4, mik\u00e4 johtuu asenteista ja niist\u00e4 johtuvasta tiedonpuutteesta. Jotta vammaistenkin oikeus kattavaan ja oikea-aikaiseen seksuaalikasvatukseen voisi toteutua, tarvitaan halua muuttaa asenteita sek\u00e4 tietoa, jossa on huomioitu erilaiset toimintakyvyt ja tarpeet.<\/p>\n<\/div><\/div>\n\n\n\n<div class=\"wp-block-media-text is-stacked-on-mobile has-background\" style=\"background-color:#f2f1f0;grid-template-columns:25% auto\"><figure class=\"wp-block-media-text__media\"><a href=\"https:\/\/valvery.fi\/index.php\/2025\/04\/15\/jos-emme-saa-lapsuudessa-hyvaksyvaa-kosketusta-saatamme-alkaa-hakea-sita-turvattomilla-tavoilla\/\"><img loading=\"lazy\" decoding=\"async\" width=\"1024\" height=\"1024\" src=\"https:\/\/valvery.fi\/wp-content\/uploads\/2025\/04\/Blogi_nelio_hyvaksyva_kosketus-1024x1024.png\" alt=\"\" class=\"wp-image-2413 size-full\" srcset=\"https:\/\/valvery.fi\/wp-content\/uploads\/2025\/04\/Blogi_nelio_hyvaksyva_kosketus-1024x1024.png 1024w, https:\/\/valvery.fi\/wp-content\/uploads\/2025\/04\/Blogi_nelio_hyvaksyva_kosketus-300x300.png 300w, https:\/\/valvery.fi\/wp-content\/uploads\/2025\/04\/Blogi_nelio_hyvaksyva_kosketus-150x150.png 150w, https:\/\/valvery.fi\/wp-content\/uploads\/2025\/04\/Blogi_nelio_hyvaksyva_kosketus-768x768.png 768w, https:\/\/valvery.fi\/wp-content\/uploads\/2025\/04\/Blogi_nelio_hyvaksyva_kosketus-75x75.png 75w, https:\/\/valvery.fi\/wp-content\/uploads\/2025\/04\/Blogi_nelio_hyvaksyva_kosketus-600x600.png 600w, https:\/\/valvery.fi\/wp-content\/uploads\/2025\/04\/Blogi_nelio_hyvaksyva_kosketus-100x100.png 100w, https:\/\/valvery.fi\/wp-content\/uploads\/2025\/04\/Blogi_nelio_hyvaksyva_kosketus.png 1080w\" sizes=\"auto, (max-width: 1024px) 100vw, 1024px\" \/><\/a><\/figure><div class=\"wp-block-media-text__content\">\n<p><\/p>\n\n\n\n<p class=\"has-text-align-left has-text-color has-link-color wp-elements-7e4e0fd7abf2e8105e894ba46888f240\" style=\"color:#950334;font-size:24px\"><strong><a href=\"https:\/\/valvery.fi\/index.php\/2025\/04\/15\/jos-emme-saa-lapsuudessa-hyvaksyvaa-kosketusta-saatamme-alkaa-hakea-sita-turvattomilla-tavoilla\/\">Jos emme saa lapsuudessa hyv\u00e4ksyv\u00e4\u00e4 kosketusta, saatamme alkaa hakea sit\u00e4 turvattomilla tavoilla<\/a><\/strong><\/p>\n\n\n\n<p class=\"has-text-align-left\"><em>15.4.2025<\/em><\/p>\n\n\n\n<p>Hyv\u00e4ksyv\u00e4 kosketus on t\u00e4rke\u00e4 osa ihmisten v\u00e4list\u00e4 vuorovaikutusta. Sill\u00e4 voi ilment\u00e4\u00e4 yst\u00e4vyytt\u00e4, rakkautta, tukea tai erilaisia tunteita. Lapsuudessa saatu hyv\u00e4ksyv\u00e4 kosketus on osa turvataitokasvatusta.<\/p>\n<\/div><\/div>\n\n\n\n<div class=\"wp-block-media-text is-stacked-on-mobile has-background\" style=\"background-color:#e8e3e100;grid-template-columns:25% auto\"><figure class=\"wp-block-media-text__media\"><a href=\"https:\/\/valvery.fi\/index.php\/2025\/04\/01\/seksuaalinen-nautinto-on-tarkea-osa-seksuaalikasvatusta\/\"><img loading=\"lazy\" decoding=\"async\" width=\"1024\" height=\"1024\" src=\"https:\/\/valvery.fi\/wp-content\/uploads\/2025\/04\/Blogi_nelio_nautinto-1024x1024.png\" alt=\"\" class=\"wp-image-2386 size-full\" srcset=\"https:\/\/valvery.fi\/wp-content\/uploads\/2025\/04\/Blogi_nelio_nautinto-1024x1024.png 1024w, https:\/\/valvery.fi\/wp-content\/uploads\/2025\/04\/Blogi_nelio_nautinto-300x300.png 300w, https:\/\/valvery.fi\/wp-content\/uploads\/2025\/04\/Blogi_nelio_nautinto-150x150.png 150w, https:\/\/valvery.fi\/wp-content\/uploads\/2025\/04\/Blogi_nelio_nautinto-768x768.png 768w, https:\/\/valvery.fi\/wp-content\/uploads\/2025\/04\/Blogi_nelio_nautinto-75x75.png 75w, https:\/\/valvery.fi\/wp-content\/uploads\/2025\/04\/Blogi_nelio_nautinto-600x600.png 600w, https:\/\/valvery.fi\/wp-content\/uploads\/2025\/04\/Blogi_nelio_nautinto-100x100.png 100w, https:\/\/valvery.fi\/wp-content\/uploads\/2025\/04\/Blogi_nelio_nautinto.png 1080w\" sizes=\"auto, (max-width: 1024px) 100vw, 1024px\" \/><\/a><\/figure><div class=\"wp-block-media-text__content\">\n<p><\/p>\n\n\n\n<p class=\"has-text-align-left has-text-color has-link-color wp-elements-5b35fb305072926bcc6d23b6b319ab97\" style=\"color:#950334;font-size:24px\"><strong><a href=\"https:\/\/valvery.fi\/index.php\/2025\/04\/01\/seksuaalinen-nautinto-on-tarkea-osa-seksuaalikasvatusta\/\">Seksuaalinen nautinto on t\u00e4rke\u00e4 osa seksuaalikasvatusta<\/a><\/strong><\/p>\n\n\n\n<p class=\"has-text-align-left\"><em>1.4.2025<\/em><\/p>\n\n\n\n<p>Seksuaaliterveyden maailmanj\u00e4rjest\u00f6n Seksuaalisen nautinnon julistuksessa (2019) korostetaan, ett\u00e4 ymm\u00e4rrys nautinnosta tulisi sis\u00e4llytt\u00e4\u00e4 kasvatukseen, terveyden edist\u00e4miseen, tutkimukseen ja vaikuttamisty\u00f6h\u00f6n maailmanlaajuisesti.<\/p>\n<\/div><\/div>\n\n\n\n<div class=\"wp-block-media-text is-stacked-on-mobile has-background\" style=\"background-color:#f2f1f0;grid-template-columns:25% auto\"><figure class=\"wp-block-media-text__media\"><a href=\"https:\/\/valvery.fi\/index.php\/2025\/03\/18\/miten-sosiaalista-markkinointia-voidaan-hyodyntaa-nuorten-seksuaaliterveyden-edistamisessa\/\"><img loading=\"lazy\" decoding=\"async\" width=\"1024\" height=\"1024\" src=\"https:\/\/valvery.fi\/wp-content\/uploads\/2025\/03\/Blogi_nelio_Putkonen-1024x1024.png\" alt=\"\" class=\"wp-image-2353 size-full\" srcset=\"https:\/\/valvery.fi\/wp-content\/uploads\/2025\/03\/Blogi_nelio_Putkonen-1024x1024.png 1024w, https:\/\/valvery.fi\/wp-content\/uploads\/2025\/03\/Blogi_nelio_Putkonen-300x300.png 300w, https:\/\/valvery.fi\/wp-content\/uploads\/2025\/03\/Blogi_nelio_Putkonen-150x150.png 150w, https:\/\/valvery.fi\/wp-content\/uploads\/2025\/03\/Blogi_nelio_Putkonen-768x768.png 768w, https:\/\/valvery.fi\/wp-content\/uploads\/2025\/03\/Blogi_nelio_Putkonen-75x75.png 75w, https:\/\/valvery.fi\/wp-content\/uploads\/2025\/03\/Blogi_nelio_Putkonen-600x600.png 600w, https:\/\/valvery.fi\/wp-content\/uploads\/2025\/03\/Blogi_nelio_Putkonen-100x100.png 100w, https:\/\/valvery.fi\/wp-content\/uploads\/2025\/03\/Blogi_nelio_Putkonen.png 1080w\" sizes=\"auto, (max-width: 1024px) 100vw, 1024px\" \/><\/a><\/figure><div class=\"wp-block-media-text__content\">\n<p><\/p>\n\n\n\n<p class=\"has-text-align-left has-text-color has-link-color wp-elements-f7d307c7d5cb02a26289679c251e90aa\" style=\"color:#950334;font-size:24px\"><strong><a href=\"https:\/\/valvery.fi\/index.php\/2025\/03\/18\/miten-sosiaalista-markkinointia-voidaan-hyodyntaa-nuorten-seksuaaliterveyden-edistamisessa\/\">Miten sosiaalista markkinointia voidaan hy\u00f6dynt\u00e4\u00e4 nuorten seksuaaliterveyden edist\u00e4misess\u00e4?<\/a><\/strong><\/p>\n\n\n\n<p class=\"has-text-align-left\"><em>18.3.2025<\/em><\/p>\n\n\n\n<p class=\"has-text-align-left\">Nuorten seksuaaliterveyteen on pyritty vaikuttamaan monin eri keinoin. Kuitenkaan sosiaalisen markkinoinnin l\u00e4hestymistapaa, jossa tavoitteena on vaikuttaa ihmisen k\u00e4ytt\u00e4ytymisen muutokseen, ei Suomessa ole tiett\u00e4v\u00e4sti k\u00e4ytetty.<\/p>\n<\/div><\/div>\n\n\n\n<div class=\"wp-block-media-text is-stacked-on-mobile has-background\" style=\"background-color:#e8e3e100;grid-template-columns:25% auto\"><figure class=\"wp-block-media-text__media\"><a href=\"https:\/\/valvery.fi\/index.php\/2025\/01\/10\/miksi-ja-miten-puhua-kuukautisista-osana-seksuaalikasvatusta\/\"><img loading=\"lazy\" decoding=\"async\" width=\"1024\" height=\"1024\" src=\"https:\/\/valvery.fi\/wp-content\/uploads\/2025\/01\/Blogi_nelio_kuukautiset-1024x1024.png\" alt=\"\" class=\"wp-image-2119 size-full\" srcset=\"https:\/\/valvery.fi\/wp-content\/uploads\/2025\/01\/Blogi_nelio_kuukautiset-1024x1024.png 1024w, https:\/\/valvery.fi\/wp-content\/uploads\/2025\/01\/Blogi_nelio_kuukautiset-300x300.png 300w, https:\/\/valvery.fi\/wp-content\/uploads\/2025\/01\/Blogi_nelio_kuukautiset-150x150.png 150w, https:\/\/valvery.fi\/wp-content\/uploads\/2025\/01\/Blogi_nelio_kuukautiset-768x768.png 768w, https:\/\/valvery.fi\/wp-content\/uploads\/2025\/01\/Blogi_nelio_kuukautiset-75x75.png 75w, https:\/\/valvery.fi\/wp-content\/uploads\/2025\/01\/Blogi_nelio_kuukautiset-600x600.png 600w, https:\/\/valvery.fi\/wp-content\/uploads\/2025\/01\/Blogi_nelio_kuukautiset-100x100.png 100w, https:\/\/valvery.fi\/wp-content\/uploads\/2025\/01\/Blogi_nelio_kuukautiset.png 1080w\" sizes=\"auto, (max-width: 1024px) 100vw, 1024px\" \/><\/a><\/figure><div class=\"wp-block-media-text__content\">\n<p><\/p>\n\n\n\n<p class=\"has-text-align-left has-text-color has-link-color wp-elements-981f9b6a4bf36ec3de6a2a47a7bb5bb7\" style=\"color:#950334;font-size:24px\"><strong><a href=\"https:\/\/valvery.fi\/index.php\/2025\/01\/10\/miksi-ja-miten-puhua-kuukautisista-osana-seksuaalikasvatusta\/\">Miksi ja miten puhua kuukautisista osana seksuaalikasvatusta?<\/a><\/strong><\/p>\n\n\n\n<p class=\"has-text-align-left\"><em>10.1.2025<\/em><\/p>\n\n\n\n<p class=\"has-text-align-left\">Monet aikuiset ja nuoret suhtautuvat kuukautisiin yh\u00e4 kovin tympe\u00e4sti, ja se johtuu osaksi niihin liittyv\u00e4st\u00e4 tiet\u00e4m\u00e4tt\u00f6myydest\u00e4 ja v\u00e4\u00e4rink\u00e4sityksist\u00e4. Miksi ja miten kuukautisista tulisi siis puhua? Ja kenelle?<\/p>\n<\/div><\/div>\n\n\n\n<p><\/p>\n","protected":false},"excerpt":{"rendered":"<p>VALVE ry:n tarinassa alkaa uusi luku \u2013 haemme uutta puheenjohtajaa 9.10.2025 Vuoden 2025 lopussa v\u00e4istyv\u00e4 VALVE ry:n puheenjohtaja ja perustaja Riikka P\u00f6ntinen esitt\u00e4\u00e4 tervehdyksens\u00e4 ja muistelee VALVE ry:n t\u00e4h\u00e4nastista matkaa. Nyt on tullut aika valita uusi puheenjohtaja jatkamaan j\u00e4rjest\u00f6n kasvutarinaa. Vammainen rakkautta etsim\u00e4ss\u00e4 9.9.2025 Vamma tai sairaus ei vie pois henkil\u00f6n kyky\u00e4 rakastaa ja huolehtia, kaivata kosketusta ja tulla rakastetuksi. Monelta ihmiselt\u00e4 kysyt\u00e4\u00e4n \u201cjokos sulla on kumppani?\u201d, mutta vammaiset saatetaan j\u00e4tt\u00e4\u00e4 t\u00e4st\u00e4 keskustelusta ulos. N\u00e4in kohtaat vammaisen seksuaalisuuden osana ty\u00f6t\u00e4 25.8.2025 Seksuaalisuus on osa meit\u00e4 kehdosta hautaan riippumatta siit\u00e4, millainen taustamme tai toimintakykymme on. Mahdollisuudet sen ilmaisuun ja toteuttamiseen voivat kuitenkin vaihdella niin kulttuurisen ymp\u00e4rist\u00f6n, toimintakyvyn kuin kasvatuksenkin mukaan. Puutarhatontusta tiedostavaksi kansalaiseksi 29.5.2025 Vammaisten seksuaalikasvatus on viel\u00e4 lapsenkengiss\u00e4, mik\u00e4 johtuu asenteista ja niist\u00e4 johtuvasta tiedonpuutteesta. Jotta vammaistenkin oikeus kattavaan ja oikea-aikaiseen seksuaalikasvatukseen voisi toteutua, tarvitaan halua muuttaa asenteita sek\u00e4 tietoa, jossa on huomioitu erilaiset toimintakyvyt ja tarpeet. Jos emme saa lapsuudessa hyv\u00e4ksyv\u00e4\u00e4 kosketusta, saatamme alkaa hakea sit\u00e4 turvattomilla tavoilla 15.4.2025 Hyv\u00e4ksyv\u00e4 kosketus on t\u00e4rke\u00e4 osa ihmisten v\u00e4list\u00e4 vuorovaikutusta. Sill\u00e4 voi ilment\u00e4\u00e4 yst\u00e4vyytt\u00e4, rakkautta, tukea tai erilaisia tunteita. Lapsuudessa saatu hyv\u00e4ksyv\u00e4 kosketus on osa turvataitokasvatusta. Seksuaalinen nautinto on t\u00e4rke\u00e4 osa seksuaalikasvatusta 1.4.2025 Seksuaaliterveyden maailmanj\u00e4rjest\u00f6n Seksuaalisen nautinnon julistuksessa (2019) korostetaan, ett\u00e4 ymm\u00e4rrys nautinnosta tulisi sis\u00e4llytt\u00e4\u00e4 kasvatukseen, terveyden edist\u00e4miseen, tutkimukseen ja vaikuttamisty\u00f6h\u00f6n maailmanlaajuisesti. Miten sosiaalista markkinointia voidaan hy\u00f6dynt\u00e4\u00e4 nuorten seksuaaliterveyden edist\u00e4misess\u00e4? 18.3.2025 Nuorten seksuaaliterveyteen on pyritty vaikuttamaan monin eri keinoin. Kuitenkaan sosiaalisen markkinoinnin l\u00e4hestymistapaa, jossa tavoitteena on vaikuttaa ihmisen k\u00e4ytt\u00e4ytymisen muutokseen, ei Suomessa ole tiett\u00e4v\u00e4sti k\u00e4ytetty. Miksi ja miten puhua kuukautisista osana seksuaalikasvatusta? 10.1.2025 Monet aikuiset ja nuoret suhtautuvat kuukautisiin yh\u00e4 kovin tympe\u00e4sti, ja se johtuu osaksi niihin liittyv\u00e4st\u00e4 tiet\u00e4m\u00e4tt\u00f6myydest\u00e4 ja v\u00e4\u00e4rink\u00e4sityksist\u00e4. Miksi ja miten kuukautisista tulisi siis puhua? Ja kenelle?<\/p>\n","protected":false},"author":1,"featured_media":0,"parent":0,"menu_order":0,"comment_status":"closed","ping_status":"closed","template":"","meta":{"footnotes":""},"class_list":["post-2118","page","type-page","status-publish","hentry"],"jetpack_sharing_enabled":true,"_links":{"self":[{"href":"https:\/\/valvery.fi\/index.php\/wp-json\/wp\/v2\/pages\/2118","targetHints":{"allow":["GET"]}}],"collection":[{"href":"https:\/\/valvery.fi\/index.php\/wp-json\/wp\/v2\/pages"}],"about":[{"href":"https:\/\/valvery.fi\/index.php\/wp-json\/wp\/v2\/types\/page"}],"author":[{"embeddable":true,"href":"https:\/\/valvery.fi\/index.php\/wp-json\/wp\/v2\/users\/1"}],"replies":[{"embeddable":true,"href":"https:\/\/valvery.fi\/index.php\/wp-json\/wp\/v2\/comments?post=2118"}],"version-history":[{"count":24,"href":"https:\/\/valvery.fi\/index.php\/wp-json\/wp\/v2\/pages\/2118\/revisions"}],"predecessor-version":[{"id":3012,"href":"https:\/\/valvery.fi\/index.php\/wp-json\/wp\/v2\/pages\/2118\/revisions\/3012"}],"wp:attachment":[{"href":"https:\/\/valvery.fi\/index.php\/wp-json\/wp\/v2\/media?parent=2118"}],"curies":[{"name":"wp","href":"https:\/\/api.w.org\/{rel}","templated":true}]}}