{"id":2098,"date":"2025-01-05T22:11:46","date_gmt":"2025-01-05T22:11:46","guid":{"rendered":"https:\/\/valvery.fi\/?page_id=2098"},"modified":"2025-01-10T13:35:23","modified_gmt":"2025-01-10T13:35:23","slug":"tietoa-ja-materiaaleja","status":"publish","type":"page","link":"https:\/\/valvery.fi\/index.php\/tietoa-ja-materiaaleja\/","title":{"rendered":"Tietoa ja materiaaleja"},"content":{"rendered":"\n<div class=\"wp-block-buttons is-vertical is-content-justification-center is-layout-flex wp-container-core-buttons-is-layout-734eb2c2 wp-block-buttons-is-layout-flex\">\n<div class=\"wp-block-button has-custom-width wp-block-button__width-50\"><a class=\"wp-block-button__link has-white-color has-text-color has-background has-link-color wp-element-button\" href=\"https:\/\/valvery.fi\/index.php\/blogi\/\" style=\"background-color:#950334\">Seksuaalikasvatuksen blogi<\/a><\/div>\n\n\n\n<div class=\"wp-block-button has-custom-width wp-block-button__width-50\"><a class=\"wp-block-button__link has-white-color has-text-color has-background has-link-color wp-element-button\" href=\"https:\/\/valvery.fi\/index.php\/moninainen-koululuokka-opas\/\" style=\"background-color:#950334\">Moninainen koululuokka -opas<\/a><\/div>\n\n\n\n<div class=\"wp-block-button has-custom-width wp-block-button__width-50\"><a class=\"wp-block-button__link has-white-color has-text-color has-background has-link-color has-text-align-center wp-element-button\" href=\"https:\/\/valvery.fi\/index.php\/linkkeja-ja-kirjallisuutta\/\" style=\"background-color:#950334\">Hy\u00f6dyllisi\u00e4 linkkej\u00e4 ja kirjallisuutta ty\u00f6n tueksi<\/a><\/div>\n<\/div>\n\n\n\n<p><\/p>\n","protected":false},"excerpt":{"rendered":"","protected":false},"author":1,"featured_media":0,"parent":0,"menu_order":0,"comment_status":"closed","ping_status":"closed","template":"","meta":{"footnotes":""},"class_list":["post-2098","page","type-page","status-publish","hentry"],"jetpack_sharing_enabled":true,"_links":{"self":[{"href":"https:\/\/valvery.fi\/index.php\/wp-json\/wp\/v2\/pages\/2098","targetHints":{"allow":["GET"]}}],"collection":[{"href":"https:\/\/valvery.fi\/index.php\/wp-json\/wp\/v2\/pages"}],"about":[{"href":"https:\/\/valvery.fi\/index.php\/wp-json\/wp\/v2\/types\/page"}],"author":[{"embeddable":true,"href":"https:\/\/valvery.fi\/index.php\/wp-json\/wp\/v2\/users\/1"}],"replies":[{"embeddable":true,"href":"https:\/\/valvery.fi\/index.php\/wp-json\/wp\/v2\/comments?post=2098"}],"version-history":[{"count":4,"href":"https:\/\/valvery.fi\/index.php\/wp-json\/wp\/v2\/pages\/2098\/revisions"}],"predecessor-version":[{"id":2131,"href":"https:\/\/valvery.fi\/index.php\/wp-json\/wp\/v2\/pages\/2098\/revisions\/2131"}],"wp:attachment":[{"href":"https:\/\/valvery.fi\/index.php\/wp-json\/wp\/v2\/media?parent=2098"}],"curies":[{"name":"wp","href":"https:\/\/api.w.org\/{rel}","templated":true}]}}