{"id":2092,"date":"2025-01-05T22:03:08","date_gmt":"2025-01-05T22:03:08","guid":{"rendered":"https:\/\/valvery.fi\/?page_id=2092"},"modified":"2026-02-28T02:04:49","modified_gmt":"2026-02-28T02:04:49","slug":"tilaa-koulutusta","status":"publish","type":"page","link":"https:\/\/valvery.fi\/index.php\/tilaa-koulutusta\/","title":{"rendered":"Tilaa seksuaalikasvatuskoulutusta"},"content":{"rendered":"\n<p class=\"has-text-align-center\"><strong>VALVE ry:ss\u00e4 toimii asiantunteva kouluttamistiimi, jolta voit tilata seksuaalikasvatuskoulutusta omaan organisaatioosi. Tiimi vastaa my\u00f6s VALVE ry:n koulutustoiminnan organisoimisesta ja kehitt\u00e4misest\u00e4.<\/strong> <strong>Tarjolla on vuosittain my\u00f6s maksutonta avustuksien mahdollistamaa koulutusta, mutta tiedotamme n\u00e4ist\u00e4 aina erikseen.<\/strong><\/p>\n\n\n\n<p class=\"has-text-align-center\"><em>P\u00e4ivitys 28.2.2026: T\u00e4ll\u00e4 hetkell\u00e4 ei ole saatavilla maksuttomia koulutuksia.<\/em><\/p>\n\n\n\n<p class=\"has-text-align-center\">VALVE ry:lt\u00e4 tilatut koulutukset ovat l\u00e4ht\u00f6kohtaisesti hinnaltaan 200 euroa\/tunti, ellei muuta ole kouluttajan kohdalla mainittu. R\u00e4\u00e4t\u00e4l\u00f6idyt koulutuspakettihinnat ovat tosin mahdollisia ja arvioidaan tapauskohtaisesti, jos koulutuskeikan pituus on yli 4 tuntia.<\/p>\n\n\n\n<p class=\"has-text-align-center\">Koulutuspyynn\u00f6t voi l\u00e4hett\u00e4\u00e4 koulutusvastaava Anniina Alak\u00e4rp\u00e4lle (anniina.alakarppa@valvery.fi).<\/p>\n\n\n\n<div style=\"height:40px\" aria-hidden=\"true\" class=\"wp-block-spacer\"><\/div>\n\n\n\n<p class=\"has-text-align-center has-text-color has-link-color has-large-font-size wp-elements-54f0e7152cdcdfda3111f6a5396b67b2\" style=\"color:#950334\"><strong>Koulutustiimin vuoden 2026 kokoonpano<\/strong><\/p>\n\n\n\n<div class=\"wp-block-columns is-layout-flex wp-container-core-columns-is-layout-28f84493 wp-block-columns-is-layout-flex\">\n<div class=\"wp-block-column is-layout-flow wp-block-column-is-layout-flow\">\n<div class=\"wp-block-columns is-layout-flex wp-container-core-columns-is-layout-28f84493 wp-block-columns-is-layout-flex\">\n<div class=\"wp-block-column is-layout-flow wp-block-column-is-layout-flow\"><\/div>\n<\/div>\n<\/div>\n<\/div>\n\n\n\n<div class=\"wp-block-columns is-layout-flex wp-container-core-columns-is-layout-28f84493 wp-block-columns-is-layout-flex\">\n<div class=\"wp-block-column is-layout-flow wp-block-column-is-layout-flow\">\n<div class=\"wp-block-columns is-layout-flex wp-container-core-columns-is-layout-28f84493 wp-block-columns-is-layout-flex\">\n<div class=\"wp-block-column is-layout-flow wp-block-column-is-layout-flow\"><div class=\"wp-block-image\">\n<figure class=\"aligncenter size-full\"><img loading=\"lazy\" decoding=\"async\" width=\"939\" height=\"939\" src=\"https:\/\/valvery.fi\/wp-content\/uploads\/2025\/01\/Anniina_Alakarppa.jpg\" alt=\"\" class=\"wp-image-2072\" srcset=\"https:\/\/valvery.fi\/wp-content\/uploads\/2025\/01\/Anniina_Alakarppa.jpg 939w, https:\/\/valvery.fi\/wp-content\/uploads\/2025\/01\/Anniina_Alakarppa-300x300.jpg 300w, https:\/\/valvery.fi\/wp-content\/uploads\/2025\/01\/Anniina_Alakarppa-150x150.jpg 150w, https:\/\/valvery.fi\/wp-content\/uploads\/2025\/01\/Anniina_Alakarppa-768x768.jpg 768w, https:\/\/valvery.fi\/wp-content\/uploads\/2025\/01\/Anniina_Alakarppa-75x75.jpg 75w, https:\/\/valvery.fi\/wp-content\/uploads\/2025\/01\/Anniina_Alakarppa-600x600.jpg 600w, https:\/\/valvery.fi\/wp-content\/uploads\/2025\/01\/Anniina_Alakarppa-100x100.jpg 100w\" sizes=\"auto, (max-width: 939px) 100vw, 939px\" \/><figcaption class=\"wp-element-caption\"><strong>Anniina Alak\u00e4rpp\u00e4<\/strong><br><em>toimintaterapeutti (AMK), lasten ja nuorten tunnetaito-ohjaaja, seksuaalikasvattaja<\/em><br><br>Erityisosaaminen: tunne- ja turvataidot, seksuaalikasvatus eri ik\u00e4vaiheissa, seksuaalioikeudet, seksuaalinen h\u00e4irint\u00e4, ahdistelu ja v\u00e4kivalta, suostumuksen teemat, nautinto ja seksuaalisuuden moninaisuus<\/figcaption><\/figure>\n<\/div>\n\n\n<p><\/p>\n<\/div>\n\n\n\n<div class=\"wp-block-column is-layout-flow wp-block-column-is-layout-flow\"><div class=\"wp-block-image\">\n<figure class=\"aligncenter size-large\"><img loading=\"lazy\" decoding=\"async\" width=\"1024\" height=\"1024\" src=\"https:\/\/valvery.fi\/wp-content\/uploads\/2024\/02\/220521_Lotta-Linden_JIRINA-3-1-scaled-e1738216955578-1024x1024.jpg\" alt=\"\" class=\"wp-image-1468\" srcset=\"https:\/\/valvery.fi\/wp-content\/uploads\/2024\/02\/220521_Lotta-Linden_JIRINA-3-1-scaled-e1738216955578-1024x1024.jpg 1024w, https:\/\/valvery.fi\/wp-content\/uploads\/2024\/02\/220521_Lotta-Linden_JIRINA-3-1-scaled-e1738216955578-300x300.jpg 300w, https:\/\/valvery.fi\/wp-content\/uploads\/2024\/02\/220521_Lotta-Linden_JIRINA-3-1-scaled-e1738216955578-150x150.jpg 150w, https:\/\/valvery.fi\/wp-content\/uploads\/2024\/02\/220521_Lotta-Linden_JIRINA-3-1-scaled-e1738216955578-768x768.jpg 768w, https:\/\/valvery.fi\/wp-content\/uploads\/2024\/02\/220521_Lotta-Linden_JIRINA-3-1-scaled-e1738216955578-1536x1536.jpg 1536w, https:\/\/valvery.fi\/wp-content\/uploads\/2024\/02\/220521_Lotta-Linden_JIRINA-3-1-scaled-e1738216955578-1140x1140.jpg 1140w, https:\/\/valvery.fi\/wp-content\/uploads\/2024\/02\/220521_Lotta-Linden_JIRINA-3-1-scaled-e1738216955578-75x75.jpg 75w, https:\/\/valvery.fi\/wp-content\/uploads\/2024\/02\/220521_Lotta-Linden_JIRINA-3-1-scaled-e1738216955578-600x600.jpg 600w, https:\/\/valvery.fi\/wp-content\/uploads\/2024\/02\/220521_Lotta-Linden_JIRINA-3-1-scaled-e1738216955578-100x100.jpg 100w, https:\/\/valvery.fi\/wp-content\/uploads\/2024\/02\/220521_Lotta-Linden_JIRINA-3-1-scaled-e1738216955578.jpg 1707w\" sizes=\"auto, (max-width: 1024px) 100vw, 1024px\" \/><figcaption class=\"wp-element-caption\"><strong>Lotta Lind\u00e9n<\/strong><br><em>KM, erityispedagogi, seksuaalineuvoja<\/em><br><br>Erityisosaaminen: tasa-arvo-ja yhdenvertaisuusty\u00f6 kasvatuksen ja koulutuksen alalla, sateenkaarevien lasten ja nuorten turvallinen koulupolku, turvataidot, seksuaalikasvatus<\/figcaption><\/figure>\n<\/div><\/div>\n\n\n\n<div class=\"wp-block-column is-layout-flow wp-block-column-is-layout-flow\"><div class=\"wp-block-image\">\n<figure class=\"aligncenter size-large\"><img loading=\"lazy\" decoding=\"async\" width=\"1024\" height=\"1024\" src=\"https:\/\/valvery.fi\/wp-content\/uploads\/2025\/02\/Saija_Ojansuu_kouluttaja-1024x1024.jpg\" alt=\"\" class=\"wp-image-2303\" srcset=\"https:\/\/valvery.fi\/wp-content\/uploads\/2025\/02\/Saija_Ojansuu_kouluttaja-1024x1024.jpg 1024w, https:\/\/valvery.fi\/wp-content\/uploads\/2025\/02\/Saija_Ojansuu_kouluttaja-300x300.jpg 300w, https:\/\/valvery.fi\/wp-content\/uploads\/2025\/02\/Saija_Ojansuu_kouluttaja-150x150.jpg 150w, https:\/\/valvery.fi\/wp-content\/uploads\/2025\/02\/Saija_Ojansuu_kouluttaja-768x768.jpg 768w, https:\/\/valvery.fi\/wp-content\/uploads\/2025\/02\/Saija_Ojansuu_kouluttaja-1536x1536.jpg 1536w, https:\/\/valvery.fi\/wp-content\/uploads\/2025\/02\/Saija_Ojansuu_kouluttaja-2048x2048.jpg 2048w, https:\/\/valvery.fi\/wp-content\/uploads\/2025\/02\/Saija_Ojansuu_kouluttaja-1140x1140.jpg 1140w, https:\/\/valvery.fi\/wp-content\/uploads\/2025\/02\/Saija_Ojansuu_kouluttaja-75x75.jpg 75w, https:\/\/valvery.fi\/wp-content\/uploads\/2025\/02\/Saija_Ojansuu_kouluttaja-600x600.jpg 600w, https:\/\/valvery.fi\/wp-content\/uploads\/2025\/02\/Saija_Ojansuu_kouluttaja-100x100.jpg 100w\" sizes=\"auto, (max-width: 1024px) 100vw, 1024px\" \/><figcaption class=\"wp-element-caption\"><mark style=\"background-color:rgba(0, 0, 0, 0)\" class=\"has-inline-color has-black-color\"><strong>Saija Ojansuu<\/strong><br><em>sukupuolentutkimuksen opiskelija, auktorisoitu seksuaalineuvoja, yhteis\u00f6pedagogi (AMK), lastenohjaaja (PT)<\/em><\/mark><br><br>Erityisosaaminen: seksuaalisuuden ja sukupuolen moninaisuus, p\u00e4ihde- ja peli-\/someteemat, digitaalinen h\u00e4irint\u00e4 ja turvataidot, neuromoninaisuus- ja erityisyys<\/figcaption><\/figure>\n<\/div><\/div>\n<\/div>\n<\/div>\n<\/div>\n\n\n\n<div class=\"wp-block-columns is-layout-flex wp-container-core-columns-is-layout-28f84493 wp-block-columns-is-layout-flex\">\n<div class=\"wp-block-column is-layout-flow wp-block-column-is-layout-flow\"><div class=\"wp-block-image\">\n<figure class=\"aligncenter size-large\"><img loading=\"lazy\" decoding=\"async\" width=\"1024\" height=\"1024\" src=\"https:\/\/valvery.fi\/wp-content\/uploads\/2025\/02\/Sofia_Sarkava_kouluttaja-1024x1024.jpg\" alt=\"\" class=\"wp-image-2320\" srcset=\"https:\/\/valvery.fi\/wp-content\/uploads\/2025\/02\/Sofia_Sarkava_kouluttaja-1024x1024.jpg 1024w, https:\/\/valvery.fi\/wp-content\/uploads\/2025\/02\/Sofia_Sarkava_kouluttaja-300x300.jpg 300w, https:\/\/valvery.fi\/wp-content\/uploads\/2025\/02\/Sofia_Sarkava_kouluttaja-150x150.jpg 150w, https:\/\/valvery.fi\/wp-content\/uploads\/2025\/02\/Sofia_Sarkava_kouluttaja-768x768.jpg 768w, https:\/\/valvery.fi\/wp-content\/uploads\/2025\/02\/Sofia_Sarkava_kouluttaja-1140x1140.jpg 1140w, https:\/\/valvery.fi\/wp-content\/uploads\/2025\/02\/Sofia_Sarkava_kouluttaja-75x75.jpg 75w, https:\/\/valvery.fi\/wp-content\/uploads\/2025\/02\/Sofia_Sarkava_kouluttaja-600x600.jpg 600w, https:\/\/valvery.fi\/wp-content\/uploads\/2025\/02\/Sofia_Sarkava_kouluttaja-100x100.jpg 100w, https:\/\/valvery.fi\/wp-content\/uploads\/2025\/02\/Sofia_Sarkava_kouluttaja.jpg 1294w\" sizes=\"auto, (max-width: 1024px) 100vw, 1024px\" \/><figcaption class=\"wp-element-caption\"><strong>Sofia Sarkava<\/strong><br><em>yhteis\u00f6pedagogi (AMK), seksuaalikasvattaja<\/em><br><br>Erityisosaaminen: pornokasvatus, seksin moninaisuus, seksuaalioikeudet, seksuaaliterveys<\/figcaption><\/figure>\n<\/div><\/div>\n\n\n\n<div class=\"wp-block-column is-layout-flow wp-block-column-is-layout-flow\"><div class=\"wp-block-image\">\n<figure class=\"aligncenter size-large\"><img loading=\"lazy\" decoding=\"async\" width=\"1024\" height=\"1024\" src=\"https:\/\/valvery.fi\/wp-content\/uploads\/2026\/02\/Riikka_1993-kopio-e1770153650515-1024x1024.jpg\" alt=\"\" class=\"wp-image-3068\" srcset=\"https:\/\/valvery.fi\/wp-content\/uploads\/2026\/02\/Riikka_1993-kopio-e1770153650515-1024x1024.jpg 1024w, https:\/\/valvery.fi\/wp-content\/uploads\/2026\/02\/Riikka_1993-kopio-e1770153650515-300x300.jpg 300w, https:\/\/valvery.fi\/wp-content\/uploads\/2026\/02\/Riikka_1993-kopio-e1770153650515-150x150.jpg 150w, https:\/\/valvery.fi\/wp-content\/uploads\/2026\/02\/Riikka_1993-kopio-e1770153650515-768x768.jpg 768w, https:\/\/valvery.fi\/wp-content\/uploads\/2026\/02\/Riikka_1993-kopio-e1770153650515-1140x1140.jpg 1140w, https:\/\/valvery.fi\/wp-content\/uploads\/2026\/02\/Riikka_1993-kopio-e1770153650515-75x75.jpg 75w, https:\/\/valvery.fi\/wp-content\/uploads\/2026\/02\/Riikka_1993-kopio-e1770153650515-600x600.jpg 600w, https:\/\/valvery.fi\/wp-content\/uploads\/2026\/02\/Riikka_1993-kopio-e1770153650515-100x100.jpg 100w, https:\/\/valvery.fi\/wp-content\/uploads\/2026\/02\/Riikka_1993-kopio-e1770153650515.jpg 1180w\" sizes=\"auto, (max-width: 1024px) 100vw, 1024px\" \/><figcaption class=\"wp-element-caption\"><strong>Riikka P\u00f6ntinen<\/strong><br><em>KM, YTM, seksuaalineuvoja ja -kasvattaja<\/em><br><br>Erityisosaaminen: sukupuolen ja seksuaMinuun voit olla yhteydess\u00e4 asiassa kuin asiassa, v\u00e4lit\u00e4n viestisi tarvittaessa otollisemmalle henkil\u00f6lle.alisuuden moninaisuus, seksuaalioikeudet, suostumus, nautinto, sukupuolen ja seksuaalisuuden yhteiskunnalliset kytkenn\u00e4t<\/figcaption><\/figure>\n<\/div><\/div>\n\n\n\n<div class=\"wp-block-column is-layout-flow wp-block-column-is-layout-flow\"><\/div>\n<\/div>\n\n\n\n<p class=\"has-text-align-center has-text-color has-link-color has-large-font-size wp-elements-c94cd8f8657f53f8ddf369ab61660246\" style=\"color:#950334\"><\/p>\n\n\n\n<div style=\"height:50px\" aria-hidden=\"true\" class=\"wp-block-spacer\"><\/div>\n\n\n\n<p class=\"has-text-align-center\"><\/p>\n\n\n\n<div class=\"wp-block-columns is-layout-flex wp-container-core-columns-is-layout-28f84493 wp-block-columns-is-layout-flex\">\n<div class=\"wp-block-column is-layout-flow wp-block-column-is-layout-flow\" style=\"flex-basis:66.66%\">\n<p class=\"has-text-align-left has-text-color has-link-color has-large-font-size wp-elements-9d1d395fa5bcf621b4571034d76af8f1\" style=\"color:#950334\"><strong>Haluatko kouluttajaksi?<\/strong><\/p>\n\n\n\n<div style=\"height:25px\" aria-hidden=\"true\" class=\"wp-block-spacer\"><\/div>\n\n\n\n<p class=\"has-text-align-left\">Kyselyt koulutustiimiin liittymisest\u00e4 tai VALVE ry:n kouluttajaksi hakemisesta sek\u00e4 muut yhteisty\u00f6pyynn\u00f6t voi osoittaa koulutusvastaaville eli Anniina Alak\u00e4rp\u00e4lle (anniina.alakarppa@valvery.fi) tai Eeva Lehtiselle (eeva.lehtinen@valvery.fi).<\/p>\n\n\n\n<p class=\"has-text-align-left\">VALVE ry on avoin kaikenlaisille uusille yhteisty\u00f6ehdotuksille, joten jos haet esimerkiksi hankekumppania tai haluat meid\u00e4t mukaan tapahtumaasi, ole rohkeasti yhteydess\u00e4!<\/p>\n<\/div>\n\n\n\n<div class=\"wp-block-column is-layout-flow wp-block-column-is-layout-flow\" style=\"flex-basis:20px\"><\/div>\n\n\n\n<div class=\"wp-block-column is-layout-flow wp-block-column-is-layout-flow\" style=\"flex-basis:33.33%\">\n<p class=\"has-text-align-left has-text-color has-link-color has-large-font-size wp-elements-2f6b24352ffb0ab26cd39ee1c75ebb6c\" style=\"color:#950334\"><strong>Muut koulutukset<\/strong><\/p>\n\n\n\n<p>Toteutamme my\u00f6s maksuttomia koulutuksia, joista tiedotamme erikseen <a href=\"https:\/\/valvery.fi\/index.php\/koulutus-ja-tapahtumat\/\">Koulutukset ja tapahtumat -sivulla<\/a>.<\/p>\n<\/div>\n<\/div>\n\n\n\n<p><\/p>\n","protected":false},"excerpt":{"rendered":"<p>VALVE ry:ss\u00e4 toimii asiantunteva kouluttamistiimi, jolta voit tilata seksuaalikasvatuskoulutusta omaan organisaatioosi. Tiimi vastaa my\u00f6s VALVE ry:n koulutustoiminnan organisoimisesta ja kehitt\u00e4misest\u00e4. Tarjolla on vuosittain my\u00f6s maksutonta avustuksien mahdollistamaa koulutusta, mutta tiedotamme n\u00e4ist\u00e4 aina erikseen. P\u00e4ivitys 28.2.2026: T\u00e4ll\u00e4 hetkell\u00e4 ei ole saatavilla maksuttomia koulutuksia. VALVE ry:lt\u00e4 tilatut koulutukset ovat l\u00e4ht\u00f6kohtaisesti hinnaltaan 200 euroa\/tunti, ellei muuta ole kouluttajan kohdalla mainittu. R\u00e4\u00e4t\u00e4l\u00f6idyt koulutuspakettihinnat ovat tosin mahdollisia ja arvioidaan tapauskohtaisesti, jos koulutuskeikan pituus on yli 4 tuntia. Koulutuspyynn\u00f6t voi l\u00e4hett\u00e4\u00e4 koulutusvastaava Anniina Alak\u00e4rp\u00e4lle (anniina.alakarppa@valvery.fi). Koulutustiimin vuoden 2026 kokoonpano Haluatko kouluttajaksi? Kyselyt koulutustiimiin liittymisest\u00e4 tai VALVE ry:n kouluttajaksi hakemisesta sek\u00e4 muut yhteisty\u00f6pyynn\u00f6t voi osoittaa koulutusvastaaville eli Anniina Alak\u00e4rp\u00e4lle (anniina.alakarppa@valvery.fi) tai Eeva Lehtiselle (eeva.lehtinen@valvery.fi). VALVE ry on avoin kaikenlaisille uusille yhteisty\u00f6ehdotuksille, joten jos haet esimerkiksi hankekumppania tai haluat meid\u00e4t mukaan tapahtumaasi, ole rohkeasti yhteydess\u00e4! Muut koulutukset Toteutamme my\u00f6s maksuttomia koulutuksia, joista tiedotamme erikseen Koulutukset ja tapahtumat -sivulla.<\/p>\n","protected":false},"author":1,"featured_media":0,"parent":0,"menu_order":0,"comment_status":"closed","ping_status":"closed","template":"","meta":{"footnotes":""},"class_list":["post-2092","page","type-page","status-publish","hentry"],"jetpack_sharing_enabled":true,"_links":{"self":[{"href":"https:\/\/valvery.fi\/index.php\/wp-json\/wp\/v2\/pages\/2092","targetHints":{"allow":["GET"]}}],"collection":[{"href":"https:\/\/valvery.fi\/index.php\/wp-json\/wp\/v2\/pages"}],"about":[{"href":"https:\/\/valvery.fi\/index.php\/wp-json\/wp\/v2\/types\/page"}],"author":[{"embeddable":true,"href":"https:\/\/valvery.fi\/index.php\/wp-json\/wp\/v2\/users\/1"}],"replies":[{"embeddable":true,"href":"https:\/\/valvery.fi\/index.php\/wp-json\/wp\/v2\/comments?post=2092"}],"version-history":[{"count":22,"href":"https:\/\/valvery.fi\/index.php\/wp-json\/wp\/v2\/pages\/2092\/revisions"}],"predecessor-version":[{"id":3139,"href":"https:\/\/valvery.fi\/index.php\/wp-json\/wp\/v2\/pages\/2092\/revisions\/3139"}],"wp:attachment":[{"href":"https:\/\/valvery.fi\/index.php\/wp-json\/wp\/v2\/media?parent=2092"}],"curies":[{"name":"wp","href":"https:\/\/api.w.org\/{rel}","templated":true}]}}