{"id":1688,"date":"2024-06-12T06:27:55","date_gmt":"2024-06-12T06:27:55","guid":{"rendered":"https:\/\/valvery.fi\/?page_id=1688"},"modified":"2024-12-11T08:55:50","modified_gmt":"2024-12-11T08:55:50","slug":"seksuaalikasvattajien-paivat-2024","status":"publish","type":"page","link":"https:\/\/valvery.fi\/index.php\/kouluttaminen-ja-materiaalit\/seksuaalikasvattajien-paivat-2024\/","title":{"rendered":""},"content":{"rendered":"\n<div class=\"wp-block-columns is-layout-flex wp-container-core-columns-is-layout-28f84493 wp-block-columns-is-layout-flex\">\n<div class=\"wp-block-column is-layout-flow wp-block-column-is-layout-flow\"><\/div>\n<\/div>\n\n\n\n<p class=\"has-text-align-center\">VALVE ry j\u00e4rjest\u00e4\u00e4 ensimm\u00e4ist\u00e4 kertaa Seksuaalikasvattajien p\u00e4iv\u00e4t -ammattilaistapahtuman <strong>Tampereella perjantaina 25.10.2024 klo 10-17<\/strong>. Tapahtumapaikkana toimivat Kumppanuustalo Arttelin tilat (Mustalahdenkatu 22, l\u00e4hell\u00e4 p\u00e4\u00e4kirjasto Metsoa). Tapahtumaan on mahdollista osallistua <strong>my\u00f6s et\u00e4n\u00e4<\/strong> livestreamin kautta.<\/p>\n\n\n\n<p class=\"has-text-align-center\">Seksuaalikasvattajien p\u00e4iv\u00e4t on tarkoitettu ammatilliseen verkostoitumiseen seksuaalikasvatuksen teemojen \u00e4\u00e4rell\u00e4 sek\u00e4 keskusteluareenan ja tuen tarjoamiseen ammattilaisille, joiden ty\u00f6h\u00f6n sis\u00e4ltyy seksuaalikasvatusta ja\/tai seksuaalisuuden teemoja. Tapahtumaan ovat tervetulleita my\u00f6s esimerkiksi opiskelijat ja seksuaalikasvatuksesta kiinnostuneet!<\/p>\n\n\n\n<p class=\"has-text-align-center\">Tapahtuman teemana on <strong>seksuaalisuuden ilo<\/strong>. P\u00e4iv\u00e4n aikana p\u00e4\u00e4set seuraamaan asiantuntijapuheenvuoroja ja keskustelupaneelia sek\u00e4 osallistumaan valitsemaasi ty\u00f6pajaan. Lis\u00e4ksi paikalla on n\u00e4ytteilleasettajia, joiden tuotteisiin ja palveluihin sinulla on mahdollisuus tutustua. Katso Seksuaalikasvattajien p\u00e4ivien koko ohjelma alta. Huom. Tapahtumaan ilmoittautuminen on p\u00e4\u00e4ttynyt.<\/p>\n\n\n\n<p class=\"has-text-align-center\">Ohjelman alta l\u00f6yd\u00e4t saapumisohjeet sek\u00e4 esteett\u00f6myys-\/esteellisyystiedot.<\/p>\n\n\n\n<div class=\"wp-block-columns is-layout-flex wp-container-core-columns-is-layout-28f84493 wp-block-columns-is-layout-flex\">\n<div class=\"wp-block-column is-layout-flow wp-block-column-is-layout-flow\"><\/div>\n<\/div>\n\n\n\n<div class=\"wp-block-columns is-layout-flex wp-container-core-columns-is-layout-28f84493 wp-block-columns-is-layout-flex\">\n<div class=\"wp-block-column is-layout-flow wp-block-column-is-layout-flow\"><\/div>\n<\/div>\n\n\n\n<p><\/p>\n\n\n\n<h2 class=\"wp-block-heading has-text-color has-link-color wp-elements-aa7cf6d6dbc72e795df0b7d79eb4ae8f\" style=\"color:#950334\">Ohjelma<\/h2>\n\n\n\n<div class=\"wp-block-columns is-layout-flex wp-container-core-columns-is-layout-28f84493 wp-block-columns-is-layout-flex\">\n<div class=\"wp-block-column is-layout-flow wp-block-column-is-layout-flow\"><\/div>\n<\/div>\n\n\n\n<p><strong>10:00-10:15<\/strong> Tervetuliaispuhe<\/p>\n\n\n\n<p class=\"has-text-align-left\"><strong>10:15-11:15<\/strong> Puheenvuorot:<\/p>\n\n\n\n<ul class=\"wp-block-list\">\n<li>Maria Nikunlaakso (V\u00e4est\u00f6liitto): Mit\u00e4 nuoret haluavat tiet\u00e4\u00e4 seksist\u00e4 ja seksuaalisuudesta? Kokemuksia V\u00e4est\u00f6liiton anonyymista seksuaalineuvontachatista<\/li>\n\n\n\n<li>Hanna Putkonen (It\u00e4-Suomen yliopisto): Nuorten seksuaaliterveyden edist\u00e4minen sosiaalisen markkinoinnin keinoin<\/li>\n<\/ul>\n\n\n\n<p class=\"has-text-align-left\"><strong>11:15-11:30<\/strong> Tauko<\/p>\n\n\n\n<p class=\"has-text-align-left\"><strong>11:30-12:30<\/strong> Keskustelupaneeli: seksuaalikasvatusta ilon ja nautinnon n\u00e4k\u00f6kulmasta. Panelisteina Anniina Alak\u00e4rpp\u00e4 (seksuaalikasvattaja), Anni P\u00e4til\u00e4 (Sua varten somessa), Sofia Sarkava (Lady Clitter) ja Ville Savonlahti (Miehet ry)<\/p>\n\n\n\n<p class=\"has-text-align-left\"><strong>12:30-13:30<\/strong> Lounastauko<\/p>\n\n\n\n<p class=\"has-text-align-left\"><strong>13:30-14:15<\/strong> P\u00e4\u00e4puhuja Joonas Pesonen: Pojat, seksi ja seksuaalisuus &#8211; Onko koolla v\u00e4li\u00e4?<\/p>\n\n\n\n<p class=\"has-text-align-left\"><strong>14:15-14:30<\/strong> Tauko\/siirtyminen ty\u00f6pajoihin<\/p>\n\n\n\n<p class=\"has-text-align-left\"><strong>14:30-16:00<\/strong> Ty\u00f6pajat, valitse yksi (Huom! Ei et\u00e4yhteytt\u00e4, vain paikan p\u00e4\u00e4ll\u00e4 Tampereella):<\/p>\n\n\n\n<ul class=\"wp-block-list\">\n<li>Sofia Sarkava: Ne Aikuisten Videot -ty\u00f6paja<\/li>\n\n\n\n<li>Marja Holkeri: Kehomieliyhteys ja sen vahvistaminen seksuaalikasvatusty\u00f6ss\u00e4<\/li>\n\n\n\n<li>Kuroa Kollektiivi: Teatterin ja taiteen hy\u00f6dynt\u00e4minen koulujen seksuaalikasvatuksessa<\/li>\n<\/ul>\n\n\n\n<p class=\"has-text-align-left\"><strong>16:00-16:15<\/strong> Tauko<\/p>\n\n\n\n<p class=\"has-text-align-left\"><strong>16:15-16:45<\/strong> Puheenvuoro: Saara Reiman ja Riikka P\u00f6ntinen: Ei ole v\u00e4\u00e4r\u00e4\u00e4 kommunikaatiota, on vain erilaisia kommunikointitapoja &#8211; autistien ja neurotyypillisten ihmisten v\u00e4lisen vuorovaikutuksen haasteet ja vahvuudet<\/p>\n\n\n\n<p class=\"has-text-align-left\"><strong>16:45-17:00<\/strong> Tampereen kaupungin tervehdys ja p\u00e4\u00e4t\u00f6ssanat<\/p>\n\n\n\n<div class=\"wp-block-columns is-layout-flex wp-container-core-columns-is-layout-28f84493 wp-block-columns-is-layout-flex\">\n<div class=\"wp-block-column is-layout-flow wp-block-column-is-layout-flow\"><\/div>\n<\/div>\n\n\n\n<p><\/p>\n\n\n\n<div class=\"wp-block-columns is-layout-flex wp-container-core-columns-is-layout-28f84493 wp-block-columns-is-layout-flex\">\n<div class=\"wp-block-column is-layout-flow wp-block-column-is-layout-flow\"><\/div>\n<\/div>\n\n\n\n<h3 class=\"wp-block-heading has-text-color has-link-color wp-elements-3861e7062583978e44f49c9b42cb277b\" style=\"color:#950334\">Saapumisohjeet sek\u00e4 esteett\u00f6myys-\/esteellisyystiedot<\/h3>\n\n\n\n<div class=\"wp-block-columns is-layout-flex wp-container-core-columns-is-layout-28f84493 wp-block-columns-is-layout-flex\">\n<div class=\"wp-block-column is-layout-flow wp-block-column-is-layout-flow\"><\/div>\n<\/div>\n\n\n\n<p class=\"has-text-align-left\"><strong>Kumppanuustalo Arttelin osoite: <\/strong>Mustalahdenkatu 22, Tampere. (Puutarhankatu 22).<\/p>\n\n\n\n<p class=\"has-text-align-left\"><strong>Julkisella liikenteell\u00e4: <\/strong>Arttelin l\u00e4heisyyteen p\u00e4\u00e4set<strong> <\/strong>Rautatieaseman l\u00e4heisyydest\u00e4 ja Keskustorilta raitiovaunulla linjalla 1 ja Tampereen keskustorilta Nyssen paikallisliikenteen bussilinjoilla: 7, 8, 9, 19, 80 ja 82.<\/p>\n\n\n\n<p class=\"has-text-align-left\"><a href=\"https:\/\/reittiopas.tampere.fi\" target=\"_blank\" rel=\"noreferrer noopener\">Nysse.fi<\/a><a href=\"https:\/\/reittiopas.tampere.fi\" target=\"_blank\" rel=\"noreferrer noopener\"> <\/a><a href=\"https:\/\/reittiopas.tampere.fi\" target=\"_blank\" rel=\"noreferrer noopener\">reittioppaasta<\/a> l\u00f6yd\u00e4t tarkemmat aikataulut ja kartat.<\/p>\n\n\n\n<p class=\"has-text-align-left\"><strong>K\u00e4vellen tai py\u00f6r\u00e4illen: <\/strong>Tampereen Keskustorilta noin 750 metri\u00e4, Rautatieasemalta 1,5 km ja linja-autoasemalta 1,6 km.<\/p>\n\n\n\n<p class=\"has-text-align-left\"><strong>Parkkipaikka: <\/strong>Ei ole vieraspys\u00e4k\u00f6inti\u00e4.<strong> <\/strong>Maksulliset parkkipaikat sijaitsevat Mustanlahdenkadulla (2. vy\u00f6hyke) ja Puutarhankadulla (3. vy\u00f6hyke).<\/p>\n\n\n\n<p class=\"has-text-align-left\"><strong>Tapahtumatilat <\/strong>sijaitsee katukerroksessa ja k\u00e4ynti on katutasosta sis\u00e4\u00e4n, jossa on kaksiovinen (180cm) leve\u00e4 sis\u00e4\u00e4nk\u00e4ynti. My\u00f6s kaksi eri tasossa olevaa ulko-oven levyist\u00e4 luiskaa liikkumista ja apuv\u00e4lineit\u00e4 varten. <strong>Ulko-oven l\u00e4heisyydess\u00e4 on t\u00e4ll\u00e4 hetkell\u00e4 ty\u00f6maa, joten esteet\u00f6n kulku tilaan on helpoin etuoven edest\u00e4 tai ulko-oven oikealta puolelta katutasosta.<\/strong><strong><\/strong><\/p>\n\n\n\n<p class=\"has-text-align-left\"><strong>Tapahtumatilan k\u00e4yt\u00e4v\u00e4 on leve\u00e4, sek\u00e4 muut tilat<\/strong><strong> <\/strong><strong>helppokulkuisia. <\/strong>Ovissa on luiskat sek\u00e4 irtaimisto tiloissa on siirrett\u00e4viss\u00e4. Tilaa l\u00f6ytyy v\u00e4lj\u00e4sti kaikille osallistujille. Kaikissa tiloissa on kattovalaistus ja pinnat ovat vaaleita.<\/p>\n\n\n\n<p class=\"has-text-align-left\"><strong>WC-tilat<\/strong> ovat sukupuolineutraaleja. Tapahtumakerroksen vessan kynnyksen korkeus on n. 2 cm ja oviaukon leveys 100 cm. WC-tiloja on my\u00f6s muissa kerroksia, mutta kulku niihin on esteellinen.<\/p>\n\n\n\n<p class=\"has-text-align-left\"><strong>Tiloissa ei ole induktiosilmukkaa. Tulkkausta ei j\u00e4rjest\u00e4jien puolesta valitettavasti ole j\u00e4rjestett\u00e4viss\u00e4.<\/strong><strong><\/strong><\/p>\n\n\n\n<div class=\"wp-block-columns is-layout-flex wp-container-core-columns-is-layout-28f84493 wp-block-columns-is-layout-flex\">\n<div class=\"wp-block-column is-layout-flow wp-block-column-is-layout-flow\"><\/div>\n<\/div>\n","protected":false},"excerpt":{"rendered":"<p>VALVE ry j\u00e4rjest\u00e4\u00e4 ensimm\u00e4ist\u00e4 kertaa Seksuaalikasvattajien p\u00e4iv\u00e4t -ammattilaistapahtuman Tampereella perjantaina 25.10.2024 klo 10-17. Tapahtumapaikkana toimivat Kumppanuustalo Arttelin tilat (Mustalahdenkatu 22, l\u00e4hell\u00e4 p\u00e4\u00e4kirjasto Metsoa). Tapahtumaan on mahdollista osallistua my\u00f6s et\u00e4n\u00e4 livestreamin kautta. Seksuaalikasvattajien p\u00e4iv\u00e4t on tarkoitettu ammatilliseen verkostoitumiseen seksuaalikasvatuksen teemojen \u00e4\u00e4rell\u00e4 sek\u00e4 keskusteluareenan ja tuen tarjoamiseen ammattilaisille, joiden ty\u00f6h\u00f6n sis\u00e4ltyy seksuaalikasvatusta ja\/tai seksuaalisuuden teemoja. Tapahtumaan ovat tervetulleita my\u00f6s esimerkiksi opiskelijat ja seksuaalikasvatuksesta kiinnostuneet! Tapahtuman teemana on seksuaalisuuden ilo. P\u00e4iv\u00e4n aikana p\u00e4\u00e4set seuraamaan asiantuntijapuheenvuoroja ja keskustelupaneelia sek\u00e4 osallistumaan valitsemaasi ty\u00f6pajaan. Lis\u00e4ksi paikalla on n\u00e4ytteilleasettajia, joiden tuotteisiin ja palveluihin sinulla on mahdollisuus tutustua. Katso Seksuaalikasvattajien p\u00e4ivien koko ohjelma alta. Huom. Tapahtumaan ilmoittautuminen on p\u00e4\u00e4ttynyt. Ohjelman alta l\u00f6yd\u00e4t saapumisohjeet sek\u00e4 esteett\u00f6myys-\/esteellisyystiedot. Ohjelma 10:00-10:15 Tervetuliaispuhe 10:15-11:15 Puheenvuorot: 11:15-11:30 Tauko 11:30-12:30 Keskustelupaneeli: seksuaalikasvatusta ilon ja nautinnon n\u00e4k\u00f6kulmasta. Panelisteina Anniina Alak\u00e4rpp\u00e4 (seksuaalikasvattaja), Anni P\u00e4til\u00e4 (Sua varten somessa), Sofia Sarkava (Lady Clitter) ja Ville Savonlahti (Miehet ry) 12:30-13:30 Lounastauko 13:30-14:15 P\u00e4\u00e4puhuja Joonas Pesonen: Pojat, seksi ja seksuaalisuus &#8211; Onko koolla v\u00e4li\u00e4? 14:15-14:30 Tauko\/siirtyminen ty\u00f6pajoihin 14:30-16:00 Ty\u00f6pajat, valitse yksi (Huom! Ei et\u00e4yhteytt\u00e4, vain paikan p\u00e4\u00e4ll\u00e4 Tampereella): 16:00-16:15 Tauko 16:15-16:45 Puheenvuoro: Saara Reiman ja Riikka P\u00f6ntinen: Ei ole v\u00e4\u00e4r\u00e4\u00e4 kommunikaatiota, on vain erilaisia kommunikointitapoja &#8211; autistien ja neurotyypillisten ihmisten v\u00e4lisen vuorovaikutuksen haasteet ja vahvuudet 16:45-17:00 Tampereen kaupungin tervehdys ja p\u00e4\u00e4t\u00f6ssanat Saapumisohjeet sek\u00e4 esteett\u00f6myys-\/esteellisyystiedot Kumppanuustalo Arttelin osoite: Mustalahdenkatu 22, Tampere. (Puutarhankatu 22). Julkisella liikenteell\u00e4: Arttelin l\u00e4heisyyteen p\u00e4\u00e4set Rautatieaseman l\u00e4heisyydest\u00e4 ja Keskustorilta raitiovaunulla linjalla 1 ja Tampereen keskustorilta Nyssen paikallisliikenteen bussilinjoilla: 7, 8, 9, 19, 80 ja 82. Nysse.fi reittioppaasta l\u00f6yd\u00e4t tarkemmat aikataulut ja kartat. K\u00e4vellen tai py\u00f6r\u00e4illen: Tampereen Keskustorilta noin 750 metri\u00e4, Rautatieasemalta 1,5 km ja linja-autoasemalta 1,6 km. Parkkipaikka: Ei ole vieraspys\u00e4k\u00f6inti\u00e4. Maksulliset parkkipaikat sijaitsevat Mustanlahdenkadulla (2. vy\u00f6hyke) ja Puutarhankadulla (3. vy\u00f6hyke). Tapahtumatilat sijaitsee katukerroksessa ja k\u00e4ynti on katutasosta sis\u00e4\u00e4n, jossa on kaksiovinen (180cm) leve\u00e4 sis\u00e4\u00e4nk\u00e4ynti. My\u00f6s kaksi eri tasossa olevaa ulko-oven levyist\u00e4 luiskaa liikkumista ja apuv\u00e4lineit\u00e4 varten. Ulko-oven l\u00e4heisyydess\u00e4 on t\u00e4ll\u00e4 hetkell\u00e4 ty\u00f6maa, joten esteet\u00f6n kulku tilaan on helpoin etuoven edest\u00e4 tai ulko-oven oikealta puolelta katutasosta. Tapahtumatilan k\u00e4yt\u00e4v\u00e4 on leve\u00e4, sek\u00e4 muut tilat helppokulkuisia. Ovissa on luiskat sek\u00e4 irtaimisto tiloissa on siirrett\u00e4viss\u00e4. Tilaa l\u00f6ytyy v\u00e4lj\u00e4sti kaikille osallistujille. Kaikissa tiloissa on kattovalaistus ja pinnat ovat vaaleita. WC-tilat ovat sukupuolineutraaleja. Tapahtumakerroksen vessan kynnyksen korkeus on n. 2 cm ja oviaukon leveys 100 cm. WC-tiloja on my\u00f6s muissa kerroksia, mutta kulku niihin on esteellinen. Tiloissa ei ole induktiosilmukkaa. Tulkkausta ei j\u00e4rjest\u00e4jien puolesta valitettavasti ole j\u00e4rjestett\u00e4viss\u00e4.<\/p>\n","protected":false},"author":1,"featured_media":1750,"parent":1393,"menu_order":1,"comment_status":"closed","ping_status":"closed","template":"","meta":{"footnotes":""},"class_list":["post-1688","page","type-page","status-publish","has-post-thumbnail","hentry"],"jetpack_sharing_enabled":true,"_links":{"self":[{"href":"https:\/\/valvery.fi\/index.php\/wp-json\/wp\/v2\/pages\/1688","targetHints":{"allow":["GET"]}}],"collection":[{"href":"https:\/\/valvery.fi\/index.php\/wp-json\/wp\/v2\/pages"}],"about":[{"href":"https:\/\/valvery.fi\/index.php\/wp-json\/wp\/v2\/types\/page"}],"author":[{"embeddable":true,"href":"https:\/\/valvery.fi\/index.php\/wp-json\/wp\/v2\/users\/1"}],"replies":[{"embeddable":true,"href":"https:\/\/valvery.fi\/index.php\/wp-json\/wp\/v2\/comments?post=1688"}],"version-history":[{"count":42,"href":"https:\/\/valvery.fi\/index.php\/wp-json\/wp\/v2\/pages\/1688\/revisions"}],"predecessor-version":[{"id":2034,"href":"https:\/\/valvery.fi\/index.php\/wp-json\/wp\/v2\/pages\/1688\/revisions\/2034"}],"up":[{"embeddable":true,"href":"https:\/\/valvery.fi\/index.php\/wp-json\/wp\/v2\/pages\/1393"}],"wp:featuredmedia":[{"embeddable":true,"href":"https:\/\/valvery.fi\/index.php\/wp-json\/wp\/v2\/media\/1750"}],"wp:attachment":[{"href":"https:\/\/valvery.fi\/index.php\/wp-json\/wp\/v2\/media?parent=1688"}],"curies":[{"name":"wp","href":"https:\/\/api.w.org\/{rel}","templated":true}]}}