{"id":1585,"date":"2024-05-13T12:13:26","date_gmt":"2024-05-13T12:13:26","guid":{"rendered":"https:\/\/valvery.fi\/?page_id=1585"},"modified":"2025-04-24T05:03:43","modified_gmt":"2025-04-24T05:03:43","slug":"moninainen-koululuokka-opas","status":"publish","type":"page","link":"https:\/\/valvery.fi\/index.php\/moninainen-koululuokka-opas\/","title":{"rendered":"Moninainen koululuokka -opas"},"content":{"rendered":"\n<div class=\"wp-block-columns is-layout-flex wp-container-core-columns-is-layout-28f84493 wp-block-columns-is-layout-flex\">\n<div class=\"wp-block-column is-layout-flow wp-block-column-is-layout-flow\"><\/div>\n<\/div>\n\n\n\n<p class=\"has-text-align-left\">VALVE ry tuotti vuonna 2023 Alli Paasikiven s\u00e4\u00e4ti\u00f6n kehitt\u00e4misapurahan turvin <em><strong>Moninainen koululuokka<\/strong><\/em> -oppimateriaalipaketin. Oppimateriaalipaketti sis\u00e4lt\u00e4\u00e4 tietoa ja ty\u00f6kaluja sukupuolen ja seksuaalisuuden moninaisuuden kohtaamiseen sek\u00e4 ihmissuhteisiin ja seksiin liittyvien ilmi\u00f6iden k\u00e4sittelyyn koulun ty\u00f6arjessa esimerkiksi seksuaalikasvatuksen tunneilla. Oppimateriaalipaketti on ensisijaisesti kohdennettu yl\u00e4kouluik\u00e4isten nuorten kanssa ty\u00f6skenteleville opetusalan ammattilaisille, mutta soveltuu my\u00f6s muiden nuorten kanssa ty\u00f6t\u00e4 tekevien ammattilaisten k\u00e4ytt\u00f6\u00f6n.<\/p>\n\n\n\n<p class=\"has-text-align-left\">Teoksen on kirjoittanut ja sis\u00e4ll\u00f6llisesti suunnitellut YTM Eppu Heikkil\u00e4, ja sen on kuvittanut graafikko Kaisa Malinen. Oppimateriaalipaketin suunnittelussa mukana on ollut my\u00f6s moniammatillinen seksuaalikasvatuksen asiantuntijoiden ty\u00f6ryhm\u00e4. Suunnittelussa on k\u00e4ytetty hy\u00f6dyksi Setan yll\u00e4pit\u00e4m\u00e4n verkkonuorisotalo Loisteen k\u00e4vij\u00f6iden eli sateenkaarinuorten kommentteja sek\u00e4 muiden ulkopuolisten asiantuntijoiden tietoutta. Oppaan painon ja taiton tuottivat Turun Ammatti-Instituutin opiskelijat. Oppaan taustaty\u00f6ryhm\u00e4n\u00e4 toimivat VALVE ry:n vuoden 2023 hallituksen j\u00e4senet sek\u00e4 ty\u00f6ryhm\u00e4ss\u00e4 mukana ollut vapaaehtoinen. <strong>Opas on maksuttomasti ladattavissa alla.<\/strong><\/p>\n\n\n\n<p class=\"has-text-align-left\">Oppimateriaalipaketteja on tuotettu pieni m\u00e4\u00e4r\u00e4 fyysisin\u00e4 kappaleina. Voimme l\u00e4hett\u00e4\u00e4 niit\u00e4 erillisest\u00e4 pyynn\u00f6st\u00e4 15 euron hinnalla (sis. postimaksut) niin kauan kuin tavaraa riitt\u00e4\u00e4. Painatamme oppaita lis\u00e4\u00e4 fyysisin\u00e4 kappaleina rahoituksen salliessa. Jos olet kiinnostunut oppaan fyysisest\u00e4 versiosta, laita viesti\u00e4 VALVE ry:n puheenjohtaja Riikka P\u00f6ntiselle osoitteeseen <a href=\"mailto:riikka.pontinen@valvery.fi\">riikka.pontinen@valvery.fi<\/a>.<\/p>\n\n\n\n<div class=\"wp-block-columns is-layout-flex wp-container-core-columns-is-layout-28f84493 wp-block-columns-is-layout-flex\">\n<div class=\"wp-block-column is-layout-flow wp-block-column-is-layout-flow\"><\/div>\n<\/div>\n\n\n\n<div data-wp-interactive=\"core\/file\" class=\"wp-block-file\"><object data-wp-bind--hidden=\"!state.hasPdfPreview\" hidden class=\"wp-block-file__embed\" data=\"https:\/\/valvery.fi\/wp-content\/uploads\/2024\/08\/valve_www.pdf\" type=\"application\/pdf\" style=\"width:100%;height:1100px\" aria-label=\"Tiedoston valve_www upotus.\"><\/object><a id=\"wp-block-file--media-fad750a8-2ac0-4afc-a6ee-f37c7007bf3e\" href=\"https:\/\/valvery.fi\/wp-content\/uploads\/2024\/08\/valve_www.pdf\">valve_www<\/a><a href=\"https:\/\/valvery.fi\/wp-content\/uploads\/2024\/08\/valve_www.pdf\" class=\"wp-block-file__button wp-element-button\" download aria-describedby=\"wp-block-file--media-fad750a8-2ac0-4afc-a6ee-f37c7007bf3e\">Lataa<\/a><\/div>\n","protected":false},"excerpt":{"rendered":"<p>VALVE ry tuotti vuonna 2023 Alli Paasikiven s\u00e4\u00e4ti\u00f6n kehitt\u00e4misapurahan turvin Moninainen koululuokka -oppimateriaalipaketin. Oppimateriaalipaketti sis\u00e4lt\u00e4\u00e4 tietoa ja ty\u00f6kaluja sukupuolen ja seksuaalisuuden moninaisuuden kohtaamiseen sek\u00e4 ihmissuhteisiin ja seksiin liittyvien ilmi\u00f6iden k\u00e4sittelyyn koulun ty\u00f6arjessa esimerkiksi seksuaalikasvatuksen tunneilla. Oppimateriaalipaketti on ensisijaisesti kohdennettu yl\u00e4kouluik\u00e4isten nuorten kanssa ty\u00f6skenteleville opetusalan ammattilaisille, mutta soveltuu my\u00f6s muiden nuorten kanssa ty\u00f6t\u00e4 tekevien ammattilaisten k\u00e4ytt\u00f6\u00f6n. Teoksen on kirjoittanut ja sis\u00e4ll\u00f6llisesti suunnitellut YTM Eppu Heikkil\u00e4, ja sen on kuvittanut graafikko Kaisa Malinen. Oppimateriaalipaketin suunnittelussa mukana on ollut my\u00f6s moniammatillinen seksuaalikasvatuksen asiantuntijoiden ty\u00f6ryhm\u00e4. Suunnittelussa on k\u00e4ytetty hy\u00f6dyksi Setan yll\u00e4pit\u00e4m\u00e4n verkkonuorisotalo Loisteen k\u00e4vij\u00f6iden eli sateenkaarinuorten kommentteja sek\u00e4 muiden ulkopuolisten asiantuntijoiden tietoutta. Oppaan painon ja taiton tuottivat Turun Ammatti-Instituutin opiskelijat. Oppaan taustaty\u00f6ryhm\u00e4n\u00e4 toimivat VALVE ry:n vuoden 2023 hallituksen j\u00e4senet sek\u00e4 ty\u00f6ryhm\u00e4ss\u00e4 mukana ollut vapaaehtoinen. Opas on maksuttomasti ladattavissa alla. Oppimateriaalipaketteja on tuotettu pieni m\u00e4\u00e4r\u00e4 fyysisin\u00e4 kappaleina. Voimme l\u00e4hett\u00e4\u00e4 niit\u00e4 erillisest\u00e4 pyynn\u00f6st\u00e4 15 euron hinnalla (sis. postimaksut) niin kauan kuin tavaraa riitt\u00e4\u00e4. Painatamme oppaita lis\u00e4\u00e4 fyysisin\u00e4 kappaleina rahoituksen salliessa. Jos olet kiinnostunut oppaan fyysisest\u00e4 versiosta, laita viesti\u00e4 VALVE ry:n puheenjohtaja Riikka P\u00f6ntiselle osoitteeseen riikka.pontinen@valvery.fi.<\/p>\n","protected":false},"author":1,"featured_media":0,"parent":0,"menu_order":0,"comment_status":"closed","ping_status":"closed","template":"","meta":{"footnotes":""},"class_list":["post-1585","page","type-page","status-publish","hentry"],"jetpack_sharing_enabled":true,"_links":{"self":[{"href":"https:\/\/valvery.fi\/index.php\/wp-json\/wp\/v2\/pages\/1585","targetHints":{"allow":["GET"]}}],"collection":[{"href":"https:\/\/valvery.fi\/index.php\/wp-json\/wp\/v2\/pages"}],"about":[{"href":"https:\/\/valvery.fi\/index.php\/wp-json\/wp\/v2\/types\/page"}],"author":[{"embeddable":true,"href":"https:\/\/valvery.fi\/index.php\/wp-json\/wp\/v2\/users\/1"}],"replies":[{"embeddable":true,"href":"https:\/\/valvery.fi\/index.php\/wp-json\/wp\/v2\/comments?post=1585"}],"version-history":[{"count":10,"href":"https:\/\/valvery.fi\/index.php\/wp-json\/wp\/v2\/pages\/1585\/revisions"}],"predecessor-version":[{"id":2456,"href":"https:\/\/valvery.fi\/index.php\/wp-json\/wp\/v2\/pages\/1585\/revisions\/2456"}],"wp:attachment":[{"href":"https:\/\/valvery.fi\/index.php\/wp-json\/wp\/v2\/media?parent=1585"}],"curies":[{"name":"wp","href":"https:\/\/api.w.org\/{rel}","templated":true}]}}