{"id":15,"date":"2022-10-12T00:14:56","date_gmt":"2022-10-12T00:14:56","guid":{"rendered":"https:\/\/valvery.fi\/?page_id=15"},"modified":"2026-02-28T01:57:02","modified_gmt":"2026-02-28T01:57:02","slug":"etusivu","status":"publish","type":"page","link":"https:\/\/valvery.fi\/","title":{"rendered":""},"content":{"rendered":"\n<figure class=\"wp-block-image size-large\"><a href=\"https:\/\/valvery.fi\/index.php\/yhdistyksen-toiminta-ja-arvot\/\"><img loading=\"lazy\" decoding=\"async\" width=\"1024\" height=\"394\" src=\"https:\/\/valvery.fi\/wp-content\/uploads\/2025\/12\/VALVE_etusivu_banneri_arvot-1024x394.png\" alt=\"Edist\u00e4mme inklusiivisiin k\u00e4yt\u00e4nt\u00f6ihin perustuvaa ja moninaisuuden huomioivaa seksuaalikasvatusta.\" class=\"wp-image-2891\" srcset=\"https:\/\/valvery.fi\/wp-content\/uploads\/2025\/12\/VALVE_etusivu_banneri_arvot-1024x394.png 1024w, https:\/\/valvery.fi\/wp-content\/uploads\/2025\/12\/VALVE_etusivu_banneri_arvot-300x115.png 300w, https:\/\/valvery.fi\/wp-content\/uploads\/2025\/12\/VALVE_etusivu_banneri_arvot-768x295.png 768w, https:\/\/valvery.fi\/wp-content\/uploads\/2025\/12\/VALVE_etusivu_banneri_arvot-1140x438.png 1140w, https:\/\/valvery.fi\/wp-content\/uploads\/2025\/12\/VALVE_etusivu_banneri_arvot-600x231.png 600w, https:\/\/valvery.fi\/wp-content\/uploads\/2025\/12\/VALVE_etusivu_banneri_arvot.png 1300w\" sizes=\"auto, (max-width: 1024px) 100vw, 1024px\" \/><\/a><\/figure>\n\n\n\n<div class=\"wp-block-columns is-layout-flex wp-container-core-columns-is-layout-28f84493 wp-block-columns-is-layout-flex\">\n<div class=\"wp-block-column is-layout-flow wp-block-column-is-layout-flow\">\n<div style=\"height:25px\" aria-hidden=\"true\" class=\"wp-block-spacer\"><\/div>\n<\/div>\n<\/div>\n\n\n\n<h2 class=\"wp-block-heading has-text-align-center has-text-color has-large-font-size\" style=\"color:#950334\"><strong>Agendalla inklusiivinen seksuaalikasvatus<\/strong><\/h2>\n\n\n\n<div class=\"wp-block-columns is-layout-flex wp-container-core-columns-is-layout-28f84493 wp-block-columns-is-layout-flex\">\n<div class=\"wp-block-column is-layout-flow wp-block-column-is-layout-flow\"><\/div>\n<\/div>\n\n\n\n<div class=\"wp-block-columns is-layout-flex wp-container-core-columns-is-layout-28f84493 wp-block-columns-is-layout-flex\">\n<div class=\"wp-block-column is-layout-flow wp-block-column-is-layout-flow\"><\/div>\n<\/div>\n\n\n\n<p><\/p>\n\n\n\n<p class=\"has-text-align-center\">Valtakunnallinen seksuaalikasvatuksen verkosto VALVE ry on vuonna 2021 perustettu yhdistys, jonka p\u00e4\u00e4tavoite on edist\u00e4\u00e4 inklusiivisiin k\u00e4yt\u00e4nt\u00f6ihin perustuvaa seksuaalikasvatusta ja parantaa tarjottavan seksuaalikasvatuksen tasoa. Inklusiivinen l\u00e4hestymistapa seksuaalikasvatukseen tarkoittaa, ett\u00e4 VALVE ry tavoittelee tilannetta, jossa seksuaalikasvatuksessa on huomioituna moninaiset erilaiset ihmisryhm\u00e4t siten, ett\u00e4 moninaisuus on l\u00e4ht\u00f6kohta ja sis\u00e4\u00e4nkirjoitettu asia seksuaalikasvatuksen k\u00e4yt\u00e4nteiss\u00e4. Yhdistys pyrkii t\u00e4h\u00e4n tilanteeseen tekem\u00e4ll\u00e4 vaikuttamisty\u00f6t\u00e4 rakenteellisella tasolla sek\u00e4 kouluttamalla ammattilaisia ja asiantuntijoita, joiden ty\u00f6t\u00e4 seksuaalisuuden teemat eri tavalla koskettavat. Yhdistys j\u00e4rjest\u00e4\u00e4 tapahtumia seksuaalisuuteen liittyvist\u00e4 teemoista ja tekee yhteisty\u00f6t\u00e4 esimerkiksi j\u00e4rjest\u00f6jen, p\u00e4\u00e4tt\u00e4jien, ammattimaisten seksuaalikasvattajien sek\u00e4 eri alojen ammattilaisten ja asiantuntijoiden kanssa.<\/p>\n\n\n\n<p class=\"has-text-align-center\">Tarjoamme j\u00e4senist\u00f6llemme koulutuksia ja muita muuttuvia j\u00e4senetuja tapahtumiimme ja yhteisty\u00f6kumppaneidemme palveluihin. Ajantasaiset j\u00e4senetumme l\u00f6yd\u00e4t <a href=\"https:\/\/valvery.fi\/index.php\/liity-jaseneksi\/\" data-type=\"page\" data-id=\"2134\">t\u00e4\u00e4lt\u00e4<\/a>.<\/p>\n\n\n\n<div class=\"wp-block-columns is-layout-flex wp-container-core-columns-is-layout-28f84493 wp-block-columns-is-layout-flex\">\n<div class=\"wp-block-column is-layout-flow wp-block-column-is-layout-flow\"><\/div>\n<\/div>\n\n\n\n<div class=\"wp-block-columns is-layout-flex wp-container-core-columns-is-layout-28f84493 wp-block-columns-is-layout-flex\">\n<div class=\"wp-block-column is-layout-flow wp-block-column-is-layout-flow\"><\/div>\n<\/div>\n\n\n\n<div class=\"wp-block-buttons is-content-justification-center is-layout-flex wp-container-core-buttons-is-layout-72caf8c6 wp-block-buttons-is-layout-flex\">\n<div class=\"wp-block-button is-style-outline is-style-outline--1\"><a class=\"wp-block-button__link has-white-color has-text-color has-background wp-element-button\" href=\"https:\/\/valvery.fi\/index.php\/liity-jaseneksi\/\" style=\"background-color:#950334\">Liity j\u00e4seneksi<\/a><\/div>\n\n\n\n<div class=\"wp-block-button is-style-outline is-style-outline--2\"><a class=\"wp-block-button__link has-white-color has-text-color has-background wp-element-button\" href=\"https:\/\/valvery.fi\/index.php\/hae-mukaan\/\" style=\"background-color:#950334\">Hae vapaaehtoiseksi<\/a><\/div>\n\n\n\n<div class=\"wp-block-button is-style-outline is-style-outline--3\"><a class=\"wp-block-button__link has-white-color has-text-color has-background wp-element-button\" href=\"https:\/\/valvery.fi\/index.php\/tilaa-uutiskirje\/\" style=\"background-color:#950334\">Tilaa uutiskirje<\/a><\/div>\n\n\n\n<div class=\"wp-block-button is-style-outline is-style-outline--4\"><a class=\"wp-block-button__link has-white-color has-text-color has-background wp-element-button\" href=\"https:\/\/valvery.fi\/index.php\/yhteystiedot\/\" style=\"background-color:#950334\">Ota yhteytt\u00e4<\/a><\/div>\n\n\n\n<div class=\"wp-block-button is-style-outline is-style-outline--5\"><a class=\"wp-block-button__link has-white-color has-text-color has-background wp-element-button\" href=\"https:\/\/valvery.fi\/index.php\/yhdistyksen-toiminta-ja-arvot\/\" style=\"background-color:#950334\">Lue lis\u00e4\u00e4 j\u00e4rjest\u00f6st\u00e4<\/a><\/div>\n<\/div>\n\n\n\n<div class=\"wp-block-columns is-layout-flex wp-container-core-columns-is-layout-28f84493 wp-block-columns-is-layout-flex\">\n<div class=\"wp-block-column is-layout-flow wp-block-column-is-layout-flow\"><\/div>\n<\/div>\n\n\n\n<div class=\"wp-block-columns is-layout-flex wp-container-core-columns-is-layout-28f84493 wp-block-columns-is-layout-flex\">\n<div class=\"wp-block-column is-layout-flow wp-block-column-is-layout-flow\">\n<div style=\"height:30px\" aria-hidden=\"true\" class=\"wp-block-spacer\"><\/div>\n<\/div>\n<\/div>\n\n\n\n<p class=\"has-text-align-center has-text-color has-large-font-size\" style=\"color:#950334\"><strong>Ajankohtaista<\/strong><\/p>\n\n\n\n<div class=\"wp-block-columns is-layout-flex wp-container-core-columns-is-layout-28f84493 wp-block-columns-is-layout-flex\">\n<div class=\"wp-block-column is-layout-flow wp-block-column-is-layout-flow\"><\/div>\n\n\n\n<div class=\"wp-block-column is-layout-flow wp-block-column-is-layout-flow\"><\/div>\n<\/div>\n\n\n\n<div class=\"wp-block-columns is-layout-flex wp-container-core-columns-is-layout-28f84493 wp-block-columns-is-layout-flex\">\n<div class=\"wp-block-column is-layout-flow wp-block-column-is-layout-flow\"><div class=\"wp-block-image\">\n<figure class=\"aligncenter size-large\"><a href=\"https:\/\/valvery.fi\/index.php\/2026\/02\/13\/seksuaalikasvatuksen-paivat-2026-ja-yhteistyoverkostokuulumisia\/\"><img loading=\"lazy\" decoding=\"async\" width=\"1024\" height=\"768\" src=\"https:\/\/valvery.fi\/wp-content\/uploads\/2026\/02\/IMG_20260122_120146_HDR-1-1-1024x768.jpg\" alt=\"\" class=\"wp-image-3103\" srcset=\"https:\/\/valvery.fi\/wp-content\/uploads\/2026\/02\/IMG_20260122_120146_HDR-1-1-1024x768.jpg 1024w, https:\/\/valvery.fi\/wp-content\/uploads\/2026\/02\/IMG_20260122_120146_HDR-1-1-300x225.jpg 300w, https:\/\/valvery.fi\/wp-content\/uploads\/2026\/02\/IMG_20260122_120146_HDR-1-1-768x576.jpg 768w, https:\/\/valvery.fi\/wp-content\/uploads\/2026\/02\/IMG_20260122_120146_HDR-1-1-1536x1152.jpg 1536w, https:\/\/valvery.fi\/wp-content\/uploads\/2026\/02\/IMG_20260122_120146_HDR-1-1-2048x1536.jpg 2048w, https:\/\/valvery.fi\/wp-content\/uploads\/2026\/02\/IMG_20260122_120146_HDR-1-1-1140x855.jpg 1140w, https:\/\/valvery.fi\/wp-content\/uploads\/2026\/02\/IMG_20260122_120146_HDR-1-1-600x450.jpg 600w\" sizes=\"auto, (max-width: 1024px) 100vw, 1024px\" \/><\/a><figcaption class=\"wp-element-caption\"><a href=\"https:\/\/valvery.fi\/index.php\/2026\/02\/13\/seksuaalikasvatuksen-paivat-2026-ja-yhteistyoverkostokuulumisia\/\"><strong>Seksuaalikasvatuksen p\u00e4iv\u00e4t 2026 ja yhteisty\u00f6verkostokuulumisia<\/strong><\/a><br><br>VALVE ry:n hallitus p\u00e4\u00e4tti vuoden 2026 Seksuaalikasvatuksen p\u00e4ivien p\u00e4iv\u00e4m\u00e4\u00e4r\u00e4n, tsekkaa p\u00e4iv\u00e4 linkin takaa! Lue samalla my\u00f6s VALVE ry:n yhteisty\u00f6verkostokuulumiset sek\u00e4 mm. kuvaus j\u00e4rjest\u00f6koordinaattori RIikka P\u00f6ntinen tammikuun vierailusta Opetushallituksessa opetus- ja kasvatusalan tasa-arvo- ja yhdenvertaisuustoimijoita yhteen kokoavan YHTEYS-verkoston kanssa.<\/figcaption><\/figure>\n<\/div><\/div>\n\n\n\n<div class=\"wp-block-column is-layout-flow wp-block-column-is-layout-flow\"><div class=\"wp-block-image\">\n<figure class=\"aligncenter size-large\"><a href=\"https:\/\/valvery.fi\/index.php\/tietoa-meista\/hallituksen-jasenet\/\"><img loading=\"lazy\" decoding=\"async\" width=\"819\" height=\"1024\" src=\"https:\/\/valvery.fi\/wp-content\/uploads\/2025\/12\/Uusi_hallitus-819x1024.png\" alt=\"\" class=\"wp-image-2896\" srcset=\"https:\/\/valvery.fi\/wp-content\/uploads\/2025\/12\/Uusi_hallitus-819x1024.png 819w, https:\/\/valvery.fi\/wp-content\/uploads\/2025\/12\/Uusi_hallitus-240x300.png 240w, https:\/\/valvery.fi\/wp-content\/uploads\/2025\/12\/Uusi_hallitus-768x960.png 768w, https:\/\/valvery.fi\/wp-content\/uploads\/2025\/12\/Uusi_hallitus-600x750.png 600w, https:\/\/valvery.fi\/wp-content\/uploads\/2025\/12\/Uusi_hallitus.png 1080w\" sizes=\"auto, (max-width: 819px) 100vw, 819px\" \/><\/a><figcaption class=\"wp-element-caption\"><strong>VALVE ry:lle on valittu uusi hallitus vuosille 2026\u20132027.<\/strong><br><br>Hallitukseen valittiin puheenjohtajan lis\u00e4ksi 10 varsinaista j\u00e4sent\u00e4 ja yksi varaj\u00e4sen hallituspaikkojen t\u00e4ytytty\u00e4. Tammikuussa aloittavaan kokoonpanoon kuuluvat:<br><br>Puheenjohtaja Jannika Lahti<br>1. varapuheenjohtaja Ezra Romsi<br>2. varapuheenjohtaja Vili Antero Jousi<br><br>Hallituksen j\u00e4senet: Miia Koponen, Piia Hynynen, Hanna Tikka, Henriika Salonen (2026), Anniina Alak\u00e4rpp\u00e4 (2026), Eeva Lehtinen (2026), Saana Majanmaa (2026)<br><br>Varaj\u00e4sen:<br>Sari \u00c4k\u00e4slompolo<br><br><a href=\"https:\/\/valvery.fi\/index.php\/tietoa-meista\/hallituksen-jasenet\/\">Tutustu vuoden 2026 hallitukseen.<\/a><\/figcaption><\/figure>\n<\/div><\/div>\n\n\n\n<div class=\"wp-block-column is-layout-flow wp-block-column-is-layout-flow\"><div class=\"wp-block-image\">\n<figure class=\"aligncenter size-large\"><img loading=\"lazy\" decoding=\"async\" width=\"819\" height=\"1024\" src=\"https:\/\/valvery.fi\/wp-content\/uploads\/2025\/12\/Puheenjohtaja_Jannika_Lahti-819x1024.png\" alt=\"\" class=\"wp-image-2897\" srcset=\"https:\/\/valvery.fi\/wp-content\/uploads\/2025\/12\/Puheenjohtaja_Jannika_Lahti-819x1024.png 819w, https:\/\/valvery.fi\/wp-content\/uploads\/2025\/12\/Puheenjohtaja_Jannika_Lahti-240x300.png 240w, https:\/\/valvery.fi\/wp-content\/uploads\/2025\/12\/Puheenjohtaja_Jannika_Lahti-768x960.png 768w, https:\/\/valvery.fi\/wp-content\/uploads\/2025\/12\/Puheenjohtaja_Jannika_Lahti-600x750.png 600w, https:\/\/valvery.fi\/wp-content\/uploads\/2025\/12\/Puheenjohtaja_Jannika_Lahti.png 1080w\" sizes=\"auto, (max-width: 819px) 100vw, 819px\" \/><figcaption class=\"wp-element-caption\"><strong>Jannika Lahti \u00e4\u00e4nestettiin VALVE ry:n puheenjohtajaksi kaudelle 2026\u20132027 syyskokouksessa, joka pidettiin 11.12.2025.<br><\/strong><br>Jannika l\u00e4hett\u00e4\u00e4 seuraavat terveiset:<br>\u201cOlen kiitollinen luottamuksesta ja innoissani mahdollisuudesta toimia VALVE ry:n puheenjohtajana. Seksuaalikasvatus on minulle sek\u00e4 ammatillinen ett\u00e4 henkil\u00f6kohtainen intohimo, ja n\u00e4en j\u00e4rjest\u00f6ll\u00e4 merkitt\u00e4v\u00e4n roolin seksuaalikasvatuksen kehitt\u00e4misess\u00e4 ja laajemmassa seksuaalikulttuurin muutoksessa. Odotan innolla yhteisty\u00f6t\u00e4 hallituksen, aktiivien ja j\u00e4senist\u00f6n kanssa sek\u00e4 seksologien verkoston vahvistamista ja alan toimijoiden tukemista.\u201d<\/figcaption><\/figure>\n<\/div><\/div>\n<\/div>\n\n\n\n<div class=\"wp-block-columns is-layout-flex wp-container-core-columns-is-layout-28f84493 wp-block-columns-is-layout-flex\">\n<div class=\"wp-block-column is-layout-flow wp-block-column-is-layout-flow\" style=\"flex-basis:100%\">\n<div style=\"height:50px\" aria-hidden=\"true\" class=\"wp-block-spacer\"><\/div>\n\n\n\n<p class=\"has-text-align-center has-text-color has-link-color has-large-font-size wp-elements-741ab3ab7c03b09d101f67272d098f44\" style=\"color:#950334\"><strong><a href=\"https:\/\/valvery.fi\/index.php\/blogi\/\">Blogi<\/a><\/strong><\/p>\n\n\n\n<div style=\"height:15px\" aria-hidden=\"true\" class=\"wp-block-spacer\"><\/div>\n<\/div>\n<\/div>\n\n\n\n<div class=\"wp-block-columns is-layout-flex wp-container-core-columns-is-layout-28f84493 wp-block-columns-is-layout-flex\">\n<div class=\"wp-block-column is-layout-flow wp-block-column-is-layout-flow\">\n<div class=\"wp-block-cover\"><img loading=\"lazy\" decoding=\"async\" width=\"1024\" height=\"1024\" class=\"wp-block-cover__image-background wp-image-2826 size-large\" alt=\"Punatakkinen nainen istuu ulkona kivirappusilla ja hymyilee\" src=\"https:\/\/valvery.fi\/wp-content\/uploads\/2025\/10\/Riikka_puheenjohtaja_bloginelio-1024x1024.png\" data-object-fit=\"cover\" srcset=\"https:\/\/valvery.fi\/wp-content\/uploads\/2025\/10\/Riikka_puheenjohtaja_bloginelio-1024x1024.png 1024w, https:\/\/valvery.fi\/wp-content\/uploads\/2025\/10\/Riikka_puheenjohtaja_bloginelio-300x300.png 300w, https:\/\/valvery.fi\/wp-content\/uploads\/2025\/10\/Riikka_puheenjohtaja_bloginelio-150x150.png 150w, https:\/\/valvery.fi\/wp-content\/uploads\/2025\/10\/Riikka_puheenjohtaja_bloginelio-768x768.png 768w, https:\/\/valvery.fi\/wp-content\/uploads\/2025\/10\/Riikka_puheenjohtaja_bloginelio-75x75.png 75w, https:\/\/valvery.fi\/wp-content\/uploads\/2025\/10\/Riikka_puheenjohtaja_bloginelio-600x600.png 600w, https:\/\/valvery.fi\/wp-content\/uploads\/2025\/10\/Riikka_puheenjohtaja_bloginelio-100x100.png 100w, https:\/\/valvery.fi\/wp-content\/uploads\/2025\/10\/Riikka_puheenjohtaja_bloginelio.png 1080w\" sizes=\"auto, (max-width: 1024px) 100vw, 1024px\" \/><span aria-hidden=\"true\" class=\"wp-block-cover__background has-black-background-color has-background-dim-60 has-background-dim\"><\/span><div class=\"wp-block-cover__inner-container is-layout-constrained wp-block-cover-is-layout-constrained\">\n<p class=\"has-text-align-center has-white-color has-text-color has-link-color has-medium-font-size wp-elements-c85a3424bcef4b71da8a9e2093718691\"><strong><a href=\"https:\/\/valvery.fi\/index.php\/2025\/10\/09\/valve-ryn-tarinassa-alkaa-uusi-luku-haemme-uutta-puheenjohtajaa\/\">VALVE ry:n tarinassa alkaa uusi luku \u2013 haemme uutta puheenjohtajaa<\/a><\/strong><\/p>\n<\/div><\/div>\n<\/div>\n\n\n\n<div class=\"wp-block-column is-layout-flow wp-block-column-is-layout-flow\">\n<div class=\"wp-block-cover\"><img loading=\"lazy\" decoding=\"async\" width=\"1024\" height=\"1024\" class=\"wp-block-cover__image-background wp-image-2714 size-large\" alt=\"Py\u00f6r\u00e4tuolissa oleva mies ja vammaton nainen pitelev\u00e4t toisistaan hell\u00e4sti kiinni hymyillen. He ovat rannalla ilta-auringon kajossa.\" src=\"https:\/\/valvery.fi\/wp-content\/uploads\/2025\/09\/Vammaisuus_deittailu-1024x1024.png\" data-object-fit=\"cover\" srcset=\"https:\/\/valvery.fi\/wp-content\/uploads\/2025\/09\/Vammaisuus_deittailu-1024x1024.png 1024w, https:\/\/valvery.fi\/wp-content\/uploads\/2025\/09\/Vammaisuus_deittailu-300x300.png 300w, https:\/\/valvery.fi\/wp-content\/uploads\/2025\/09\/Vammaisuus_deittailu-150x150.png 150w, https:\/\/valvery.fi\/wp-content\/uploads\/2025\/09\/Vammaisuus_deittailu-768x768.png 768w, https:\/\/valvery.fi\/wp-content\/uploads\/2025\/09\/Vammaisuus_deittailu-75x75.png 75w, https:\/\/valvery.fi\/wp-content\/uploads\/2025\/09\/Vammaisuus_deittailu-600x600.png 600w, https:\/\/valvery.fi\/wp-content\/uploads\/2025\/09\/Vammaisuus_deittailu-100x100.png 100w, https:\/\/valvery.fi\/wp-content\/uploads\/2025\/09\/Vammaisuus_deittailu.png 1080w\" sizes=\"auto, (max-width: 1024px) 100vw, 1024px\" \/><span aria-hidden=\"true\" class=\"wp-block-cover__background has-black-background-color has-background-dim-60 has-background-dim\"><\/span><div class=\"wp-block-cover__inner-container is-layout-constrained wp-block-cover-is-layout-constrained\">\n<p class=\"has-text-align-center has-white-color has-text-color has-link-color has-medium-font-size wp-elements-5cf0805c62c7857f69288aacf075833c\"><strong><a href=\"https:\/\/valvery.fi\/index.php\/2025\/09\/09\/vammainen-rakkautta-etsimassa\/\" data-type=\"link\" data-id=\"https:\/\/valvery.fi\/index.php\/2025\/04\/15\/jos-emme-saa-lapsuudessa-hyvaksyvaa-kosketusta-saatamme-alkaa-hakea-sita-turvattomilla-tavoilla\/\">Vammainen rakkautta etsim\u00e4ss\u00e4<\/a><\/strong><\/p>\n<\/div><\/div>\n<\/div>\n\n\n\n<div class=\"wp-block-column is-layout-flow wp-block-column-is-layout-flow\">\n<div class=\"wp-block-cover has-white-color has-text-color has-link-color wp-elements-d1a3097f1255974cf25e9ff414ee6003 wp-duotone-unset-6\"><img loading=\"lazy\" decoding=\"async\" width=\"1080\" height=\"1080\" class=\"wp-block-cover__image-background wp-image-2603 size-full\" alt=\"Kaksi naista, joista toisella on Downin syndrooma, keskustelevat. He istuvat sohvalla ja taustalla on kasveja.\" src=\"https:\/\/valvery.fi\/wp-content\/uploads\/2025\/08\/Blogi_nelio_vammaisuus_kohtaaminen.png\" data-object-fit=\"cover\" srcset=\"https:\/\/valvery.fi\/wp-content\/uploads\/2025\/08\/Blogi_nelio_vammaisuus_kohtaaminen.png 1080w, https:\/\/valvery.fi\/wp-content\/uploads\/2025\/08\/Blogi_nelio_vammaisuus_kohtaaminen-300x300.png 300w\" sizes=\"auto, (max-width: 1080px) 100vw, 1080px\" \/><span aria-hidden=\"true\" class=\"wp-block-cover__background has-black-background-color has-background-dim-60 has-background-dim\"><\/span><div class=\"wp-block-cover__inner-container is-layout-constrained wp-block-cover-is-layout-constrained\">\n<p class=\"has-text-align-center has-medium-font-size\"><strong><a href=\"https:\/\/valvery.fi\/index.php\/2025\/08\/25\/nain-kohtaat-vammaisen-seksuaalisuuden-osana-tyota\/\">N\u00e4in kohtaat vammaisen seksuaalisuuden osana ty\u00f6t\u00e4<\/a><\/strong><\/p>\n<\/div><\/div>\n<\/div>\n<\/div>\n\n\n\n<div style=\"height:25px\" aria-hidden=\"true\" class=\"wp-block-spacer\"><\/div>\n\n\n\n<div class=\"wp-block-columns is-layout-flex wp-container-core-columns-is-layout-28f84493 wp-block-columns-is-layout-flex\">\n<div class=\"wp-block-column is-layout-flow wp-block-column-is-layout-flow\"><\/div>\n\n\n\n<div class=\"wp-block-column is-layout-flow wp-block-column-is-layout-flow\" style=\"flex-basis:100%\">\n<hr class=\"wp-block-separator has-alpha-channel-opacity is-style-wide\"\/>\n\n\n\n<div class=\"wp-block-columns is-layout-flex wp-container-core-columns-is-layout-28f84493 wp-block-columns-is-layout-flex\">\n<div class=\"wp-block-column is-layout-flow wp-block-column-is-layout-flow\"><\/div>\n<\/div>\n\n\n\n<p class=\"has-text-align-center has-black-color has-text-color has-link-color has-medium-font-size wp-elements-7cd989ac0cfecb6c67ef3be148cbad29\">Tarjoamme j\u00e4senist\u00f6llemme mm. erilaisia koulutuksia ja tapahtumia sek\u00e4 muuttuvia j\u00e4senetuja. Parhaiten pysyt toiminnastamme perill\u00e4 seuraamalla verkkosivujamme ja somekanaviamme sek\u00e4 j\u00e4seneksi liittym\u00e4ll\u00e4 my\u00f6s uutiskirjeemme kautta! <\/p>\n<\/div>\n<\/div>\n\n\n\n<hr class=\"wp-block-separator has-alpha-channel-opacity is-style-wide\"\/>\n\n\n\n<p><\/p>\n","protected":false},"excerpt":{"rendered":"<p>Agendalla inklusiivinen seksuaalikasvatus Valtakunnallinen seksuaalikasvatuksen verkosto VALVE ry on vuonna 2021 perustettu yhdistys, jonka p\u00e4\u00e4tavoite on edist\u00e4\u00e4 inklusiivisiin k\u00e4yt\u00e4nt\u00f6ihin perustuvaa seksuaalikasvatusta ja parantaa tarjottavan seksuaalikasvatuksen tasoa. Inklusiivinen l\u00e4hestymistapa seksuaalikasvatukseen tarkoittaa, ett\u00e4 VALVE ry tavoittelee tilannetta, jossa seksuaalikasvatuksessa on huomioituna moninaiset erilaiset ihmisryhm\u00e4t siten, ett\u00e4 moninaisuus on l\u00e4ht\u00f6kohta ja sis\u00e4\u00e4nkirjoitettu asia seksuaalikasvatuksen k\u00e4yt\u00e4nteiss\u00e4. Yhdistys pyrkii t\u00e4h\u00e4n tilanteeseen tekem\u00e4ll\u00e4 vaikuttamisty\u00f6t\u00e4 rakenteellisella tasolla sek\u00e4 kouluttamalla ammattilaisia ja asiantuntijoita, joiden ty\u00f6t\u00e4 seksuaalisuuden teemat eri tavalla koskettavat. Yhdistys j\u00e4rjest\u00e4\u00e4 tapahtumia seksuaalisuuteen liittyvist\u00e4 teemoista ja tekee yhteisty\u00f6t\u00e4 esimerkiksi j\u00e4rjest\u00f6jen, p\u00e4\u00e4tt\u00e4jien, ammattimaisten seksuaalikasvattajien sek\u00e4 eri alojen ammattilaisten ja asiantuntijoiden kanssa. Tarjoamme j\u00e4senist\u00f6llemme koulutuksia ja muita muuttuvia j\u00e4senetuja tapahtumiimme ja yhteisty\u00f6kumppaneidemme palveluihin. Ajantasaiset j\u00e4senetumme l\u00f6yd\u00e4t t\u00e4\u00e4lt\u00e4. Ajankohtaista Blogi Tarjoamme j\u00e4senist\u00f6llemme mm. erilaisia koulutuksia ja tapahtumia sek\u00e4 muuttuvia j\u00e4senetuja. Parhaiten pysyt toiminnastamme perill\u00e4 seuraamalla verkkosivujamme ja somekanaviamme sek\u00e4 j\u00e4seneksi liittym\u00e4ll\u00e4 my\u00f6s uutiskirjeemme kautta!<\/p>\n","protected":false},"author":1,"featured_media":0,"parent":0,"menu_order":0,"comment_status":"closed","ping_status":"closed","template":"","meta":{"footnotes":""},"class_list":["post-15","page","type-page","status-publish","hentry"],"jetpack_sharing_enabled":true,"_links":{"self":[{"href":"https:\/\/valvery.fi\/index.php\/wp-json\/wp\/v2\/pages\/15","targetHints":{"allow":["GET"]}}],"collection":[{"href":"https:\/\/valvery.fi\/index.php\/wp-json\/wp\/v2\/pages"}],"about":[{"href":"https:\/\/valvery.fi\/index.php\/wp-json\/wp\/v2\/types\/page"}],"author":[{"embeddable":true,"href":"https:\/\/valvery.fi\/index.php\/wp-json\/wp\/v2\/users\/1"}],"replies":[{"embeddable":true,"href":"https:\/\/valvery.fi\/index.php\/wp-json\/wp\/v2\/comments?post=15"}],"version-history":[{"count":344,"href":"https:\/\/valvery.fi\/index.php\/wp-json\/wp\/v2\/pages\/15\/revisions"}],"predecessor-version":[{"id":3136,"href":"https:\/\/valvery.fi\/index.php\/wp-json\/wp\/v2\/pages\/15\/revisions\/3136"}],"wp:attachment":[{"href":"https:\/\/valvery.fi\/index.php\/wp-json\/wp\/v2\/media?parent=15"}],"curies":[{"name":"wp","href":"https:\/\/api.w.org\/{rel}","templated":true}]}}