{"id":1436,"date":"2023-12-15T20:32:28","date_gmt":"2023-12-15T20:32:28","guid":{"rendered":"https:\/\/valvery.fi\/?page_id=1436"},"modified":"2026-02-11T22:43:01","modified_gmt":"2026-02-11T22:43:01","slug":"1436-2","status":"publish","type":"page","link":"https:\/\/valvery.fi\/index.php\/hae-mukaan\/1436-2\/","title":{"rendered":"Hae meille vapaaehtoiseksi!"},"content":{"rendered":"\n<div class=\"wp-block-columns is-layout-flex wp-container-core-columns-is-layout-28f84493 wp-block-columns-is-layout-flex\">\n<div class=\"wp-block-column is-layout-flow wp-block-column-is-layout-flow\"><\/div>\n<\/div>\n\n\n\n<p class=\"has-text-align-left\"><strong>VALVE ry:n toiminta ei py\u00f6ri ilman vapaaehtoisia, joten jokaisen panos toimintaamme on ensisijaisen t\u00e4rke\u00e4\u00e4. Jokainen vapaaehtoinen saa perehdytyksen sek\u00e4 tukea VALVE ry:n hallitukselta.<\/strong><\/p>\n\n\n\n<p class=\"has-text-align-left\">Etsimme niin satunnais- ja t\u00e4sm\u00e4apua kuin pidempiaikaista vapaaehtoisty\u00f6t\u00e4 tekevi\u00e4 henkil\u00f6it\u00e4 etenkin viestint\u00e4\u00e4n ja tapahtumien j\u00e4rjest\u00e4miseen, mutta my\u00f6s muuhun sis\u00e4ll\u00f6ntuotantoon (ml. verkkosivut). Vapaaehtoisena sinulla on my\u00f6s mahdollisuus halutessasi vaikuttaa j\u00e4rjest\u00f6n kehitt\u00e4miseen ja mm. j\u00e4sentoiminnan ideoimiseen j\u00e4rjest\u00e4m\u00e4ll\u00e4 paikallista toimintaa yhdistyksen nimiss\u00e4 (t\u00e4h\u00e4n tosin toivomme selkeit\u00e4 n\u00e4ytt\u00f6j\u00e4 seksuaalikasvatuksen tai esimerkiksi seksologian parista). Isompiin projekteihin liittyvist\u00e4 vapaaehtoishauista tiedotamme erikseen somekanavissamme ja vapaaehtoisten s\u00e4hk\u00f6postilistalla. Halutessasi voit my\u00f6s itse ehdottaa vapaaehtoisuuden muotoa, jos t\u00e4ss\u00e4 mainitut v\u00e4yl\u00e4t eiv\u00e4t vastaa tarpeitasi tai toiveitasi.<\/p>\n\n\n\n<p class=\"has-text-align-left\">Haastattelemme kaikki vapaaehtoiset, jotta pystymme varmentamaan yhdistyksen arvojen mukaisen toiminnan. Haastattelu on kuitenkin rento tilaisuus, jonka tavoitteena on my\u00f6s kuulla sinusta lis\u00e4\u00e4 sek\u00e4 selvitt\u00e4\u00e4 tarpeitasi ja toiveitasi vapaaehtoisuuden suhteen. Yhdistyksen j\u00e4senyys ei ole vapaaehtoisuuksissamme pakollista, mutta toivottavaa, koska se on konkreettinen tuen osoitus toiminnallemme. Emme vaadi vapaaehtoisiltamme seksuaalikasvatuksellista tai seksologista taustaa, mutta edellyt\u00e4mme kaikilta vapaaehtoisiltamme arvoihimme ja turvallisemman tilan periaatteisiin sitoutumista. Varaudu siis tarvittaessa vastaamaan tarkentaviin kysymyksiin my\u00f6s lyhytaikaisemmissa vapaaehtoisuuksissa, jos et ole jo yhdistyksen j\u00e4sen ja viel\u00e4 allekirjoittanut em. asioita.<\/p>\n\n\n\n<p class=\"has-text-align-left\">Onko siis kokonaisvaltainen seksuaalikasvatus ja verkostoituminen intohimosi? Ent\u00e4 haluatko olla osa yhdistyst\u00e4, joka pyrkii seksuaalikasvatuksen kehitt\u00e4miseen paikallisesti ja valtakunnallisesti? <strong>T\u00e4yt\u00e4 alta l\u00f6ytyv\u00e4 vapaaehtoislomake tai laita suoraan viesti\u00e4 vapaaehtoisvastaava Henriika Saloselle (<a href=\"mailto:henriika.salonen@valvery.fi\">henriika.salonen@valvery.fi<\/a>), niin katsotaan juuri sinulle sopiva vapaaehtoisrooli!<\/strong><\/p>\n\n\n\n<div class=\"wp-block-columns is-layout-flex wp-container-core-columns-is-layout-28f84493 wp-block-columns-is-layout-flex\">\n<div class=\"wp-block-column is-layout-flow wp-block-column-is-layout-flow\"><\/div>\n<\/div>\n\n\n\n<div class=\"wp-block-columns is-layout-flex wp-container-core-columns-is-layout-28f84493 wp-block-columns-is-layout-flex\">\n<div class=\"wp-block-column is-layout-flow wp-block-column-is-layout-flow\">\n<p class=\"has-text-color has-link-color has-large-font-size wp-elements-5735500101b54c68592e1768c1cd2bad\" style=\"color:#950334\"><strong>Hakulomake vapaaehtoiseksi<\/strong><\/p>\n<\/div>\n<\/div>\n\n\n<div class=\"wpforms-container wpforms-container-full wpforms-block wpforms-block-9f98aa55-e869-4e29-a1c6-2278abb8f8a7\" id=\"wpforms-1427\"><form id=\"wpforms-form-1427\" class=\"wpforms-validate wpforms-form wpforms-ajax-form\" data-formid=\"1427\" method=\"post\" enctype=\"multipart\/form-data\" action=\"\/index.php\/wp-json\/wp\/v2\/pages\/1436\" data-token=\"0ba8d8a2711b19502f30e5d7b3b8602d\" data-token-time=\"1775254516\"><noscript class=\"wpforms-error-noscript\">Please enable JavaScript in your browser to complete this form.<\/noscript><div class=\"wpforms-field-container\"><div id=\"wpforms-1427-field_8-container\" class=\"wpforms-field wpforms-field-name\" data-field-id=\"8\"><label class=\"wpforms-field-label\" for=\"wpforms-1427-field_8\">Koko nimi <span class=\"wpforms-required-label\">*<\/span><\/label><div class=\"wpforms-field-row wpforms-field-medium\"><div class=\"wpforms-field-row-block wpforms-first wpforms-one-half\"><input type=\"text\" id=\"wpforms-1427-field_8\" class=\"wpforms-field-name-first wpforms-field-required\" name=\"wpforms[fields][8][first]\" placeholder=\"Etunimi\" required><label for=\"wpforms-1427-field_8\" class=\"wpforms-field-sublabel after wpforms-sublabel-hide\">First<\/label><\/div><div class=\"wpforms-field-row-block wpforms-one-half\"><input type=\"text\" id=\"wpforms-1427-field_8-last\" class=\"wpforms-field-name-last wpforms-field-required\" name=\"wpforms[fields][8][last]\" placeholder=\"Sukunimi\" required><label for=\"wpforms-1427-field_8-last\" class=\"wpforms-field-sublabel after wpforms-sublabel-hide\">Last<\/label><\/div><\/div><\/div><div id=\"wpforms-1427-field_2-container\" class=\"wpforms-field wpforms-field-text\" data-field-id=\"2\"><label class=\"wpforms-field-label\" for=\"wpforms-1427-field_2\">S\u00e4hk\u00f6posti <span class=\"wpforms-required-label\">*<\/span><\/label><input type=\"text\" id=\"wpforms-1427-field_2\" class=\"wpforms-field-medium wpforms-field-required\" name=\"wpforms[fields][2]\" required><\/div><div id=\"wpforms-1427-field_3-container\" class=\"wpforms-field wpforms-field-text\" data-field-id=\"3\"><label class=\"wpforms-field-label\" for=\"wpforms-1427-field_3\">Puhelinnumero<\/label><input type=\"text\" id=\"wpforms-1427-field_3\" class=\"wpforms-field-medium\" name=\"wpforms[fields][3]\" ><\/div><div id=\"wpforms-1427-field_5-container\" class=\"wpforms-field wpforms-field-radio\" data-field-id=\"5\"><label class=\"wpforms-field-label\">Millainen vapaaehtoisty\u00f6 sinua kiinnostaa? (Haastattelussa k\u00e4ymme tarkemmin toiveita  l\u00e4pi.) <span class=\"wpforms-required-label\">*<\/span><\/label><ul id=\"wpforms-1427-field_5\" class=\"wpforms-field-required\"><li class=\"choice-1 depth-1\"><input type=\"radio\" id=\"wpforms-1427-field_5_1\" name=\"wpforms[fields][5]\" value=\"Satunnainen vapaaehtoisty\u00f6, kuten erilliset tapahtumat, vieraskyn\u00e4kirjoitukset, somejulkaisut yms.\" required ><label class=\"wpforms-field-label-inline\" for=\"wpforms-1427-field_5_1\">Satunnainen vapaaehtoisty\u00f6, kuten erilliset tapahtumat, vieraskyn\u00e4kirjoitukset, somejulkaisut yms.<\/label><\/li><li class=\"choice-2 depth-1\"><input type=\"radio\" id=\"wpforms-1427-field_5_2\" name=\"wpforms[fields][5]\" value=\"Pidempiaikainen vapaaehtoisty\u00f6, kuten someviestint\u00e4, tapahtumat, projektit tai jokin muu vastuualue\" required ><label class=\"wpforms-field-label-inline\" for=\"wpforms-1427-field_5_2\">Pidempiaikainen vapaaehtoisty\u00f6, kuten someviestint\u00e4, tapahtumat, projektit tai jokin muu vastuualue<\/label><\/li><\/ul><\/div><div id=\"wpforms-1427-field_10-container\" class=\"wpforms-field wpforms-field-textarea\" data-field-id=\"10\"><label class=\"wpforms-field-label\" for=\"wpforms-1427-field_10\">Miksi olet kiinnostunut vapaaehtoistoimintasta VALVE ry:ss\u00e4? <span class=\"wpforms-required-label\">*<\/span><\/label><textarea id=\"wpforms-1427-field_10\" class=\"wpforms-field-medium wpforms-field-required\" name=\"wpforms[fields][10]\" required><\/textarea><\/div><div id=\"wpforms-1427-field_17-container\" class=\"wpforms-field wpforms-field-textarea\" data-field-id=\"17\"><label class=\"wpforms-field-label\" for=\"wpforms-1427-field_17\">Mahdollinen aiempi kokemus vapaaehtoisty\u00f6st\u00e4 ja\/tai muusta luottamustoimesta<\/label><textarea id=\"wpforms-1427-field_17\" class=\"wpforms-field-medium\" name=\"wpforms[fields][17]\" ><\/textarea><\/div><div id=\"wpforms-1427-field_4-container\" class=\"wpforms-field wpforms-field-text\" data-field-id=\"4\"><label class=\"wpforms-field-label\" for=\"wpforms-1427-field_4\">Arvio, kuinka paljon sinulla olisi aikaa vapaaehtoisty\u00f6lle t\u00e4ll\u00e4 hetkell\u00e4  <span class=\"wpforms-required-label\">*<\/span><\/label><input type=\"text\" id=\"wpforms-1427-field_4\" class=\"wpforms-field-medium wpforms-field-required\" name=\"wpforms[fields][4]\" required><\/div><div id=\"wpforms-1427-field_14-container\" class=\"wpforms-field wpforms-field-radio\" data-field-id=\"14\"><label class=\"wpforms-field-label\">Mist\u00e4 kuulit yhdistyksest\u00e4mme? <span class=\"wpforms-required-label\">*<\/span><\/label><ul id=\"wpforms-1427-field_14\" class=\"wpforms-field-required\"><li class=\"choice-1 depth-1\"><input type=\"radio\" id=\"wpforms-1427-field_14_1\" name=\"wpforms[fields][14]\" value=\"Tuttavalta\/kollegalta\" required ><label class=\"wpforms-field-label-inline\" for=\"wpforms-1427-field_14_1\">Tuttavalta\/kollegalta<\/label><\/li><li class=\"choice-5 depth-1\"><input type=\"radio\" id=\"wpforms-1427-field_14_5\" name=\"wpforms[fields][14]\" value=\"Kotisivuiltamme\" required ><label class=\"wpforms-field-label-inline\" for=\"wpforms-1427-field_14_5\">Kotisivuiltamme<\/label><\/li><li class=\"choice-2 depth-1\"><input type=\"radio\" id=\"wpforms-1427-field_14_2\" name=\"wpforms[fields][14]\" value=\"Instagramista\" required ><label class=\"wpforms-field-label-inline\" for=\"wpforms-1427-field_14_2\">Instagramista<\/label><\/li><li class=\"choice-3 depth-1\"><input type=\"radio\" id=\"wpforms-1427-field_14_3\" name=\"wpforms[fields][14]\" value=\"Facebookista\" required ><label class=\"wpforms-field-label-inline\" for=\"wpforms-1427-field_14_3\">Facebookista<\/label><\/li><li class=\"choice-4 depth-1\"><input type=\"radio\" id=\"wpforms-1427-field_14_4\" name=\"wpforms[fields][14]\" value=\"Jostain muualta\" required ><label class=\"wpforms-field-label-inline\" for=\"wpforms-1427-field_14_4\">Jostain muualta<\/label><\/li><\/ul><\/div><div id=\"wpforms-1427-field_15-container\" class=\"wpforms-field wpforms-field-text\" data-field-id=\"15\"><label class=\"wpforms-field-label\" for=\"wpforms-1427-field_15\">Kutsumme vapaaehtoisteht\u00e4vist\u00e4 kiinnostuneen et\u00e4haastatteluun.  Mitk\u00e4 ajat haastattelulle k\u00e4y sinulle parhaiten? (max 1h ja ma-pe) <span class=\"wpforms-required-label\">*<\/span><\/label><input type=\"text\" id=\"wpforms-1427-field_15\" class=\"wpforms-field-medium wpforms-field-required\" name=\"wpforms[fields][15]\" required><\/div><div id=\"wpforms-1427-field_16-container\" class=\"wpforms-field wpforms-field-textarea\" data-field-id=\"16\"><label class=\"wpforms-field-label\" for=\"wpforms-1427-field_16\">Muita toiveita tai huomioita meille, kiitos!<\/label><textarea id=\"wpforms-1427-field_16\" class=\"wpforms-field-medium\" name=\"wpforms[fields][16]\" ><\/textarea><\/div><div id=\"wpforms-1427-field_13-container\" class=\"wpforms-field wpforms-field-checkbox\" data-field-id=\"13\"><ul id=\"wpforms-1427-field_13\" class=\"wpforms-field-required\"><li class=\"choice-1 depth-1\"><input type=\"checkbox\" id=\"wpforms-1427-field_13_1\" name=\"wpforms[fields][13][]\" value=\"Hyv\u00e4ksyn, ett\u00e4 antamani tiedot tallennetaan VALVE ry:n s\u00e4hk\u00f6iseen j\u00e4senrekisteriin. (GDPR-hyv\u00e4ksynt\u00e4).\" required ><label class=\"wpforms-field-label-inline\" for=\"wpforms-1427-field_13_1\">Hyv\u00e4ksyn, ett\u00e4 antamani tiedot tallennetaan VALVE ry:n s\u00e4hk\u00f6iseen j\u00e4senrekisteriin. (GDPR-hyv\u00e4ksynt\u00e4).<\/label><\/li><li class=\"choice-2 depth-1\"><input type=\"checkbox\" id=\"wpforms-1427-field_13_2\" name=\"wpforms[fields][13][]\" value=\"Olen tutustunut ja sitoudun turvallisemman tilan periaatteisiin sek\u00e4 hyv\u00e4ksyn yhdistyksen s\u00e4\u00e4nn\u00f6t ja arvoperustan (ks. Tietoa yhdistyksest\u00e4).\" required ><label class=\"wpforms-field-label-inline\" for=\"wpforms-1427-field_13_2\">Olen tutustunut ja sitoudun turvallisemman tilan periaatteisiin sek\u00e4 hyv\u00e4ksyn yhdistyksen s\u00e4\u00e4nn\u00f6t ja arvoperustan (ks. Tietoa yhdistyksest\u00e4).<\/label><\/li><li class=\"choice-4 depth-1\"><input type=\"checkbox\" id=\"wpforms-1427-field_13_4\" name=\"wpforms[fields][13][]\" value=\"Haluan liitty\u00e4 VALVE ry:n j\u00e4seneksi.\" required ><label class=\"wpforms-field-label-inline\" for=\"wpforms-1427-field_13_4\">Haluan liitty\u00e4 VALVE ry:n j\u00e4seneksi.<\/label><\/li><\/ul><\/div><\/div><!-- .wpforms-field-container --><div class=\"wpforms-submit-container\" ><input type=\"hidden\" name=\"wpforms[id]\" value=\"1427\"><input type=\"hidden\" name=\"page_title\" value=\"\"><input type=\"hidden\" name=\"page_url\" value=\"https:\/\/valvery.fi\/index.php\/wp-json\/wp\/v2\/pages\/1436\"><input type=\"hidden\" name=\"url_referer\" value=\"\"><button type=\"submit\" name=\"wpforms[submit]\" id=\"wpforms-submit-1427\" class=\"wpforms-submit\" data-alt-text=\"L\u00e4hetet\u00e4\u00e4n...\" data-submit-text=\"L\u00e4het\u00e4\" aria-live=\"assertive\" value=\"wpforms-submit\">L\u00e4het\u00e4<\/button><img loading=\"lazy\" decoding=\"async\" src=\"https:\/\/valvery.fi\/wp-content\/plugins\/wpforms-lite\/assets\/images\/submit-spin.svg\" class=\"wpforms-submit-spinner\" style=\"display: none;\" width=\"26\" height=\"26\" alt=\"Loading\"><\/div><\/form><\/div>  <!-- .wpforms-container -->","protected":false},"excerpt":{"rendered":"<p>VALVE ry:n toiminta ei py\u00f6ri ilman vapaaehtoisia, joten jokaisen panos toimintaamme on ensisijaisen t\u00e4rke\u00e4\u00e4. Jokainen vapaaehtoinen saa perehdytyksen sek\u00e4 tukea VALVE ry:n hallitukselta. Etsimme niin satunnais- ja t\u00e4sm\u00e4apua kuin pidempiaikaista vapaaehtoisty\u00f6t\u00e4 tekevi\u00e4 henkil\u00f6it\u00e4 etenkin viestint\u00e4\u00e4n ja tapahtumien j\u00e4rjest\u00e4miseen, mutta my\u00f6s muuhun sis\u00e4ll\u00f6ntuotantoon (ml. verkkosivut). Vapaaehtoisena sinulla on my\u00f6s mahdollisuus halutessasi vaikuttaa j\u00e4rjest\u00f6n kehitt\u00e4miseen ja mm. j\u00e4sentoiminnan ideoimiseen j\u00e4rjest\u00e4m\u00e4ll\u00e4 paikallista toimintaa yhdistyksen nimiss\u00e4 (t\u00e4h\u00e4n tosin toivomme selkeit\u00e4 n\u00e4ytt\u00f6j\u00e4 seksuaalikasvatuksen tai esimerkiksi seksologian parista). Isompiin projekteihin liittyvist\u00e4 vapaaehtoishauista tiedotamme erikseen somekanavissamme ja vapaaehtoisten s\u00e4hk\u00f6postilistalla. Halutessasi voit my\u00f6s itse ehdottaa vapaaehtoisuuden muotoa, jos t\u00e4ss\u00e4 mainitut v\u00e4yl\u00e4t eiv\u00e4t vastaa tarpeitasi tai toiveitasi. Haastattelemme kaikki vapaaehtoiset, jotta pystymme varmentamaan yhdistyksen arvojen mukaisen toiminnan. Haastattelu on kuitenkin rento tilaisuus, jonka tavoitteena on my\u00f6s kuulla sinusta lis\u00e4\u00e4 sek\u00e4 selvitt\u00e4\u00e4 tarpeitasi ja toiveitasi vapaaehtoisuuden suhteen. Yhdistyksen j\u00e4senyys ei ole vapaaehtoisuuksissamme pakollista, mutta toivottavaa, koska se on konkreettinen tuen osoitus toiminnallemme. Emme vaadi vapaaehtoisiltamme seksuaalikasvatuksellista tai seksologista taustaa, mutta edellyt\u00e4mme kaikilta vapaaehtoisiltamme arvoihimme ja turvallisemman tilan periaatteisiin sitoutumista. Varaudu siis tarvittaessa vastaamaan tarkentaviin kysymyksiin my\u00f6s lyhytaikaisemmissa vapaaehtoisuuksissa, jos et ole jo yhdistyksen j\u00e4sen ja viel\u00e4 allekirjoittanut em. asioita. Onko siis kokonaisvaltainen seksuaalikasvatus ja verkostoituminen intohimosi? Ent\u00e4 haluatko olla osa yhdistyst\u00e4, joka pyrkii seksuaalikasvatuksen kehitt\u00e4miseen paikallisesti ja valtakunnallisesti? T\u00e4yt\u00e4 alta l\u00f6ytyv\u00e4 vapaaehtoislomake tai laita suoraan viesti\u00e4 vapaaehtoisvastaava Henriika Saloselle (henriika.salonen@valvery.fi), niin katsotaan juuri sinulle sopiva vapaaehtoisrooli! Hakulomake vapaaehtoiseksi<\/p>\n","protected":false},"author":1,"featured_media":0,"parent":56,"menu_order":2,"comment_status":"closed","ping_status":"closed","template":"","meta":{"footnotes":""},"class_list":["post-1436","page","type-page","status-publish","hentry"],"jetpack_sharing_enabled":true,"_links":{"self":[{"href":"https:\/\/valvery.fi\/index.php\/wp-json\/wp\/v2\/pages\/1436","targetHints":{"allow":["GET"]}}],"collection":[{"href":"https:\/\/valvery.fi\/index.php\/wp-json\/wp\/v2\/pages"}],"about":[{"href":"https:\/\/valvery.fi\/index.php\/wp-json\/wp\/v2\/types\/page"}],"author":[{"embeddable":true,"href":"https:\/\/valvery.fi\/index.php\/wp-json\/wp\/v2\/users\/1"}],"replies":[{"embeddable":true,"href":"https:\/\/valvery.fi\/index.php\/wp-json\/wp\/v2\/comments?post=1436"}],"version-history":[{"count":16,"href":"https:\/\/valvery.fi\/index.php\/wp-json\/wp\/v2\/pages\/1436\/revisions"}],"predecessor-version":[{"id":3087,"href":"https:\/\/valvery.fi\/index.php\/wp-json\/wp\/v2\/pages\/1436\/revisions\/3087"}],"up":[{"embeddable":true,"href":"https:\/\/valvery.fi\/index.php\/wp-json\/wp\/v2\/pages\/56"}],"wp:attachment":[{"href":"https:\/\/valvery.fi\/index.php\/wp-json\/wp\/v2\/media?parent=1436"}],"curies":[{"name":"wp","href":"https:\/\/api.w.org\/{rel}","templated":true}]}}