{"id":1156,"date":"2023-10-18T19:47:36","date_gmt":"2023-10-18T19:47:36","guid":{"rendered":"https:\/\/valvery.fi\/?page_id=1156"},"modified":"2026-02-02T22:35:42","modified_gmt":"2026-02-02T22:35:42","slug":"hairintayhteydenotto","status":"publish","type":"page","link":"https:\/\/valvery.fi\/index.php\/hairintayhteydenotto\/","title":{"rendered":"H\u00e4irint\u00e4yhteydenotto"},"content":{"rendered":"\n<p class=\"has-text-align-center\">Ainoastaan h\u00e4irint\u00e4yhdyshenkil\u00f6t lukevat h\u00e4irint\u00e4yhteyslomakkeen kautta l\u00e4hetetyt tiedot. He ovat yhteydess\u00e4 h\u00e4irinn\u00e4st\u00e4 ilmoittaneeseen henkil\u00f6\u00f6n, jos yhteydenottoa on toivottu. Sopivia jatkotoimenpiteit\u00e4 harkitaan yhteydenoton perusteella ja yhteytt\u00e4 ottaneen henkil\u00f6n suostumuksella. L\u00f6yd\u00e4t h\u00e4irint\u00e4yhdyshenkil\u00f6iden suorat yhteystiedot <a href=\"https:\/\/valvery.fi\/index.php\/muut-yhteystiedot\/\" data-type=\"page\" data-id=\"2955\">t\u00e4\u00e4lt\u00e4<\/a>.<\/p>\n\n\n<div class=\"wpforms-container wpforms-container-full wpforms-block wpforms-block-cdc8696f-c460-47f3-9818-3ae2a8e6f0ff\" id=\"wpforms-1148\"><form id=\"wpforms-form-1148\" class=\"wpforms-validate wpforms-form wpforms-ajax-form\" data-formid=\"1148\" method=\"post\" enctype=\"multipart\/form-data\" action=\"\/index.php\/wp-json\/wp\/v2\/pages\/1156\" data-token=\"99bd1a9160b20bf9299032a040dc998a\" data-token-time=\"1775254516\"><noscript class=\"wpforms-error-noscript\">Please enable JavaScript in your browser to complete this form.<\/noscript><div class=\"wpforms-field-container\"><div id=\"wpforms-1148-field_6-container\" class=\"wpforms-field wpforms-field-text\" data-field-id=\"6\"><label class=\"wpforms-field-label\" for=\"wpforms-1148-field_6\">Nimi (oma tai anonyymi) <span class=\"wpforms-required-label\">*<\/span><\/label><input type=\"text\" id=\"wpforms-1148-field_6\" class=\"wpforms-field-medium wpforms-field-required\" name=\"wpforms[fields][6]\" required><\/div><div id=\"wpforms-1148-field_1-container\" class=\"wpforms-field wpforms-field-email\" data-field-id=\"1\"><label class=\"wpforms-field-label\" for=\"wpforms-1148-field_1\">S\u00e4hk\u00f6posti<\/label><input type=\"email\" id=\"wpforms-1148-field_1\" class=\"wpforms-field-medium\" name=\"wpforms[fields][1]\" spellcheck=\"false\" ><\/div><div id=\"wpforms-1148-field_12-container\" class=\"wpforms-field wpforms-field-text\" data-field-id=\"12\"><label class=\"wpforms-field-label\" for=\"wpforms-1148-field_12\">Tilaisuus, jota yhteydenotto koskee<\/label><input type=\"text\" id=\"wpforms-1148-field_12\" class=\"wpforms-field-medium\" name=\"wpforms[fields][12]\" ><\/div><div id=\"wpforms-1148-field_8-container\" class=\"wpforms-field wpforms-field-textarea\" data-field-id=\"8\"><label class=\"wpforms-field-label\" for=\"wpforms-1148-field_8\">Mahdollisimman tarkka kuvaus tilanteesta. Miten, milloin ja kenen\/keiden taholta h\u00e4irint\u00e4\u00e4 ilmeni? <span class=\"wpforms-required-label\">*<\/span><\/label><textarea id=\"wpforms-1148-field_8\" class=\"wpforms-field-large wpforms-field-required\" name=\"wpforms[fields][8]\" required><\/textarea><\/div><\/div><!-- .wpforms-field-container --><div class=\"wpforms-submit-container\" ><input type=\"hidden\" name=\"wpforms[id]\" value=\"1148\"><input type=\"hidden\" name=\"page_title\" value=\"\"><input type=\"hidden\" name=\"page_url\" value=\"https:\/\/valvery.fi\/index.php\/wp-json\/wp\/v2\/pages\/1156\"><input type=\"hidden\" name=\"url_referer\" value=\"\"><button type=\"submit\" name=\"wpforms[submit]\" id=\"wpforms-submit-1148\" class=\"wpforms-submit\" data-alt-text=\"L\u00e4hetet\u00e4\u00e4n...\" data-submit-text=\"L\u00e4het\u00e4\" aria-live=\"assertive\" value=\"wpforms-submit\">L\u00e4het\u00e4<\/button><img loading=\"lazy\" decoding=\"async\" src=\"https:\/\/valvery.fi\/wp-content\/plugins\/wpforms-lite\/assets\/images\/submit-spin.svg\" class=\"wpforms-submit-spinner\" style=\"display: none;\" width=\"26\" height=\"26\" alt=\"Loading\"><\/div><\/form><\/div>  <!-- .wpforms-container -->","protected":false},"excerpt":{"rendered":"<p>Ainoastaan h\u00e4irint\u00e4yhdyshenkil\u00f6t lukevat h\u00e4irint\u00e4yhteyslomakkeen kautta l\u00e4hetetyt tiedot. He ovat yhteydess\u00e4 h\u00e4irinn\u00e4st\u00e4 ilmoittaneeseen henkil\u00f6\u00f6n, jos yhteydenottoa on toivottu. Sopivia jatkotoimenpiteit\u00e4 harkitaan yhteydenoton perusteella ja yhteytt\u00e4 ottaneen henkil\u00f6n suostumuksella. L\u00f6yd\u00e4t h\u00e4irint\u00e4yhdyshenkil\u00f6iden suorat yhteystiedot t\u00e4\u00e4lt\u00e4.<\/p>\n","protected":false},"author":1,"featured_media":0,"parent":0,"menu_order":1,"comment_status":"closed","ping_status":"closed","template":"","meta":{"footnotes":""},"class_list":["post-1156","page","type-page","status-publish","hentry"],"jetpack_sharing_enabled":true,"_links":{"self":[{"href":"https:\/\/valvery.fi\/index.php\/wp-json\/wp\/v2\/pages\/1156","targetHints":{"allow":["GET"]}}],"collection":[{"href":"https:\/\/valvery.fi\/index.php\/wp-json\/wp\/v2\/pages"}],"about":[{"href":"https:\/\/valvery.fi\/index.php\/wp-json\/wp\/v2\/types\/page"}],"author":[{"embeddable":true,"href":"https:\/\/valvery.fi\/index.php\/wp-json\/wp\/v2\/users\/1"}],"replies":[{"embeddable":true,"href":"https:\/\/valvery.fi\/index.php\/wp-json\/wp\/v2\/comments?post=1156"}],"version-history":[{"count":5,"href":"https:\/\/valvery.fi\/index.php\/wp-json\/wp\/v2\/pages\/1156\/revisions"}],"predecessor-version":[{"id":2977,"href":"https:\/\/valvery.fi\/index.php\/wp-json\/wp\/v2\/pages\/1156\/revisions\/2977"}],"wp:attachment":[{"href":"https:\/\/valvery.fi\/index.php\/wp-json\/wp\/v2\/media?parent=1156"}],"curies":[{"name":"wp","href":"https:\/\/api.w.org\/{rel}","templated":true}]}}